{"id":9104,"date":"2023-03-21T20:00:20","date_gmt":"2023-03-21T20:00:20","guid":{"rendered":"http:\/\/bioplagas.srtv.cl\/?page_id=9104"},"modified":"2025-06-30T15:54:40","modified_gmt":"2025-06-30T18:54:40","slug":"sobre-nosotros","status":"publish","type":"page","link":"https:\/\/eval.cl\/index.php\/sobre-nosotros\/","title":{"rendered":"SOBRE NOSOTROS"},"content":{"rendered":"<section class=\"l-section wpb_row height_auto\"><div class=\"l-section-h i-cf\"><div class=\"g-cols vc_row via_flex valign_top type_default stacking_default\"><div class=\"vc_col-sm-12 wpb_column vc_column_container\"><div class=\"vc_column-inner\"><div class=\"wpb_wrapper\"><\/div><\/div><\/div><\/div><\/div><\/section><section class=\"l-section wpb_row height_custom\"><div class=\"l-section-h i-cf\"><div class=\"g-cols vc_row via_flex valign_top type_default stacking_default\"><div class=\"vc_col-sm-6 wpb_column vc_column_container\"><div class=\"vc_column-inner\"><div class=\"wpb_wrapper\"><div class=\"w-image us_custom_91475954 align_none\"><div class=\"w-image-h\"><img decoding=\"async\" width=\"1024\" height=\"768\" data-src=\"https:\/\/eval.cl\/wp-content\/uploads\/2024\/09\/IMG_20210507_124710-1024x768.jpg\" class=\"attachment-large size-large lazyload\" alt=\"\" loading=\"lazy\" data-srcset=\"https:\/\/eval.cl\/wp-content\/uploads\/2024\/09\/IMG_20210507_124710-1024x768.jpg 1024w, https:\/\/eval.cl\/wp-content\/uploads\/2024\/09\/IMG_20210507_124710-300x225.jpg 300w, https:\/\/eval.cl\/wp-content\/uploads\/2024\/09\/IMG_20210507_124710-1536x1152.jpg 1536w, https:\/\/eval.cl\/wp-content\/uploads\/2024\/09\/IMG_20210507_124710-600x450.jpg 600w\" data-sizes=\"(max-width: 1024px) 100vw, 1024px\" src=\"data:image\/gif;base64,R0lGODlhAQABAAAAACH5BAEKAAEALAAAAAABAAEAAAICTAEAOw==\" style=\"--smush-placeholder-width: 1024px; --smush-placeholder-aspect-ratio: 1024\/768;\" \/><noscript><img decoding=\"async\" width=\"1024\" height=\"768\" src=\"https:\/\/eval.cl\/wp-content\/uploads\/2024\/09\/IMG_20210507_124710-1024x768.jpg\" class=\"attachment-large size-large\" alt=\"\" loading=\"lazy\" srcset=\"https:\/\/eval.cl\/wp-content\/uploads\/2024\/09\/IMG_20210507_124710-1024x768.jpg 1024w, https:\/\/eval.cl\/wp-content\/uploads\/2024\/09\/IMG_20210507_124710-300x225.jpg 300w, https:\/\/eval.cl\/wp-content\/uploads\/2024\/09\/IMG_20210507_124710-1536x1152.jpg 1536w, https:\/\/eval.cl\/wp-content\/uploads\/2024\/09\/IMG_20210507_124710-600x450.jpg 600w\" sizes=\"(max-width: 1024px) 100vw, 1024px\" \/><\/noscript><\/div><\/div><\/div><\/div><\/div><div class=\"vc_col-sm-6 wpb_column vc_column_container\"><div class=\"vc_column-inner\"><div class=\"wpb_wrapper\"><div class=\"w-separator size_huge\"><\/div><div class=\"wpb_text_column us_custom_3391de6f has_text_color us_animate_this\"><div class=\"wpb_wrapper\"><p><strong style=\"color: #35584c;\">NUESTRA<\/strong>\u00a0EMPRESA<\/p>\n<\/div><\/div><div class=\"w-separator size_medium\"><\/div><div class=\"wpb_text_column us_custom_0015bf28 has_text_color us_animate_this\"><div class=\"wpb_wrapper\"><p><b>EVAL<\/b>\u00a0es una empresa dedicada a la Fabricaci\u00f3n de Puentes Gr\u00faa de 1 a 100 Toneladas, Venta de repuestos, Automatizaciones, Modernizaciones y Accesorios para equipos de elevaci\u00f3n como Yugos Simples y con ElectroIman para elevaci\u00f3n de planchas de acero, tornamesa para rotaci\u00f3n de cargas, Garras Hidr\u00e1ulicas. Nuestra misi\u00f3n es mantener puentes gr\u00faas operativos al 100% y adem\u00e1s proveer los repuestos e insumos necesarios para su total operatividad.<\/p>\n<\/div><\/div><\/div><\/div><\/div><\/div><\/div><\/section><section class=\"l-section wpb_row us_custom_142ff3ee height_auto width_full\"><div class=\"l-section-h i-cf\"><div class=\"g-cols vc_row via_flex valign_top type_default stacking_default\"><div class=\"vc_col-sm-6 wpb_column vc_column_container\"><div class=\"vc_column-inner\"><div class=\"wpb_wrapper\"><div class=\"w-image us_custom_53f909d4 Objetivo us_animate_this align_right\"><div class=\"w-image-h\"><img decoding=\"async\" width=\"1024\" height=\"1024\" data-src=\"https:\/\/eval.cl\/wp-content\/uploads\/2024\/06\/REDISE\u00a5O-EVAL-19-1024x1024.png\" class=\"attachment-large size-large lazyload\" alt=\"\" loading=\"lazy\" data-srcset=\"https:\/\/eval.cl\/wp-content\/uploads\/2024\/06\/REDISE\u00a5O-EVAL-19-1024x1024.png 1024w, https:\/\/eval.cl\/wp-content\/uploads\/2024\/06\/REDISE\u00a5O-EVAL-19-300x300.png 300w, https:\/\/eval.cl\/wp-content\/uploads\/2024\/06\/REDISE\u00a5O-EVAL-19-150x150.png 150w, https:\/\/eval.cl\/wp-content\/uploads\/2024\/06\/REDISE\u00a5O-EVAL-19-600x600.png 600w, https:\/\/eval.cl\/wp-content\/uploads\/2024\/06\/REDISE\u00a5O-EVAL-19.png 1456w\" data-sizes=\"(max-width: 1024px) 100vw, 1024px\" src=\"data:image\/gif;base64,R0lGODlhAQABAAAAACH5BAEKAAEALAAAAAABAAEAAAICTAEAOw==\" style=\"--smush-placeholder-width: 1024px; --smush-placeholder-aspect-ratio: 1024\/1024;\" \/><noscript><img decoding=\"async\" width=\"1024\" height=\"1024\" src=\"https:\/\/eval.cl\/wp-content\/uploads\/2024\/06\/REDISE\u00a5O-EVAL-19-1024x1024.png\" class=\"attachment-large size-large\" alt=\"\" loading=\"lazy\" srcset=\"https:\/\/eval.cl\/wp-content\/uploads\/2024\/06\/REDISE\u00a5O-EVAL-19-1024x1024.png 1024w, https:\/\/eval.cl\/wp-content\/uploads\/2024\/06\/REDISE\u00a5O-EVAL-19-300x300.png 300w, https:\/\/eval.cl\/wp-content\/uploads\/2024\/06\/REDISE\u00a5O-EVAL-19-150x150.png 150w, https:\/\/eval.cl\/wp-content\/uploads\/2024\/06\/REDISE\u00a5O-EVAL-19-600x600.png 600w, https:\/\/eval.cl\/wp-content\/uploads\/2024\/06\/REDISE\u00a5O-EVAL-19.png 1456w\" sizes=\"(max-width: 1024px) 100vw, 1024px\" \/><\/noscript><\/div><\/div><\/div><\/div><\/div><div class=\"vc_col-sm-6 wpb_column vc_column_container\"><div class=\"vc_column-inner\"><div class=\"wpb_wrapper\"><div class=\"wpb_text_column us_custom_3c986c6e has_text_color\"><div class=\"wpb_wrapper\"><p><strong style=\"color: #35584c;\">NUESTRO<\/strong> OBJETIVO<\/p>\n<\/div><\/div><div class=\"wpb_text_column us_custom_603989d8 has_text_color\"><div class=\"wpb_wrapper\"><p>Es entregar un servicio personalizado y altamente especializado en los requerimientos en el \u00e1rea de Puentes Gr\u00faa, buscando la satisfacci\u00f3n total del cliente siempre.<\/p>\n<\/div><\/div><\/div><\/div><\/div><\/div><\/div><\/section><section class=\"l-section wpb_row height_custom\"><div class=\"l-section-h i-cf\"><div class=\"g-cols vc_row via_flex valign_top type_default stacking_default\"><div class=\"vc_col-sm-6 wpb_column vc_column_container\"><div class=\"vc_column-inner\"><div class=\"wpb_wrapper\"><div class=\"w-ibanner us_custom_92051660 has_text_color animation_aidos ratio_2x1 easing_ease\"><div class=\"w-ibanner-h\"><div class=\"w-ibanner-image lazyload\" style=\"background-image:inherit\" data-bg-image=\"url(https:\/\/eval.cl\/wp-content\/uploads\/2024\/09\/Puente-grua-EVAL-5-ton.jpg)\"><\/div><div class=\"w-ibanner-content\"><div class=\"w-ibanner-content-h\"><h2 class=\"w-ibanner-title\" style=\"font-size:18px;\">MISI\u00d3N<\/h2><div class=\"w-ibanner-desc\"><p>Posicionarnos como empresa l\u00edder en el rubro, por la calidad de nuestros equipos de reconocida confianza y un excelente prestigio establecido.<\/p>\n<\/div><\/div><\/div><\/div><\/div><\/div><\/div><\/div><div class=\"vc_col-sm-6 wpb_column vc_column_container\"><div class=\"vc_column-inner\"><div class=\"wpb_wrapper\"><div class=\"w-ibanner us_custom_92051660 has_text_color animation_aidos ratio_2x1 easing_ease\"><div class=\"w-ibanner-h\"><div class=\"w-ibanner-image lazyload\" style=\"background-image:inherit\" data-bg-image=\"url(https:\/\/eval.cl\/wp-content\/uploads\/2024\/09\/IMG_20211009_170917-1-1024x768.jpg)\"><\/div><div class=\"w-ibanner-content\"><div class=\"w-ibanner-content-h\"><h2 class=\"w-ibanner-title\" style=\"font-size:18px;\">VISI\u00d3N<\/h2><div class=\"w-ibanner-desc\"><p>\u201cSomos una empresa dedicada a la venta, instalaci\u00f3n y mantenimiento de puentes gr\u00faa integrada por personal comprometidos con sus clientes, comprometidos con la calidad y satisfacci\u00f3n de las necesidades seg\u00fan los requerimientos\u201d<\/p>\n<\/div><\/div><\/div><\/div><\/div><\/div><\/div><\/div><\/div><\/div><\/section><section class=\"l-section wpb_row height_custom\"><div class=\"l-section-h i-cf\"><div class=\"g-cols vc_row via_flex valign_top type_default stacking_default\"><div class=\"vc_col-sm-12 wpb_column vc_column_container\"><div class=\"vc_column-inner\"><div class=\"wpb_wrapper\"><div class=\"w-separator size_small\"><\/div><\/div><\/div><\/div><\/div><\/div><\/section>\n","protected":false},"excerpt":{"rendered":"NUESTRA\u00a0EMPRESA EVAL\u00a0es una empresa dedicada a la Fabricaci\u00f3n de Puentes Gr\u00faa de 1 a 100 Toneladas, Venta de repuestos, Automatizaciones, Modernizaciones y Accesorios para equipos de elevaci\u00f3n como Yugos Simples y con ElectroIman para elevaci\u00f3n de planchas de acero, tornamesa para rotaci\u00f3n de cargas, Garras Hidr\u00e1ulicas. Nuestra misi\u00f3n es mantener puentes gr\u00faas operativos al 100%...","protected":false},"author":3,"featured_media":0,"parent":0,"menu_order":0,"comment_status":"closed","ping_status":"closed","template":"","meta":{"footnotes":""},"class_list":["post-9104","page","type-page","status-publish","hentry"],"yoast_head":"<!-- This site is optimized with the Yoast SEO plugin v23.8 - https:\/\/yoast.com\/wordpress\/plugins\/seo\/ -->\n<title>SOBRE NOSOTROS - Eval<\/title>\n<meta name=\"robots\" content=\"index, follow, max-snippet:-1, max-image-preview:large, max-video-preview:-1\" \/>\n<link rel=\"canonical\" href=\"https:\/\/eval.cl\/index.php\/sobre-nosotros\/\" \/>\n<meta property=\"og:locale\" content=\"es_ES\" \/>\n<meta property=\"og:type\" content=\"article\" \/>\n<meta property=\"og:title\" content=\"SOBRE NOSOTROS - Eval\" \/>\n<meta property=\"og:url\" content=\"https:\/\/eval.cl\/index.php\/sobre-nosotros\/\" \/>\n<meta property=\"og:site_name\" content=\"Eval\" \/>\n<meta property=\"article:modified_time\" content=\"2025-06-30T18:54:40+00:00\" \/>\n<meta name=\"twitter:card\" content=\"summary_large_image\" \/>\n<meta name=\"twitter:label1\" content=\"Tiempo de lectura\" \/>\n\t<meta name=\"twitter:data1\" content=\"1 minuto\" \/>\n<script type=\"application\/ld+json\" class=\"yoast-schema-graph\">{\"@context\":\"https:\/\/schema.org\",\"@graph\":[{\"@type\":\"WebPage\",\"@id\":\"https:\/\/eval.cl\/index.php\/sobre-nosotros\/\",\"url\":\"https:\/\/eval.cl\/index.php\/sobre-nosotros\/\",\"name\":\"SOBRE NOSOTROS - Eval\",\"isPartOf\":{\"@id\":\"https:\/\/eval.cl\/#website\"},\"datePublished\":\"2023-03-21T20:00:20+00:00\",\"dateModified\":\"2025-06-30T18:54:40+00:00\",\"breadcrumb\":{\"@id\":\"https:\/\/eval.cl\/index.php\/sobre-nosotros\/#breadcrumb\"},\"inLanguage\":\"es\",\"potentialAction\":[{\"@type\":\"ReadAction\",\"target\":[\"https:\/\/eval.cl\/index.php\/sobre-nosotros\/\"]}]},{\"@type\":\"BreadcrumbList\",\"@id\":\"https:\/\/eval.cl\/index.php\/sobre-nosotros\/#breadcrumb\",\"itemListElement\":[{\"@type\":\"ListItem\",\"position\":1,\"name\":\"Portada\",\"item\":\"https:\/\/eval.cl\/\"},{\"@type\":\"ListItem\",\"position\":2,\"name\":\"SOBRE NOSOTROS\"}]},{\"@type\":\"WebSite\",\"@id\":\"https:\/\/eval.cl\/#website\",\"url\":\"https:\/\/eval.cl\/\",\"name\":\"Eval\",\"description\":\"Puente Gr\u00faa, Gr\u00faa Viajera, Fabricaci\u00f3n de Puente Gr\u00faa, Instalaci\u00f3n de Puente Gr\u00faa, Gr\u00faa Portal, Gr\u00faa P\u00f3rtico con Neum\u00e1ticos, Gr\u00faa Puerto RTG, Repuestos y Accesorios\",\"publisher\":{\"@id\":\"https:\/\/eval.cl\/#organization\"},\"potentialAction\":[{\"@type\":\"SearchAction\",\"target\":{\"@type\":\"EntryPoint\",\"urlTemplate\":\"https:\/\/eval.cl\/?s={search_term_string}\"},\"query-input\":{\"@type\":\"PropertyValueSpecification\",\"valueRequired\":true,\"valueName\":\"search_term_string\"}}],\"inLanguage\":\"es\"},{\"@type\":\"Organization\",\"@id\":\"https:\/\/eval.cl\/#organization\",\"name\":\"Eval\",\"url\":\"https:\/\/eval.cl\/\",\"logo\":{\"@type\":\"ImageObject\",\"inLanguage\":\"es\",\"@id\":\"https:\/\/eval.cl\/#\/schema\/logo\/image\/\",\"url\":\"https:\/\/eval.cl\/wp-content\/uploads\/2017\/07\/REDISENO-EVAL-04.webp\",\"contentUrl\":\"https:\/\/eval.cl\/wp-content\/uploads\/2017\/07\/REDISENO-EVAL-04.webp\",\"width\":160,\"height\":83,\"caption\":\"Eval\"},\"image\":{\"@id\":\"https:\/\/eval.cl\/#\/schema\/logo\/image\/\"}}]}<\/script>\n<!-- \/ Yoast SEO plugin. -->","yoast_head_json":{"title":"SOBRE NOSOTROS - Eval","robots":{"index":"index","follow":"follow","max-snippet":"max-snippet:-1","max-image-preview":"max-image-preview:large","max-video-preview":"max-video-preview:-1"},"canonical":"https:\/\/eval.cl\/index.php\/sobre-nosotros\/","og_locale":"es_ES","og_type":"article","og_title":"SOBRE NOSOTROS - Eval","og_url":"https:\/\/eval.cl\/index.php\/sobre-nosotros\/","og_site_name":"Eval","article_modified_time":"2025-06-30T18:54:40+00:00","twitter_card":"summary_large_image","twitter_misc":{"Tiempo de lectura":"1 minuto"},"schema":{"@context":"https:\/\/schema.org","@graph":[{"@type":"WebPage","@id":"https:\/\/eval.cl\/index.php\/sobre-nosotros\/","url":"https:\/\/eval.cl\/index.php\/sobre-nosotros\/","name":"SOBRE NOSOTROS - Eval","isPartOf":{"@id":"https:\/\/eval.cl\/#website"},"datePublished":"2023-03-21T20:00:20+00:00","dateModified":"2025-06-30T18:54:40+00:00","breadcrumb":{"@id":"https:\/\/eval.cl\/index.php\/sobre-nosotros\/#breadcrumb"},"inLanguage":"es","potentialAction":[{"@type":"ReadAction","target":["https:\/\/eval.cl\/index.php\/sobre-nosotros\/"]}]},{"@type":"BreadcrumbList","@id":"https:\/\/eval.cl\/index.php\/sobre-nosotros\/#breadcrumb","itemListElement":[{"@type":"ListItem","position":1,"name":"Portada","item":"https:\/\/eval.cl\/"},{"@type":"ListItem","position":2,"name":"SOBRE NOSOTROS"}]},{"@type":"WebSite","@id":"https:\/\/eval.cl\/#website","url":"https:\/\/eval.cl\/","name":"Eval","description":"Puente Gr\u00faa, Gr\u00faa Viajera, Fabricaci\u00f3n de Puente Gr\u00faa, Instalaci\u00f3n de Puente Gr\u00faa, Gr\u00faa Portal, Gr\u00faa P\u00f3rtico con Neum\u00e1ticos, Gr\u00faa Puerto RTG, Repuestos y Accesorios","publisher":{"@id":"https:\/\/eval.cl\/#organization"},"potentialAction":[{"@type":"SearchAction","target":{"@type":"EntryPoint","urlTemplate":"https:\/\/eval.cl\/?s={search_term_string}"},"query-input":{"@type":"PropertyValueSpecification","valueRequired":true,"valueName":"search_term_string"}}],"inLanguage":"es"},{"@type":"Organization","@id":"https:\/\/eval.cl\/#organization","name":"Eval","url":"https:\/\/eval.cl\/","logo":{"@type":"ImageObject","inLanguage":"es","@id":"https:\/\/eval.cl\/#\/schema\/logo\/image\/","url":"https:\/\/eval.cl\/wp-content\/uploads\/2017\/07\/REDISENO-EVAL-04.webp","contentUrl":"https:\/\/eval.cl\/wp-content\/uploads\/2017\/07\/REDISENO-EVAL-04.webp","width":160,"height":83,"caption":"Eval"},"image":{"@id":"https:\/\/eval.cl\/#\/schema\/logo\/image\/"}}]}},"acf":[],"_links":{"self":[{"href":"https:\/\/eval.cl\/index.php\/wp-json\/wp\/v2\/pages\/9104","targetHints":{"allow":["GET"]}}],"collection":[{"href":"https:\/\/eval.cl\/index.php\/wp-json\/wp\/v2\/pages"}],"about":[{"href":"https:\/\/eval.cl\/index.php\/wp-json\/wp\/v2\/types\/page"}],"author":[{"embeddable":true,"href":"https:\/\/eval.cl\/index.php\/wp-json\/wp\/v2\/users\/3"}],"replies":[{"embeddable":true,"href":"https:\/\/eval.cl\/index.php\/wp-json\/wp\/v2\/comments?post=9104"}],"version-history":[{"count":64,"href":"https:\/\/eval.cl\/index.php\/wp-json\/wp\/v2\/pages\/9104\/revisions"}],"predecessor-version":[{"id":10635,"href":"https:\/\/eval.cl\/index.php\/wp-json\/wp\/v2\/pages\/9104\/revisions\/10635"}],"wp:attachment":[{"href":"https:\/\/eval.cl\/index.php\/wp-json\/wp\/v2\/media?parent=9104"}],"curies":[{"name":"wp","href":"https:\/\/api.w.org\/{rel}","templated":true}]}}