{"id":9926,"date":"2024-09-16T08:36:31","date_gmt":"2024-09-16T11:36:31","guid":{"rendered":"https:\/\/eval.cl\/?page_id=9926"},"modified":"2024-09-16T10:33:28","modified_gmt":"2024-09-16T13:33:28","slug":"grua-viajera","status":"publish","type":"page","link":"https:\/\/eval.cl\/index.php\/grua-viajera\/","title":{"rendered":"GR\u00daA VIAJERA"},"content":{"rendered":"<section class=\"l-section wpb_row height_auto\"><div class=\"l-section-h i-cf\"><div class=\"g-cols vc_row via_flex valign_top type_default stacking_default\"><div class=\"vc_col-sm-12 wpb_column vc_column_container\"><div class=\"vc_column-inner\"><div class=\"wpb_wrapper\"><div class=\"w-separator size_medium\"><\/div><h1 class=\"w-text us_custom_40b1abd0 has_text_color\"><span class=\"w-text-h\"><span class=\"w-text-value\">GR\u00daA VIAJERA<\/span><\/span><\/h1><div class=\"w-separator size_small\"><\/div><\/div><\/div><\/div><\/div><\/div><\/section><section class=\"l-section wpb_row height_auto\"><div class=\"l-section-h i-cf\"><div class=\"g-cols vc_row via_flex valign_top type_default stacking_default\"><div class=\"vc_col-sm-12 wpb_column vc_column_container\"><div class=\"vc_column-inner\"><div class=\"wpb_wrapper\"><div class=\"w-grid type_grid layout_9947 cols_3\" id=\"us_grid_1\" style=\"--gap:1.5rem;\" data-filterable=\"true\"><style>@media (max-width:1024px){#us_grid_1 .w-grid-item{width:50%}}@media (max-width:600px){#us_grid_1 .w-grid-list{margin:0}#us_grid_1 .w-grid-item{width:100%;padding:0;margin-bottom:var(--gap,0px)}}.layout_9947 .w-grid-item-h{}.layout_9947 .usg_post_title_1{color:#000000!important;text-align:center!important;font-size:16px!important;line-height:1.2!important;letter-spacing:1px!important;font-family:Work Sans!important;font-weight:500!important}.layout_9947 .usg_vwrapper_1{padding:5px!important;box-shadow:0 0 14px 1px #132617!important}<\/style><div class=\"w-grid-list\">\t<article class=\"w-grid-item size_1x1 post-10018 product type-product status-publish has-post-thumbnail product_cat-grua-viajera first instock shipping-taxable product-type-simple\" data-id=\"10018\">\r\n\t\t<div class=\"w-grid-item-h\">\r\n\t\t\t\t\t\t<div class=\"w-vwrapper usg_vwrapper_1 align_none valign_top\"><div class=\"w-post-elm post_image usg_post_image_1 ima-grua stretched\"><a href=\"https:\/\/eval.cl\/index.php\/producto\/puente-grua-o-grua-viajera-eval-8-ton\/\" aria-label=\"Puente gr\u00faa o gr\u00faa viajera EVAL 8 ton.\"><img loading=\"lazy\" decoding=\"async\" width=\"1024\" height=\"576\" data-src=\"https:\/\/eval.cl\/wp-content\/uploads\/2024\/09\/20140822_105629-1024x576.jpg\" class=\"attachment-large size-large wp-post-image lazyload\" alt=\"Puente gr\u00faa o gr\u00faa viajera EVAL 8 ton, Santiago\" data-srcset=\"https:\/\/eval.cl\/wp-content\/uploads\/2024\/09\/20140822_105629-1024x576.jpg 1024w, https:\/\/eval.cl\/wp-content\/uploads\/2024\/09\/20140822_105629-300x169.jpg 300w, https:\/\/eval.cl\/wp-content\/uploads\/2024\/09\/20140822_105629-1536x864.jpg 1536w, https:\/\/eval.cl\/wp-content\/uploads\/2024\/09\/20140822_105629-600x338.jpg 600w\" data-sizes=\"(max-width: 1024px) 100vw, 1024px\" src=\"data:image\/gif;base64,R0lGODlhAQABAAAAACH5BAEKAAEALAAAAAABAAEAAAICTAEAOw==\" style=\"--smush-placeholder-width: 1024px; --smush-placeholder-aspect-ratio: 1024\/576;\" \/><noscript><img loading=\"lazy\" decoding=\"async\" width=\"1024\" height=\"576\" src=\"https:\/\/eval.cl\/wp-content\/uploads\/2024\/09\/20140822_105629-1024x576.jpg\" class=\"attachment-large size-large wp-post-image\" alt=\"Puente gr\u00faa o gr\u00faa viajera EVAL 8 ton, Santiago\" srcset=\"https:\/\/eval.cl\/wp-content\/uploads\/2024\/09\/20140822_105629-1024x576.jpg 1024w, https:\/\/eval.cl\/wp-content\/uploads\/2024\/09\/20140822_105629-300x169.jpg 300w, https:\/\/eval.cl\/wp-content\/uploads\/2024\/09\/20140822_105629-1536x864.jpg 1536w, https:\/\/eval.cl\/wp-content\/uploads\/2024\/09\/20140822_105629-600x338.jpg 600w\" sizes=\"(max-width: 1024px) 100vw, 1024px\" \/><\/noscript><\/a><\/div><h2 class=\"w-post-elm post_title usg_post_title_1 has_text_color woocommerce-loop-product__title color_link_inherit\"><a href=\"https:\/\/eval.cl\/index.php\/producto\/puente-grua-o-grua-viajera-eval-8-ton\/\">Puente gr\u00faa o gr\u00faa viajera EVAL 8 ton.<\/a><\/h2><\/div>\t\t<\/div>\r\n\t\t\t<\/article>\r\n\t<article class=\"w-grid-item size_1x1 post-9971 product type-product status-publish has-post-thumbnail product_cat-grua-viajera  instock shipping-taxable product-type-simple\" data-id=\"9971\">\r\n\t\t<div class=\"w-grid-item-h\">\r\n\t\t\t\t\t\t<div class=\"w-vwrapper usg_vwrapper_1 align_none valign_top\"><div class=\"w-post-elm post_image usg_post_image_1 ima-grua stretched\"><a href=\"https:\/\/eval.cl\/index.php\/producto\/puente-grua-o-grua-viajera-eval-10-toneladas\/\" aria-label=\"Puente gr\u00faa o gr\u00faa viajera EVAL, 10 toneladas.\"><img loading=\"lazy\" decoding=\"async\" width=\"1024\" height=\"576\" data-src=\"https:\/\/eval.cl\/wp-content\/uploads\/2024\/09\/IMG_20160606_153617-1024x576.jpg\" class=\"attachment-large size-large wp-post-image lazyload\" alt=\"Puente gr\u00faa o gr\u00faa viajera EVAL, 10 toneladas, Santiago\" data-srcset=\"https:\/\/eval.cl\/wp-content\/uploads\/2024\/09\/IMG_20160606_153617-1024x576.jpg 1024w, https:\/\/eval.cl\/wp-content\/uploads\/2024\/09\/IMG_20160606_153617-300x169.jpg 300w, https:\/\/eval.cl\/wp-content\/uploads\/2024\/09\/IMG_20160606_153617-1536x864.jpg 1536w, https:\/\/eval.cl\/wp-content\/uploads\/2024\/09\/IMG_20160606_153617-600x338.jpg 600w\" data-sizes=\"(max-width: 1024px) 100vw, 1024px\" src=\"data:image\/gif;base64,R0lGODlhAQABAAAAACH5BAEKAAEALAAAAAABAAEAAAICTAEAOw==\" style=\"--smush-placeholder-width: 1024px; --smush-placeholder-aspect-ratio: 1024\/576;\" \/><noscript><img loading=\"lazy\" decoding=\"async\" width=\"1024\" height=\"576\" src=\"https:\/\/eval.cl\/wp-content\/uploads\/2024\/09\/IMG_20160606_153617-1024x576.jpg\" class=\"attachment-large size-large wp-post-image\" alt=\"Puente gr\u00faa o gr\u00faa viajera EVAL, 10 toneladas, Santiago\" srcset=\"https:\/\/eval.cl\/wp-content\/uploads\/2024\/09\/IMG_20160606_153617-1024x576.jpg 1024w, https:\/\/eval.cl\/wp-content\/uploads\/2024\/09\/IMG_20160606_153617-300x169.jpg 300w, https:\/\/eval.cl\/wp-content\/uploads\/2024\/09\/IMG_20160606_153617-1536x864.jpg 1536w, https:\/\/eval.cl\/wp-content\/uploads\/2024\/09\/IMG_20160606_153617-600x338.jpg 600w\" sizes=\"(max-width: 1024px) 100vw, 1024px\" \/><\/noscript><\/a><\/div><h2 class=\"w-post-elm post_title usg_post_title_1 has_text_color woocommerce-loop-product__title color_link_inherit\"><a href=\"https:\/\/eval.cl\/index.php\/producto\/puente-grua-o-grua-viajera-eval-10-toneladas\/\">Puente gr\u00faa o gr\u00faa viajera EVAL, 10 toneladas.<\/a><\/h2><\/div>\t\t<\/div>\r\n\t\t\t<\/article>\r\n\t<article class=\"w-grid-item size_1x1 post-9969 product type-product status-publish has-post-thumbnail product_cat-grua-viajera  instock shipping-taxable product-type-simple\" data-id=\"9969\">\r\n\t\t<div class=\"w-grid-item-h\">\r\n\t\t\t\t\t\t<div class=\"w-vwrapper usg_vwrapper_1 align_none valign_top\"><div class=\"w-post-elm post_image usg_post_image_1 ima-grua stretched\"><a href=\"https:\/\/eval.cl\/index.php\/producto\/puente-grua-o-grua-viajera-eval-1-5-ton\/\" aria-label=\"Puente gr\u00faa o gr\u00faa viajera EVAL 1, 5 ton.\"><img loading=\"lazy\" decoding=\"async\" width=\"600\" height=\"450\" data-src=\"https:\/\/eval.cl\/wp-content\/uploads\/2025\/07\/PUENTE-ABB-FOTO.jpeg\" class=\"attachment-large size-large wp-post-image lazyload\" alt=\"\" data-srcset=\"https:\/\/eval.cl\/wp-content\/uploads\/2025\/07\/PUENTE-ABB-FOTO.jpeg 600w, https:\/\/eval.cl\/wp-content\/uploads\/2025\/07\/PUENTE-ABB-FOTO-300x225.jpeg 300w\" data-sizes=\"(max-width: 600px) 100vw, 600px\" src=\"data:image\/gif;base64,R0lGODlhAQABAAAAACH5BAEKAAEALAAAAAABAAEAAAICTAEAOw==\" style=\"--smush-placeholder-width: 600px; --smush-placeholder-aspect-ratio: 600\/450;\" \/><noscript><img loading=\"lazy\" decoding=\"async\" width=\"600\" height=\"450\" src=\"https:\/\/eval.cl\/wp-content\/uploads\/2025\/07\/PUENTE-ABB-FOTO.jpeg\" class=\"attachment-large size-large wp-post-image\" alt=\"\" srcset=\"https:\/\/eval.cl\/wp-content\/uploads\/2025\/07\/PUENTE-ABB-FOTO.jpeg 600w, https:\/\/eval.cl\/wp-content\/uploads\/2025\/07\/PUENTE-ABB-FOTO-300x225.jpeg 300w\" sizes=\"(max-width: 600px) 100vw, 600px\" \/><\/noscript><\/a><\/div><h2 class=\"w-post-elm post_title usg_post_title_1 has_text_color woocommerce-loop-product__title color_link_inherit\"><a href=\"https:\/\/eval.cl\/index.php\/producto\/puente-grua-o-grua-viajera-eval-1-5-ton\/\">Puente gr\u00faa o gr\u00faa viajera EVAL 1, 5 ton.<\/a><\/h2><\/div>\t\t<\/div>\r\n\t\t\t<\/article>\r\n\t<article class=\"w-grid-item size_1x1 post-9959 product type-product status-publish has-post-thumbnail product_cat-grua-viajera last instock shipping-taxable product-type-simple\" data-id=\"9959\">\r\n\t\t<div class=\"w-grid-item-h\">\r\n\t\t\t\t\t\t<div class=\"w-vwrapper usg_vwrapper_1 align_none valign_top\"><div class=\"w-post-elm post_image usg_post_image_1 ima-grua stretched\"><a href=\"https:\/\/eval.cl\/index.php\/producto\/puente-grua-o-grua-viajera-eval-32-toneladas\/\" aria-label=\"Puente gr\u00faa o gr\u00faa viajera EVAL 3,2 toneladas.\"><img loading=\"lazy\" decoding=\"async\" width=\"600\" height=\"450\" data-src=\"https:\/\/eval.cl\/wp-content\/uploads\/2025\/07\/PUENTE-GRUA-WESSER-105.jpeg\" class=\"attachment-large size-large wp-post-image lazyload\" alt=\"\" data-srcset=\"https:\/\/eval.cl\/wp-content\/uploads\/2025\/07\/PUENTE-GRUA-WESSER-105.jpeg 600w, https:\/\/eval.cl\/wp-content\/uploads\/2025\/07\/PUENTE-GRUA-WESSER-105-300x225.jpeg 300w\" data-sizes=\"(max-width: 600px) 100vw, 600px\" src=\"data:image\/gif;base64,R0lGODlhAQABAAAAACH5BAEKAAEALAAAAAABAAEAAAICTAEAOw==\" style=\"--smush-placeholder-width: 600px; --smush-placeholder-aspect-ratio: 600\/450;\" \/><noscript><img loading=\"lazy\" decoding=\"async\" width=\"600\" height=\"450\" src=\"https:\/\/eval.cl\/wp-content\/uploads\/2025\/07\/PUENTE-GRUA-WESSER-105.jpeg\" class=\"attachment-large size-large wp-post-image\" alt=\"\" srcset=\"https:\/\/eval.cl\/wp-content\/uploads\/2025\/07\/PUENTE-GRUA-WESSER-105.jpeg 600w, https:\/\/eval.cl\/wp-content\/uploads\/2025\/07\/PUENTE-GRUA-WESSER-105-300x225.jpeg 300w\" sizes=\"(max-width: 600px) 100vw, 600px\" \/><\/noscript><\/a><\/div><h2 class=\"w-post-elm post_title usg_post_title_1 has_text_color woocommerce-loop-product__title color_link_inherit\"><a href=\"https:\/\/eval.cl\/index.php\/producto\/puente-grua-o-grua-viajera-eval-32-toneladas\/\">Puente gr\u00faa o gr\u00faa viajera EVAL 3,2 toneladas.<\/a><\/h2><\/div>\t\t<\/div>\r\n\t\t\t<\/article>\r\n<\/div><div class=\"w-grid-preloader\">\t<div class=\"g-preloader type_1\">\r\n\t\t<div><\/div>\r\n\t<\/div>\r\n\t<\/div>\t<div class=\"w-grid-json hidden\" onclick='return {&quot;action&quot;:&quot;us_ajax_grid&quot;,&quot;infinite_scroll&quot;:0,&quot;max_num_pages&quot;:1,&quot;pagination&quot;:&quot;none&quot;,&quot;template_vars&quot;:{&quot;columns&quot;:&quot;3&quot;,&quot;exclude_items&quot;:&quot;none&quot;,&quot;img_size&quot;:&quot;default&quot;,&quot;ignore_items_size&quot;:0,&quot;items_layout&quot;:&quot;9947&quot;,&quot;items_offset&quot;:&quot;1&quot;,&quot;load_animation&quot;:&quot;none&quot;,&quot;overriding_link&quot;:&quot;%7B%22url%22%3A%22%22%7D&quot;,&quot;post_id&quot;:0,&quot;query_args&quot;:{&quot;post_type&quot;:[&quot;product&quot;],&quot;tax_query&quot;:[{&quot;taxonomy&quot;:&quot;product_cat&quot;,&quot;field&quot;:&quot;slug&quot;,&quot;terms&quot;:[&quot;grua-viajera&quot;]},{&quot;taxonomy&quot;:&quot;product_visibility&quot;,&quot;field&quot;:&quot;slug&quot;,&quot;terms&quot;:[&quot;exclude-from-catalog&quot;],&quot;operator&quot;:&quot;NOT IN&quot;}],&quot;post_status&quot;:[&quot;publish&quot;,&quot;acf-disabled&quot;],&quot;meta_query&quot;:[],&quot;posts_per_page&quot;:&quot;10&quot;},&quot;orderby_query_args&quot;:{&quot;orderby&quot;:{&quot;date&quot;:&quot;DESC&quot;}},&quot;type&quot;:&quot;grid&quot;,&quot;us_grid_post_type&quot;:&quot;product&quot;,&quot;us_grid_ajax_index&quot;:1,&quot;us_grid_filter_query_string&quot;:null,&quot;us_grid_index&quot;:1,&quot;page_args&quot;:[]}}'><\/div>\r\n\t<\/div><div class=\"w-separator size_large\"><\/div><\/div><\/div><\/div><\/div><\/div><\/section>\n","protected":false},"excerpt":{"rendered":"","protected":false},"author":3,"featured_media":0,"parent":0,"menu_order":0,"comment_status":"closed","ping_status":"closed","template":"","meta":{"footnotes":""},"class_list":["post-9926","page","type-page","status-publish","hentry"],"yoast_head":"<!-- This site is optimized with the Yoast SEO plugin v23.8 - https:\/\/yoast.com\/wordpress\/plugins\/seo\/ -->\n<title>GR\u00daA VIAJERA - Eval<\/title>\n<meta name=\"robots\" content=\"index, follow, max-snippet:-1, max-image-preview:large, max-video-preview:-1\" \/>\n<link rel=\"canonical\" href=\"https:\/\/eval.cl\/index.php\/grua-viajera\/\" \/>\n<meta property=\"og:locale\" content=\"es_ES\" \/>\n<meta property=\"og:type\" content=\"article\" \/>\n<meta property=\"og:title\" content=\"GR\u00daA VIAJERA - Eval\" \/>\n<meta property=\"og:url\" content=\"https:\/\/eval.cl\/index.php\/grua-viajera\/\" \/>\n<meta property=\"og:site_name\" content=\"Eval\" \/>\n<meta property=\"article:modified_time\" content=\"2024-09-16T13:33:28+00:00\" \/>\n<meta name=\"twitter:card\" content=\"summary_large_image\" \/>\n<script type=\"application\/ld+json\" class=\"yoast-schema-graph\">{\"@context\":\"https:\/\/schema.org\",\"@graph\":[{\"@type\":\"WebPage\",\"@id\":\"https:\/\/eval.cl\/index.php\/grua-viajera\/\",\"url\":\"https:\/\/eval.cl\/index.php\/grua-viajera\/\",\"name\":\"GR\u00daA VIAJERA - Eval\",\"isPartOf\":{\"@id\":\"https:\/\/eval.cl\/#website\"},\"datePublished\":\"2024-09-16T11:36:31+00:00\",\"dateModified\":\"2024-09-16T13:33:28+00:00\",\"breadcrumb\":{\"@id\":\"https:\/\/eval.cl\/index.php\/grua-viajera\/#breadcrumb\"},\"inLanguage\":\"es\",\"potentialAction\":[{\"@type\":\"ReadAction\",\"target\":[\"https:\/\/eval.cl\/index.php\/grua-viajera\/\"]}]},{\"@type\":\"BreadcrumbList\",\"@id\":\"https:\/\/eval.cl\/index.php\/grua-viajera\/#breadcrumb\",\"itemListElement\":[{\"@type\":\"ListItem\",\"position\":1,\"name\":\"Portada\",\"item\":\"https:\/\/eval.cl\/\"},{\"@type\":\"ListItem\",\"position\":2,\"name\":\"GR\u00daA VIAJERA\"}]},{\"@type\":\"WebSite\",\"@id\":\"https:\/\/eval.cl\/#website\",\"url\":\"https:\/\/eval.cl\/\",\"name\":\"Eval\",\"description\":\"Puente Gr\u00faa, Gr\u00faa Viajera, Fabricaci\u00f3n de Puente Gr\u00faa, Instalaci\u00f3n de Puente Gr\u00faa, Gr\u00faa Portal, Gr\u00faa P\u00f3rtico con Neum\u00e1ticos, Gr\u00faa Puerto RTG, Repuestos y Accesorios\",\"publisher\":{\"@id\":\"https:\/\/eval.cl\/#organization\"},\"potentialAction\":[{\"@type\":\"SearchAction\",\"target\":{\"@type\":\"EntryPoint\",\"urlTemplate\":\"https:\/\/eval.cl\/?s={search_term_string}\"},\"query-input\":{\"@type\":\"PropertyValueSpecification\",\"valueRequired\":true,\"valueName\":\"search_term_string\"}}],\"inLanguage\":\"es\"},{\"@type\":\"Organization\",\"@id\":\"https:\/\/eval.cl\/#organization\",\"name\":\"Eval\",\"url\":\"https:\/\/eval.cl\/\",\"logo\":{\"@type\":\"ImageObject\",\"inLanguage\":\"es\",\"@id\":\"https:\/\/eval.cl\/#\/schema\/logo\/image\/\",\"url\":\"https:\/\/eval.cl\/wp-content\/uploads\/2017\/07\/REDISENO-EVAL-04.webp\",\"contentUrl\":\"https:\/\/eval.cl\/wp-content\/uploads\/2017\/07\/REDISENO-EVAL-04.webp\",\"width\":160,\"height\":83,\"caption\":\"Eval\"},\"image\":{\"@id\":\"https:\/\/eval.cl\/#\/schema\/logo\/image\/\"}}]}<\/script>\n<!-- \/ Yoast SEO plugin. -->","yoast_head_json":{"title":"GR\u00daA VIAJERA - Eval","robots":{"index":"index","follow":"follow","max-snippet":"max-snippet:-1","max-image-preview":"max-image-preview:large","max-video-preview":"max-video-preview:-1"},"canonical":"https:\/\/eval.cl\/index.php\/grua-viajera\/","og_locale":"es_ES","og_type":"article","og_title":"GR\u00daA VIAJERA - Eval","og_url":"https:\/\/eval.cl\/index.php\/grua-viajera\/","og_site_name":"Eval","article_modified_time":"2024-09-16T13:33:28+00:00","twitter_card":"summary_large_image","schema":{"@context":"https:\/\/schema.org","@graph":[{"@type":"WebPage","@id":"https:\/\/eval.cl\/index.php\/grua-viajera\/","url":"https:\/\/eval.cl\/index.php\/grua-viajera\/","name":"GR\u00daA VIAJERA - Eval","isPartOf":{"@id":"https:\/\/eval.cl\/#website"},"datePublished":"2024-09-16T11:36:31+00:00","dateModified":"2024-09-16T13:33:28+00:00","breadcrumb":{"@id":"https:\/\/eval.cl\/index.php\/grua-viajera\/#breadcrumb"},"inLanguage":"es","potentialAction":[{"@type":"ReadAction","target":["https:\/\/eval.cl\/index.php\/grua-viajera\/"]}]},{"@type":"BreadcrumbList","@id":"https:\/\/eval.cl\/index.php\/grua-viajera\/#breadcrumb","itemListElement":[{"@type":"ListItem","position":1,"name":"Portada","item":"https:\/\/eval.cl\/"},{"@type":"ListItem","position":2,"name":"GR\u00daA VIAJERA"}]},{"@type":"WebSite","@id":"https:\/\/eval.cl\/#website","url":"https:\/\/eval.cl\/","name":"Eval","description":"Puente Gr\u00faa, Gr\u00faa Viajera, Fabricaci\u00f3n de Puente Gr\u00faa, Instalaci\u00f3n de Puente Gr\u00faa, Gr\u00faa Portal, Gr\u00faa P\u00f3rtico con Neum\u00e1ticos, Gr\u00faa Puerto RTG, Repuestos y Accesorios","publisher":{"@id":"https:\/\/eval.cl\/#organization"},"potentialAction":[{"@type":"SearchAction","target":{"@type":"EntryPoint","urlTemplate":"https:\/\/eval.cl\/?s={search_term_string}"},"query-input":{"@type":"PropertyValueSpecification","valueRequired":true,"valueName":"search_term_string"}}],"inLanguage":"es"},{"@type":"Organization","@id":"https:\/\/eval.cl\/#organization","name":"Eval","url":"https:\/\/eval.cl\/","logo":{"@type":"ImageObject","inLanguage":"es","@id":"https:\/\/eval.cl\/#\/schema\/logo\/image\/","url":"https:\/\/eval.cl\/wp-content\/uploads\/2017\/07\/REDISENO-EVAL-04.webp","contentUrl":"https:\/\/eval.cl\/wp-content\/uploads\/2017\/07\/REDISENO-EVAL-04.webp","width":160,"height":83,"caption":"Eval"},"image":{"@id":"https:\/\/eval.cl\/#\/schema\/logo\/image\/"}}]}},"acf":[],"_links":{"self":[{"href":"https:\/\/eval.cl\/index.php\/wp-json\/wp\/v2\/pages\/9926","targetHints":{"allow":["GET"]}}],"collection":[{"href":"https:\/\/eval.cl\/index.php\/wp-json\/wp\/v2\/pages"}],"about":[{"href":"https:\/\/eval.cl\/index.php\/wp-json\/wp\/v2\/types\/page"}],"author":[{"embeddable":true,"href":"https:\/\/eval.cl\/index.php\/wp-json\/wp\/v2\/users\/3"}],"replies":[{"embeddable":true,"href":"https:\/\/eval.cl\/index.php\/wp-json\/wp\/v2\/comments?post=9926"}],"version-history":[{"count":5,"href":"https:\/\/eval.cl\/index.php\/wp-json\/wp\/v2\/pages\/9926\/revisions"}],"predecessor-version":[{"id":9980,"href":"https:\/\/eval.cl\/index.php\/wp-json\/wp\/v2\/pages\/9926\/revisions\/9980"}],"wp:attachment":[{"href":"https:\/\/eval.cl\/index.php\/wp-json\/wp\/v2\/media?parent=9926"}],"curies":[{"name":"wp","href":"https:\/\/api.w.org\/{rel}","templated":true}]}}