{"id":9928,"date":"2024-09-16T08:37:24","date_gmt":"2024-09-16T11:37:24","guid":{"rendered":"https:\/\/eval.cl\/?page_id=9928"},"modified":"2024-09-16T08:37:24","modified_gmt":"2024-09-16T11:37:24","slug":"fabricacion-de-puente-grua","status":"publish","type":"page","link":"https:\/\/eval.cl\/index.php\/fabricacion-de-puente-grua\/","title":{"rendered":"FABRICACI\u00d3N DE PUENTE GR\u00daA"},"content":{"rendered":"","protected":false},"excerpt":{"rendered":"","protected":false},"author":3,"featured_media":0,"parent":0,"menu_order":0,"comment_status":"closed","ping_status":"closed","template":"","meta":{"footnotes":""},"class_list":["post-9928","page","type-page","status-publish","hentry"],"yoast_head":"<!-- This site is optimized with the Yoast SEO plugin v23.8 - https:\/\/yoast.com\/wordpress\/plugins\/seo\/ -->\n<title>FABRICACI\u00d3N DE PUENTE GR\u00daA - Eval<\/title>\n<meta name=\"robots\" content=\"index, follow, max-snippet:-1, max-image-preview:large, max-video-preview:-1\" \/>\n<link rel=\"canonical\" href=\"https:\/\/eval.cl\/index.php\/fabricacion-de-puente-grua\/\" \/>\n<meta property=\"og:locale\" content=\"es_ES\" \/>\n<meta property=\"og:type\" content=\"article\" \/>\n<meta property=\"og:title\" content=\"FABRICACI\u00d3N DE PUENTE GR\u00daA - Eval\" \/>\n<meta property=\"og:url\" content=\"https:\/\/eval.cl\/index.php\/fabricacion-de-puente-grua\/\" \/>\n<meta property=\"og:site_name\" content=\"Eval\" \/>\n<meta name=\"twitter:card\" content=\"summary_large_image\" \/>\n<script type=\"application\/ld+json\" class=\"yoast-schema-graph\">{\"@context\":\"https:\/\/schema.org\",\"@graph\":[{\"@type\":\"WebPage\",\"@id\":\"https:\/\/eval.cl\/index.php\/fabricacion-de-puente-grua\/\",\"url\":\"https:\/\/eval.cl\/index.php\/fabricacion-de-puente-grua\/\",\"name\":\"FABRICACI\u00d3N DE PUENTE GR\u00daA - Eval\",\"isPartOf\":{\"@id\":\"https:\/\/eval.cl\/#website\"},\"datePublished\":\"2024-09-16T11:37:24+00:00\",\"dateModified\":\"2024-09-16T11:37:24+00:00\",\"breadcrumb\":{\"@id\":\"https:\/\/eval.cl\/index.php\/fabricacion-de-puente-grua\/#breadcrumb\"},\"inLanguage\":\"es\",\"potentialAction\":[{\"@type\":\"ReadAction\",\"target\":[\"https:\/\/eval.cl\/index.php\/fabricacion-de-puente-grua\/\"]}]},{\"@type\":\"BreadcrumbList\",\"@id\":\"https:\/\/eval.cl\/index.php\/fabricacion-de-puente-grua\/#breadcrumb\",\"itemListElement\":[{\"@type\":\"ListItem\",\"position\":1,\"name\":\"Portada\",\"item\":\"https:\/\/eval.cl\/\"},{\"@type\":\"ListItem\",\"position\":2,\"name\":\"FABRICACI\u00d3N DE PUENTE GR\u00daA\"}]},{\"@type\":\"WebSite\",\"@id\":\"https:\/\/eval.cl\/#website\",\"url\":\"https:\/\/eval.cl\/\",\"name\":\"Eval\",\"description\":\"Puente Gr\u00faa, Gr\u00faa Viajera, Fabricaci\u00f3n de Puente Gr\u00faa, Instalaci\u00f3n de Puente Gr\u00faa, Gr\u00faa Portal, Gr\u00faa P\u00f3rtico con Neum\u00e1ticos, Gr\u00faa Puerto RTG, Repuestos y Accesorios\",\"publisher\":{\"@id\":\"https:\/\/eval.cl\/#organization\"},\"potentialAction\":[{\"@type\":\"SearchAction\",\"target\":{\"@type\":\"EntryPoint\",\"urlTemplate\":\"https:\/\/eval.cl\/?s={search_term_string}\"},\"query-input\":{\"@type\":\"PropertyValueSpecification\",\"valueRequired\":true,\"valueName\":\"search_term_string\"}}],\"inLanguage\":\"es\"},{\"@type\":\"Organization\",\"@id\":\"https:\/\/eval.cl\/#organization\",\"name\":\"Eval\",\"url\":\"https:\/\/eval.cl\/\",\"logo\":{\"@type\":\"ImageObject\",\"inLanguage\":\"es\",\"@id\":\"https:\/\/eval.cl\/#\/schema\/logo\/image\/\",\"url\":\"https:\/\/eval.cl\/wp-content\/uploads\/2017\/07\/REDISENO-EVAL-04.webp\",\"contentUrl\":\"https:\/\/eval.cl\/wp-content\/uploads\/2017\/07\/REDISENO-EVAL-04.webp\",\"width\":160,\"height\":83,\"caption\":\"Eval\"},\"image\":{\"@id\":\"https:\/\/eval.cl\/#\/schema\/logo\/image\/\"}}]}<\/script>\n<!-- \/ Yoast SEO plugin. -->","yoast_head_json":{"title":"FABRICACI\u00d3N DE PUENTE GR\u00daA - Eval","robots":{"index":"index","follow":"follow","max-snippet":"max-snippet:-1","max-image-preview":"max-image-preview:large","max-video-preview":"max-video-preview:-1"},"canonical":"https:\/\/eval.cl\/index.php\/fabricacion-de-puente-grua\/","og_locale":"es_ES","og_type":"article","og_title":"FABRICACI\u00d3N DE PUENTE GR\u00daA - Eval","og_url":"https:\/\/eval.cl\/index.php\/fabricacion-de-puente-grua\/","og_site_name":"Eval","twitter_card":"summary_large_image","schema":{"@context":"https:\/\/schema.org","@graph":[{"@type":"WebPage","@id":"https:\/\/eval.cl\/index.php\/fabricacion-de-puente-grua\/","url":"https:\/\/eval.cl\/index.php\/fabricacion-de-puente-grua\/","name":"FABRICACI\u00d3N DE PUENTE GR\u00daA - Eval","isPartOf":{"@id":"https:\/\/eval.cl\/#website"},"datePublished":"2024-09-16T11:37:24+00:00","dateModified":"2024-09-16T11:37:24+00:00","breadcrumb":{"@id":"https:\/\/eval.cl\/index.php\/fabricacion-de-puente-grua\/#breadcrumb"},"inLanguage":"es","potentialAction":[{"@type":"ReadAction","target":["https:\/\/eval.cl\/index.php\/fabricacion-de-puente-grua\/"]}]},{"@type":"BreadcrumbList","@id":"https:\/\/eval.cl\/index.php\/fabricacion-de-puente-grua\/#breadcrumb","itemListElement":[{"@type":"ListItem","position":1,"name":"Portada","item":"https:\/\/eval.cl\/"},{"@type":"ListItem","position":2,"name":"FABRICACI\u00d3N DE PUENTE GR\u00daA"}]},{"@type":"WebSite","@id":"https:\/\/eval.cl\/#website","url":"https:\/\/eval.cl\/","name":"Eval","description":"Puente Gr\u00faa, Gr\u00faa Viajera, Fabricaci\u00f3n de Puente Gr\u00faa, Instalaci\u00f3n de Puente Gr\u00faa, Gr\u00faa Portal, Gr\u00faa P\u00f3rtico con Neum\u00e1ticos, Gr\u00faa Puerto RTG, Repuestos y Accesorios","publisher":{"@id":"https:\/\/eval.cl\/#organization"},"potentialAction":[{"@type":"SearchAction","target":{"@type":"EntryPoint","urlTemplate":"https:\/\/eval.cl\/?s={search_term_string}"},"query-input":{"@type":"PropertyValueSpecification","valueRequired":true,"valueName":"search_term_string"}}],"inLanguage":"es"},{"@type":"Organization","@id":"https:\/\/eval.cl\/#organization","name":"Eval","url":"https:\/\/eval.cl\/","logo":{"@type":"ImageObject","inLanguage":"es","@id":"https:\/\/eval.cl\/#\/schema\/logo\/image\/","url":"https:\/\/eval.cl\/wp-content\/uploads\/2017\/07\/REDISENO-EVAL-04.webp","contentUrl":"https:\/\/eval.cl\/wp-content\/uploads\/2017\/07\/REDISENO-EVAL-04.webp","width":160,"height":83,"caption":"Eval"},"image":{"@id":"https:\/\/eval.cl\/#\/schema\/logo\/image\/"}}]}},"acf":[],"_links":{"self":[{"href":"https:\/\/eval.cl\/index.php\/wp-json\/wp\/v2\/pages\/9928","targetHints":{"allow":["GET"]}}],"collection":[{"href":"https:\/\/eval.cl\/index.php\/wp-json\/wp\/v2\/pages"}],"about":[{"href":"https:\/\/eval.cl\/index.php\/wp-json\/wp\/v2\/types\/page"}],"author":[{"embeddable":true,"href":"https:\/\/eval.cl\/index.php\/wp-json\/wp\/v2\/users\/3"}],"replies":[{"embeddable":true,"href":"https:\/\/eval.cl\/index.php\/wp-json\/wp\/v2\/comments?post=9928"}],"version-history":[{"count":1,"href":"https:\/\/eval.cl\/index.php\/wp-json\/wp\/v2\/pages\/9928\/revisions"}],"predecessor-version":[{"id":9929,"href":"https:\/\/eval.cl\/index.php\/wp-json\/wp\/v2\/pages\/9928\/revisions\/9929"}],"wp:attachment":[{"href":"https:\/\/eval.cl\/index.php\/wp-json\/wp\/v2\/media?parent=9928"}],"curies":[{"name":"wp","href":"https:\/\/api.w.org\/{rel}","templated":true}]}}