{"id":9934,"date":"2024-09-16T08:39:54","date_gmt":"2024-09-16T11:39:54","guid":{"rendered":"https:\/\/eval.cl\/?page_id=9934"},"modified":"2024-09-16T11:05:16","modified_gmt":"2024-09-16T14:05:16","slug":"grua-portico-con-neumaticos","status":"publish","type":"page","link":"https:\/\/eval.cl\/index.php\/grua-portico-con-neumaticos\/","title":{"rendered":"GR\u00daA P\u00d3RTICO CON NEUM\u00c1TICOS"},"content":{"rendered":"<section class=\"l-section wpb_row height_auto\"><div class=\"l-section-h i-cf\"><div class=\"g-cols vc_row via_flex valign_top type_default stacking_default\"><div class=\"vc_col-sm-12 wpb_column vc_column_container\"><div class=\"vc_column-inner\"><div class=\"wpb_wrapper\"><div class=\"w-separator size_medium\"><\/div><h1 class=\"w-text us_custom_40b1abd0 has_text_color\"><span class=\"w-text-h\"><span class=\"w-text-value\">GR\u00daA P\u00d3RTICO CON NEUM\u00c1TICOS<\/span><\/span><\/h1><div class=\"w-separator size_small\"><\/div><\/div><\/div><\/div><\/div><\/div><\/section><section class=\"l-section wpb_row height_auto\"><div class=\"l-section-h i-cf\"><div class=\"g-cols vc_row via_flex valign_top type_default stacking_default\"><div class=\"vc_col-sm-12 wpb_column vc_column_container\"><div class=\"vc_column-inner\"><div class=\"wpb_wrapper\"><div class=\"w-grid type_grid layout_9947 cols_3\" id=\"us_grid_1\" style=\"--gap:1.5rem;\" data-filterable=\"true\"><style>@media (max-width:1024px){#us_grid_1 .w-grid-item{width:50%}}@media (max-width:600px){#us_grid_1 .w-grid-list{margin:0}#us_grid_1 .w-grid-item{width:100%;padding:0;margin-bottom:var(--gap,0px)}}.layout_9947 .w-grid-item-h{}.layout_9947 .usg_post_title_1{color:#000000!important;text-align:center!important;font-size:16px!important;line-height:1.2!important;letter-spacing:1px!important;font-family:Work Sans!important;font-weight:500!important}.layout_9947 .usg_vwrapper_1{padding:5px!important;box-shadow:0 0 14px 1px #132617!important}<\/style><div class=\"w-grid-list\">\t<article class=\"w-grid-item size_1x1 post-10002 product type-product status-publish has-post-thumbnail product_cat-grua-portico-con-neumaticos first instock shipping-taxable product-type-simple\" data-id=\"10002\">\r\n\t\t<div class=\"w-grid-item-h\">\r\n\t\t\t\t\t\t<div class=\"w-vwrapper usg_vwrapper_1 align_none valign_top\"><div class=\"w-post-elm post_image usg_post_image_1 ima-grua stretched\"><a href=\"https:\/\/eval.cl\/index.php\/producto\/rtgeval-50-ton\/\" aria-label=\"RTG,EVAL 50 ton.\"><img loading=\"lazy\" decoding=\"async\" width=\"1024\" height=\"768\" data-src=\"https:\/\/eval.cl\/wp-content\/uploads\/2024\/09\/IMG_20211009_170917-1-1024x768.jpg\" class=\"attachment-large size-large wp-post-image lazyload\" alt=\"RTG, gr\u00faa aut\u00f3noma o gr\u00faa puerto EVAL 50 ton, Santiago\" data-srcset=\"https:\/\/eval.cl\/wp-content\/uploads\/2024\/09\/IMG_20211009_170917-1-1024x768.jpg 1024w, https:\/\/eval.cl\/wp-content\/uploads\/2024\/09\/IMG_20211009_170917-1-300x225.jpg 300w, https:\/\/eval.cl\/wp-content\/uploads\/2024\/09\/IMG_20211009_170917-1-1536x1152.jpg 1536w, https:\/\/eval.cl\/wp-content\/uploads\/2024\/09\/IMG_20211009_170917-1-600x450.jpg 600w\" data-sizes=\"(max-width: 1024px) 100vw, 1024px\" src=\"data:image\/gif;base64,R0lGODlhAQABAAAAACH5BAEKAAEALAAAAAABAAEAAAICTAEAOw==\" style=\"--smush-placeholder-width: 1024px; --smush-placeholder-aspect-ratio: 1024\/768;\" \/><noscript><img loading=\"lazy\" decoding=\"async\" width=\"1024\" height=\"768\" src=\"https:\/\/eval.cl\/wp-content\/uploads\/2024\/09\/IMG_20211009_170917-1-1024x768.jpg\" class=\"attachment-large size-large wp-post-image\" alt=\"RTG, gr\u00faa aut\u00f3noma o gr\u00faa puerto EVAL 50 ton, Santiago\" srcset=\"https:\/\/eval.cl\/wp-content\/uploads\/2024\/09\/IMG_20211009_170917-1-1024x768.jpg 1024w, https:\/\/eval.cl\/wp-content\/uploads\/2024\/09\/IMG_20211009_170917-1-300x225.jpg 300w, https:\/\/eval.cl\/wp-content\/uploads\/2024\/09\/IMG_20211009_170917-1-1536x1152.jpg 1536w, https:\/\/eval.cl\/wp-content\/uploads\/2024\/09\/IMG_20211009_170917-1-600x450.jpg 600w\" sizes=\"(max-width: 1024px) 100vw, 1024px\" \/><\/noscript><\/a><\/div><h2 class=\"w-post-elm post_title usg_post_title_1 has_text_color woocommerce-loop-product__title color_link_inherit\"><a href=\"https:\/\/eval.cl\/index.php\/producto\/rtgeval-50-ton\/\">RTG,EVAL 50 ton.<\/a><\/h2><\/div>\t\t<\/div>\r\n\t\t\t<\/article>\r\n\t<article class=\"w-grid-item size_1x1 post-10000 product type-product status-publish has-post-thumbnail product_cat-grua-portico-con-neumaticos  instock shipping-taxable product-type-simple\" data-id=\"10000\">\r\n\t\t<div class=\"w-grid-item-h\">\r\n\t\t\t\t\t\t<div class=\"w-vwrapper usg_vwrapper_1 align_none valign_top\"><div class=\"w-post-elm post_image usg_post_image_1 ima-grua stretched\"><a href=\"https:\/\/eval.cl\/index.php\/producto\/rtg-eval-10ton\/\" aria-label=\"RTG EVAL 10ton\"><img loading=\"lazy\" decoding=\"async\" width=\"878\" height=\"1024\" data-src=\"https:\/\/eval.cl\/wp-content\/uploads\/2024\/09\/RTG-EVAL-10ton-878x1024.jpg\" class=\"attachment-large size-large wp-post-image lazyload\" alt=\"RTG EVAL 10ton, Santiago\" data-srcset=\"https:\/\/eval.cl\/wp-content\/uploads\/2024\/09\/RTG-EVAL-10ton-878x1024.jpg 878w, https:\/\/eval.cl\/wp-content\/uploads\/2024\/09\/RTG-EVAL-10ton-257x300.jpg 257w, https:\/\/eval.cl\/wp-content\/uploads\/2024\/09\/RTG-EVAL-10ton-600x700.jpg 600w, https:\/\/eval.cl\/wp-content\/uploads\/2024\/09\/RTG-EVAL-10ton.jpg 959w\" data-sizes=\"(max-width: 878px) 100vw, 878px\" src=\"data:image\/gif;base64,R0lGODlhAQABAAAAACH5BAEKAAEALAAAAAABAAEAAAICTAEAOw==\" style=\"--smush-placeholder-width: 878px; --smush-placeholder-aspect-ratio: 878\/1024;\" \/><noscript><img loading=\"lazy\" decoding=\"async\" width=\"878\" height=\"1024\" src=\"https:\/\/eval.cl\/wp-content\/uploads\/2024\/09\/RTG-EVAL-10ton-878x1024.jpg\" class=\"attachment-large size-large wp-post-image\" alt=\"RTG EVAL 10ton, Santiago\" srcset=\"https:\/\/eval.cl\/wp-content\/uploads\/2024\/09\/RTG-EVAL-10ton-878x1024.jpg 878w, https:\/\/eval.cl\/wp-content\/uploads\/2024\/09\/RTG-EVAL-10ton-257x300.jpg 257w, https:\/\/eval.cl\/wp-content\/uploads\/2024\/09\/RTG-EVAL-10ton-600x700.jpg 600w, https:\/\/eval.cl\/wp-content\/uploads\/2024\/09\/RTG-EVAL-10ton.jpg 959w\" sizes=\"(max-width: 878px) 100vw, 878px\" \/><\/noscript><\/a><\/div><h2 class=\"w-post-elm post_title usg_post_title_1 has_text_color woocommerce-loop-product__title color_link_inherit\"><a href=\"https:\/\/eval.cl\/index.php\/producto\/rtg-eval-10ton\/\">RTG EVAL 10ton<\/a><\/h2><\/div>\t\t<\/div>\r\n\t\t\t<\/article>\r\n\t<article class=\"w-grid-item size_1x1 post-9997 product type-product status-publish has-post-thumbnail product_cat-grua-portico-con-neumaticos  instock shipping-taxable product-type-simple\" data-id=\"9997\">\r\n\t\t<div class=\"w-grid-item-h\">\r\n\t\t\t\t\t\t<div class=\"w-vwrapper usg_vwrapper_1 align_none valign_top\"><div class=\"w-post-elm post_image usg_post_image_1 ima-grua stretched\"><a href=\"https:\/\/eval.cl\/index.php\/producto\/grua-puerto-o-grua-movil-eval125-ton\/\" aria-label=\"Gr\u00faa puerto o gr\u00faa m\u00f3vil EVAL12,5 ton.\"><img loading=\"lazy\" decoding=\"async\" width=\"1024\" height=\"768\" data-src=\"https:\/\/eval.cl\/wp-content\/uploads\/2024\/09\/IMG_20221125_193706-1024x768.jpg\" class=\"attachment-large size-large wp-post-image lazyload\" alt=\"Gr\u00faa puerto o gr\u00faa m\u00f3vil EVAL12,5 ton, Santiago\" data-srcset=\"https:\/\/eval.cl\/wp-content\/uploads\/2024\/09\/IMG_20221125_193706-1024x768.jpg 1024w, https:\/\/eval.cl\/wp-content\/uploads\/2024\/09\/IMG_20221125_193706-300x225.jpg 300w, https:\/\/eval.cl\/wp-content\/uploads\/2024\/09\/IMG_20221125_193706-1536x1152.jpg 1536w, https:\/\/eval.cl\/wp-content\/uploads\/2024\/09\/IMG_20221125_193706-600x450.jpg 600w\" data-sizes=\"(max-width: 1024px) 100vw, 1024px\" src=\"data:image\/gif;base64,R0lGODlhAQABAAAAACH5BAEKAAEALAAAAAABAAEAAAICTAEAOw==\" style=\"--smush-placeholder-width: 1024px; --smush-placeholder-aspect-ratio: 1024\/768;\" \/><noscript><img loading=\"lazy\" decoding=\"async\" width=\"1024\" height=\"768\" src=\"https:\/\/eval.cl\/wp-content\/uploads\/2024\/09\/IMG_20221125_193706-1024x768.jpg\" class=\"attachment-large size-large wp-post-image\" alt=\"Gr\u00faa puerto o gr\u00faa m\u00f3vil EVAL12,5 ton, Santiago\" srcset=\"https:\/\/eval.cl\/wp-content\/uploads\/2024\/09\/IMG_20221125_193706-1024x768.jpg 1024w, https:\/\/eval.cl\/wp-content\/uploads\/2024\/09\/IMG_20221125_193706-300x225.jpg 300w, https:\/\/eval.cl\/wp-content\/uploads\/2024\/09\/IMG_20221125_193706-1536x1152.jpg 1536w, https:\/\/eval.cl\/wp-content\/uploads\/2024\/09\/IMG_20221125_193706-600x450.jpg 600w\" sizes=\"(max-width: 1024px) 100vw, 1024px\" \/><\/noscript><\/a><\/div><h2 class=\"w-post-elm post_title usg_post_title_1 has_text_color woocommerce-loop-product__title color_link_inherit\"><a href=\"https:\/\/eval.cl\/index.php\/producto\/grua-puerto-o-grua-movil-eval125-ton\/\">Gr\u00faa puerto o gr\u00faa m\u00f3vil EVAL12,5 ton.<\/a><\/h2><\/div>\t\t<\/div>\r\n\t\t\t<\/article>\r\n\t<article class=\"w-grid-item size_1x1 post-9995 product type-product status-publish has-post-thumbnail product_cat-grua-portico-con-neumaticos last instock shipping-taxable product-type-simple\" data-id=\"9995\">\r\n\t\t<div class=\"w-grid-item-h\">\r\n\t\t\t\t\t\t<div class=\"w-vwrapper usg_vwrapper_1 align_none valign_top\"><div class=\"w-post-elm post_image usg_post_image_1 ima-grua stretched\"><a href=\"https:\/\/eval.cl\/index.php\/producto\/grua-puerto-eval-50ton-25-25\/\" aria-label=\"Gr\u00faa Puerto EVAL 50ton (25 +25)\"><img loading=\"lazy\" decoding=\"async\" width=\"768\" height=\"1024\" data-src=\"https:\/\/eval.cl\/wp-content\/uploads\/2024\/09\/IMG_20221130_101928-1-768x1024.jpg\" class=\"attachment-large size-large wp-post-image lazyload\" alt=\"Gr\u00faa Puerto, m\u00f3vil aut\u00f3nomo EVAL 50ton (25 +25), Sanrtiago\" data-srcset=\"https:\/\/eval.cl\/wp-content\/uploads\/2024\/09\/IMG_20221130_101928-1-768x1024.jpg 768w, https:\/\/eval.cl\/wp-content\/uploads\/2024\/09\/IMG_20221130_101928-1-225x300.jpg 225w, https:\/\/eval.cl\/wp-content\/uploads\/2024\/09\/IMG_20221130_101928-1-1152x1536.jpg 1152w, https:\/\/eval.cl\/wp-content\/uploads\/2024\/09\/IMG_20221130_101928-1-600x800.jpg 600w, https:\/\/eval.cl\/wp-content\/uploads\/2024\/09\/IMG_20221130_101928-1-scaled.jpg 1920w\" data-sizes=\"(max-width: 768px) 100vw, 768px\" src=\"data:image\/gif;base64,R0lGODlhAQABAAAAACH5BAEKAAEALAAAAAABAAEAAAICTAEAOw==\" style=\"--smush-placeholder-width: 768px; --smush-placeholder-aspect-ratio: 768\/1024;\" \/><noscript><img loading=\"lazy\" decoding=\"async\" width=\"768\" height=\"1024\" src=\"https:\/\/eval.cl\/wp-content\/uploads\/2024\/09\/IMG_20221130_101928-1-768x1024.jpg\" class=\"attachment-large size-large wp-post-image\" alt=\"Gr\u00faa Puerto, m\u00f3vil aut\u00f3nomo EVAL 50ton (25 +25), Sanrtiago\" srcset=\"https:\/\/eval.cl\/wp-content\/uploads\/2024\/09\/IMG_20221130_101928-1-768x1024.jpg 768w, https:\/\/eval.cl\/wp-content\/uploads\/2024\/09\/IMG_20221130_101928-1-225x300.jpg 225w, https:\/\/eval.cl\/wp-content\/uploads\/2024\/09\/IMG_20221130_101928-1-1152x1536.jpg 1152w, https:\/\/eval.cl\/wp-content\/uploads\/2024\/09\/IMG_20221130_101928-1-600x800.jpg 600w, https:\/\/eval.cl\/wp-content\/uploads\/2024\/09\/IMG_20221130_101928-1-scaled.jpg 1920w\" sizes=\"(max-width: 768px) 100vw, 768px\" \/><\/noscript><\/a><\/div><h2 class=\"w-post-elm post_title usg_post_title_1 has_text_color woocommerce-loop-product__title color_link_inherit\"><a href=\"https:\/\/eval.cl\/index.php\/producto\/grua-puerto-eval-50ton-25-25\/\">Gr\u00faa Puerto EVAL 50ton (25 +25)<\/a><\/h2><\/div>\t\t<\/div>\r\n\t\t\t<\/article>\r\n\t<article class=\"w-grid-item size_1x1 post-9989 product type-product status-publish has-post-thumbnail product_cat-grua-portico-con-neumaticos first instock shipping-taxable product-type-simple\" data-id=\"9989\">\r\n\t\t<div class=\"w-grid-item-h\">\r\n\t\t\t\t\t\t<div class=\"w-vwrapper usg_vwrapper_1 align_none valign_top\"><div class=\"w-post-elm post_image usg_post_image_1 ima-grua stretched\"><a href=\"https:\/\/eval.cl\/index.php\/producto\/grua-puerto-eval-12-5-ton\/\" aria-label=\"Gr\u00faa puerto, EVAL 12.5 ton.\"><img loading=\"lazy\" decoding=\"async\" width=\"1024\" height=\"461\" data-src=\"https:\/\/eval.cl\/wp-content\/uploads\/2024\/09\/IMG-20230310-WA0022-1024x461.jpg\" class=\"attachment-large size-large wp-post-image lazyload\" alt=\"Gr\u00faa puerto, EVAL 12.5 ton, Iquique\" data-srcset=\"https:\/\/eval.cl\/wp-content\/uploads\/2024\/09\/IMG-20230310-WA0022-1024x461.jpg 1024w, https:\/\/eval.cl\/wp-content\/uploads\/2024\/09\/IMG-20230310-WA0022-300x135.jpg 300w, https:\/\/eval.cl\/wp-content\/uploads\/2024\/09\/IMG-20230310-WA0022-1536x691.jpg 1536w, https:\/\/eval.cl\/wp-content\/uploads\/2024\/09\/IMG-20230310-WA0022-600x270.jpg 600w, https:\/\/eval.cl\/wp-content\/uploads\/2024\/09\/IMG-20230310-WA0022.jpg 1600w\" data-sizes=\"(max-width: 1024px) 100vw, 1024px\" src=\"data:image\/gif;base64,R0lGODlhAQABAAAAACH5BAEKAAEALAAAAAABAAEAAAICTAEAOw==\" style=\"--smush-placeholder-width: 1024px; --smush-placeholder-aspect-ratio: 1024\/461;\" \/><noscript><img loading=\"lazy\" decoding=\"async\" width=\"1024\" height=\"461\" src=\"https:\/\/eval.cl\/wp-content\/uploads\/2024\/09\/IMG-20230310-WA0022-1024x461.jpg\" class=\"attachment-large size-large wp-post-image\" alt=\"Gr\u00faa puerto, EVAL 12.5 ton, Iquique\" srcset=\"https:\/\/eval.cl\/wp-content\/uploads\/2024\/09\/IMG-20230310-WA0022-1024x461.jpg 1024w, https:\/\/eval.cl\/wp-content\/uploads\/2024\/09\/IMG-20230310-WA0022-300x135.jpg 300w, https:\/\/eval.cl\/wp-content\/uploads\/2024\/09\/IMG-20230310-WA0022-1536x691.jpg 1536w, https:\/\/eval.cl\/wp-content\/uploads\/2024\/09\/IMG-20230310-WA0022-600x270.jpg 600w, https:\/\/eval.cl\/wp-content\/uploads\/2024\/09\/IMG-20230310-WA0022.jpg 1600w\" sizes=\"(max-width: 1024px) 100vw, 1024px\" \/><\/noscript><\/a><\/div><h2 class=\"w-post-elm post_title usg_post_title_1 has_text_color woocommerce-loop-product__title color_link_inherit\"><a href=\"https:\/\/eval.cl\/index.php\/producto\/grua-puerto-eval-12-5-ton\/\">Gr\u00faa puerto, EVAL 12.5 ton.<\/a><\/h2><\/div>\t\t<\/div>\r\n\t\t\t<\/article>\r\n<\/div><div class=\"w-grid-preloader\">\t<div class=\"g-preloader type_1\">\r\n\t\t<div><\/div>\r\n\t<\/div>\r\n\t<\/div>\t<div class=\"w-grid-json hidden\" onclick='return {&quot;action&quot;:&quot;us_ajax_grid&quot;,&quot;infinite_scroll&quot;:0,&quot;max_num_pages&quot;:1,&quot;pagination&quot;:&quot;none&quot;,&quot;template_vars&quot;:{&quot;columns&quot;:&quot;3&quot;,&quot;exclude_items&quot;:&quot;none&quot;,&quot;img_size&quot;:&quot;default&quot;,&quot;ignore_items_size&quot;:0,&quot;items_layout&quot;:&quot;9947&quot;,&quot;items_offset&quot;:&quot;1&quot;,&quot;load_animation&quot;:&quot;none&quot;,&quot;overriding_link&quot;:&quot;%7B%22url%22%3A%22%22%7D&quot;,&quot;post_id&quot;:0,&quot;query_args&quot;:{&quot;post_type&quot;:[&quot;product&quot;],&quot;tax_query&quot;:[{&quot;taxonomy&quot;:&quot;product_cat&quot;,&quot;field&quot;:&quot;slug&quot;,&quot;terms&quot;:[&quot;grua-portico-con-neumaticos&quot;]},{&quot;taxonomy&quot;:&quot;product_visibility&quot;,&quot;field&quot;:&quot;slug&quot;,&quot;terms&quot;:[&quot;exclude-from-catalog&quot;],&quot;operator&quot;:&quot;NOT IN&quot;}],&quot;post_status&quot;:[&quot;publish&quot;,&quot;acf-disabled&quot;],&quot;meta_query&quot;:[],&quot;posts_per_page&quot;:&quot;10&quot;},&quot;orderby_query_args&quot;:{&quot;orderby&quot;:{&quot;date&quot;:&quot;DESC&quot;}},&quot;type&quot;:&quot;grid&quot;,&quot;us_grid_post_type&quot;:&quot;product&quot;,&quot;us_grid_ajax_index&quot;:1,&quot;us_grid_filter_query_string&quot;:null,&quot;us_grid_index&quot;:1,&quot;page_args&quot;:[]}}'><\/div>\r\n\t<\/div><div class=\"w-separator size_large\"><\/div><\/div><\/div><\/div><\/div><\/div><\/section>\n","protected":false},"excerpt":{"rendered":"Esta gr\u00faa o gr\u00faa m\u00f3vil aut\u00f3noma dise\u00f1ada completamente en EVAL Ltda, tiene como finalidad ser usada en espacios abiertos como patios de almacenamiento de cargas de grandes vol\u00famenes y adem\u00e1s tiene la particularidad que no es necesario instalar pista de rodadura. Su fabricaci\u00f3n va desde 10 a 80 toneladas seg\u00fan las necesidades de su empresa.","protected":false},"author":3,"featured_media":0,"parent":0,"menu_order":0,"comment_status":"closed","ping_status":"closed","template":"","meta":{"footnotes":""},"class_list":["post-9934","page","type-page","status-publish","hentry"],"yoast_head":"<!-- This site is optimized with the Yoast SEO plugin v23.8 - https:\/\/yoast.com\/wordpress\/plugins\/seo\/ -->\n<title>GR\u00daA P\u00d3RTICO CON NEUM\u00c1TICOS - Eval<\/title>\n<meta name=\"robots\" content=\"index, follow, max-snippet:-1, max-image-preview:large, max-video-preview:-1\" \/>\n<link rel=\"canonical\" href=\"https:\/\/eval.cl\/index.php\/grua-portico-con-neumaticos\/\" \/>\n<meta property=\"og:locale\" content=\"es_ES\" \/>\n<meta property=\"og:type\" content=\"article\" \/>\n<meta property=\"og:title\" content=\"GR\u00daA P\u00d3RTICO CON NEUM\u00c1TICOS - Eval\" \/>\n<meta property=\"og:url\" content=\"https:\/\/eval.cl\/index.php\/grua-portico-con-neumaticos\/\" \/>\n<meta property=\"og:site_name\" content=\"Eval\" \/>\n<meta property=\"article:modified_time\" content=\"2024-09-16T14:05:16+00:00\" \/>\n<meta name=\"twitter:card\" content=\"summary_large_image\" \/>\n<script type=\"application\/ld+json\" class=\"yoast-schema-graph\">{\"@context\":\"https:\/\/schema.org\",\"@graph\":[{\"@type\":\"WebPage\",\"@id\":\"https:\/\/eval.cl\/index.php\/grua-portico-con-neumaticos\/\",\"url\":\"https:\/\/eval.cl\/index.php\/grua-portico-con-neumaticos\/\",\"name\":\"GR\u00daA P\u00d3RTICO CON NEUM\u00c1TICOS - Eval\",\"isPartOf\":{\"@id\":\"https:\/\/eval.cl\/#website\"},\"datePublished\":\"2024-09-16T11:39:54+00:00\",\"dateModified\":\"2024-09-16T14:05:16+00:00\",\"breadcrumb\":{\"@id\":\"https:\/\/eval.cl\/index.php\/grua-portico-con-neumaticos\/#breadcrumb\"},\"inLanguage\":\"es\",\"potentialAction\":[{\"@type\":\"ReadAction\",\"target\":[\"https:\/\/eval.cl\/index.php\/grua-portico-con-neumaticos\/\"]}]},{\"@type\":\"BreadcrumbList\",\"@id\":\"https:\/\/eval.cl\/index.php\/grua-portico-con-neumaticos\/#breadcrumb\",\"itemListElement\":[{\"@type\":\"ListItem\",\"position\":1,\"name\":\"Portada\",\"item\":\"https:\/\/eval.cl\/\"},{\"@type\":\"ListItem\",\"position\":2,\"name\":\"GR\u00daA P\u00d3RTICO CON NEUM\u00c1TICOS\"}]},{\"@type\":\"WebSite\",\"@id\":\"https:\/\/eval.cl\/#website\",\"url\":\"https:\/\/eval.cl\/\",\"name\":\"Eval\",\"description\":\"Puente Gr\u00faa, Gr\u00faa Viajera, Fabricaci\u00f3n de Puente Gr\u00faa, Instalaci\u00f3n de Puente Gr\u00faa, Gr\u00faa Portal, Gr\u00faa P\u00f3rtico con Neum\u00e1ticos, Gr\u00faa Puerto RTG, Repuestos y Accesorios\",\"publisher\":{\"@id\":\"https:\/\/eval.cl\/#organization\"},\"potentialAction\":[{\"@type\":\"SearchAction\",\"target\":{\"@type\":\"EntryPoint\",\"urlTemplate\":\"https:\/\/eval.cl\/?s={search_term_string}\"},\"query-input\":{\"@type\":\"PropertyValueSpecification\",\"valueRequired\":true,\"valueName\":\"search_term_string\"}}],\"inLanguage\":\"es\"},{\"@type\":\"Organization\",\"@id\":\"https:\/\/eval.cl\/#organization\",\"name\":\"Eval\",\"url\":\"https:\/\/eval.cl\/\",\"logo\":{\"@type\":\"ImageObject\",\"inLanguage\":\"es\",\"@id\":\"https:\/\/eval.cl\/#\/schema\/logo\/image\/\",\"url\":\"https:\/\/eval.cl\/wp-content\/uploads\/2017\/07\/REDISENO-EVAL-04.webp\",\"contentUrl\":\"https:\/\/eval.cl\/wp-content\/uploads\/2017\/07\/REDISENO-EVAL-04.webp\",\"width\":160,\"height\":83,\"caption\":\"Eval\"},\"image\":{\"@id\":\"https:\/\/eval.cl\/#\/schema\/logo\/image\/\"}}]}<\/script>\n<!-- \/ Yoast SEO plugin. -->","yoast_head_json":{"title":"GR\u00daA P\u00d3RTICO CON NEUM\u00c1TICOS - Eval","robots":{"index":"index","follow":"follow","max-snippet":"max-snippet:-1","max-image-preview":"max-image-preview:large","max-video-preview":"max-video-preview:-1"},"canonical":"https:\/\/eval.cl\/index.php\/grua-portico-con-neumaticos\/","og_locale":"es_ES","og_type":"article","og_title":"GR\u00daA P\u00d3RTICO CON NEUM\u00c1TICOS - Eval","og_url":"https:\/\/eval.cl\/index.php\/grua-portico-con-neumaticos\/","og_site_name":"Eval","article_modified_time":"2024-09-16T14:05:16+00:00","twitter_card":"summary_large_image","schema":{"@context":"https:\/\/schema.org","@graph":[{"@type":"WebPage","@id":"https:\/\/eval.cl\/index.php\/grua-portico-con-neumaticos\/","url":"https:\/\/eval.cl\/index.php\/grua-portico-con-neumaticos\/","name":"GR\u00daA P\u00d3RTICO CON NEUM\u00c1TICOS - Eval","isPartOf":{"@id":"https:\/\/eval.cl\/#website"},"datePublished":"2024-09-16T11:39:54+00:00","dateModified":"2024-09-16T14:05:16+00:00","breadcrumb":{"@id":"https:\/\/eval.cl\/index.php\/grua-portico-con-neumaticos\/#breadcrumb"},"inLanguage":"es","potentialAction":[{"@type":"ReadAction","target":["https:\/\/eval.cl\/index.php\/grua-portico-con-neumaticos\/"]}]},{"@type":"BreadcrumbList","@id":"https:\/\/eval.cl\/index.php\/grua-portico-con-neumaticos\/#breadcrumb","itemListElement":[{"@type":"ListItem","position":1,"name":"Portada","item":"https:\/\/eval.cl\/"},{"@type":"ListItem","position":2,"name":"GR\u00daA P\u00d3RTICO CON NEUM\u00c1TICOS"}]},{"@type":"WebSite","@id":"https:\/\/eval.cl\/#website","url":"https:\/\/eval.cl\/","name":"Eval","description":"Puente Gr\u00faa, Gr\u00faa Viajera, Fabricaci\u00f3n de Puente Gr\u00faa, Instalaci\u00f3n de Puente Gr\u00faa, Gr\u00faa Portal, Gr\u00faa P\u00f3rtico con Neum\u00e1ticos, Gr\u00faa Puerto RTG, Repuestos y Accesorios","publisher":{"@id":"https:\/\/eval.cl\/#organization"},"potentialAction":[{"@type":"SearchAction","target":{"@type":"EntryPoint","urlTemplate":"https:\/\/eval.cl\/?s={search_term_string}"},"query-input":{"@type":"PropertyValueSpecification","valueRequired":true,"valueName":"search_term_string"}}],"inLanguage":"es"},{"@type":"Organization","@id":"https:\/\/eval.cl\/#organization","name":"Eval","url":"https:\/\/eval.cl\/","logo":{"@type":"ImageObject","inLanguage":"es","@id":"https:\/\/eval.cl\/#\/schema\/logo\/image\/","url":"https:\/\/eval.cl\/wp-content\/uploads\/2017\/07\/REDISENO-EVAL-04.webp","contentUrl":"https:\/\/eval.cl\/wp-content\/uploads\/2017\/07\/REDISENO-EVAL-04.webp","width":160,"height":83,"caption":"Eval"},"image":{"@id":"https:\/\/eval.cl\/#\/schema\/logo\/image\/"}}]}},"acf":[],"_links":{"self":[{"href":"https:\/\/eval.cl\/index.php\/wp-json\/wp\/v2\/pages\/9934","targetHints":{"allow":["GET"]}}],"collection":[{"href":"https:\/\/eval.cl\/index.php\/wp-json\/wp\/v2\/pages"}],"about":[{"href":"https:\/\/eval.cl\/index.php\/wp-json\/wp\/v2\/types\/page"}],"author":[{"embeddable":true,"href":"https:\/\/eval.cl\/index.php\/wp-json\/wp\/v2\/users\/3"}],"replies":[{"embeddable":true,"href":"https:\/\/eval.cl\/index.php\/wp-json\/wp\/v2\/comments?post=9934"}],"version-history":[{"count":4,"href":"https:\/\/eval.cl\/index.php\/wp-json\/wp\/v2\/pages\/9934\/revisions"}],"predecessor-version":[{"id":9994,"href":"https:\/\/eval.cl\/index.php\/wp-json\/wp\/v2\/pages\/9934\/revisions\/9994"}],"wp:attachment":[{"href":"https:\/\/eval.cl\/index.php\/wp-json\/wp\/v2\/media?parent=9934"}],"curies":[{"name":"wp","href":"https:\/\/api.w.org\/{rel}","templated":true}]}}