{"id":10352,"date":"2024-12-13T09:54:24","date_gmt":"2024-12-13T12:54:24","guid":{"rendered":"https:\/\/eval.cl\/?post_type=product&#038;p=10352"},"modified":"2024-12-13T09:54:24","modified_gmt":"2024-12-13T12:54:24","slug":"e1-sfera","status":"publish","type":"product","link":"https:\/\/eval.cl\/index.php\/producto\/e1-sfera\/","title":{"rendered":"E1 Sfera"},"content":{"rendered":"<h1>Radio control remoto portatil de cadera<\/h1>\n<p>Sfera es un radio control remoto portatil de cadera para aplicaciones donde se requiere un gran numebro de funciones, puede incluirsele hasta 3 joysticks de doble eje en combinacion con selectores (mas de 5) o botones (sobre pedido). Es posible tambien tener una configuracion con 20 selectores\/botones. Tiene un cinturon integrado permientiendolo usar con una sola mano. Su conveniente forma compacta permite al operador disfrutar de un uso comodo por periodos largos. La carcasa esta hecha de un robusto ABS. SFERA usa la electronica GENIO, bastante confiable y facil de mantener. El etuiquetado es personalizable (opcional). El paquete standar incluye: transmisor, receptor, cargador de baterias, 2 baterias recargables, correa, manual de usuario.<\/p>\n","protected":false},"excerpt":{"rendered":"<p>Radio control remoto portatil de cadera Sfera es un radio control remoto portatil de cadera para aplicaciones donde se requiere un gran numebro de funciones, puede incluirsele hasta 3 joysticks de doble eje en combinacion con selectores (mas de 5) o botones (sobre pedido). Es posible tambien tener una configuracion con 20 selectores\/botones. Tiene un&#8230;<\/p>\n","protected":false},"featured_media":10353,"template":"","meta":[],"product_cat":[113],"product_tag":[],"class_list":{"0":"post-10352","1":"product","2":"type-product","3":"status-publish","4":"has-post-thumbnail","6":"product_cat-controles-remotos-radiocontroles","8":"first","9":"instock","10":"shipping-taxable","11":"product-type-simple"},"yoast_head":"<!-- This site is optimized with the Yoast SEO plugin v23.8 - https:\/\/yoast.com\/wordpress\/plugins\/seo\/ -->\n<title>E1 Sfera - Eval<\/title>\n<meta name=\"robots\" content=\"index, follow, max-snippet:-1, max-image-preview:large, max-video-preview:-1\" \/>\n<link rel=\"canonical\" href=\"https:\/\/eval.cl\/index.php\/producto\/e1-sfera\/\" \/>\n<meta property=\"og:locale\" content=\"es_ES\" \/>\n<meta property=\"og:type\" content=\"article\" \/>\n<meta property=\"og:title\" content=\"E1 Sfera - Eval\" \/>\n<meta property=\"og:description\" content=\"Radio control remoto portatil de cadera Sfera es un radio control remoto portatil de cadera para aplicaciones donde se requiere un gran numebro de funciones, puede incluirsele hasta 3 joysticks de doble eje en combinacion con selectores (mas de 5) o botones (sobre pedido). Es posible tambien tener una configuracion con 20 selectores\/botones. Tiene un...\" \/>\n<meta property=\"og:url\" content=\"https:\/\/eval.cl\/index.php\/producto\/e1-sfera\/\" \/>\n<meta property=\"og:site_name\" content=\"Eval\" \/>\n<meta property=\"og:image\" content=\"https:\/\/eval.cl\/wp-content\/uploads\/2024\/12\/a42a2aa6c7440291c38ba9adc5892a56_XL.jpg\" \/>\n\t<meta property=\"og:image:width\" content=\"900\" \/>\n\t<meta property=\"og:image:height\" content=\"675\" \/>\n\t<meta property=\"og:image:type\" content=\"image\/jpeg\" \/>\n<meta name=\"twitter:card\" content=\"summary_large_image\" \/>\n<meta name=\"twitter:label1\" content=\"Tiempo de lectura\" \/>\n\t<meta name=\"twitter:data1\" content=\"1 minuto\" \/>\n<script type=\"application\/ld+json\" class=\"yoast-schema-graph\">{\"@context\":\"https:\/\/schema.org\",\"@graph\":[{\"@type\":\"WebPage\",\"@id\":\"https:\/\/eval.cl\/index.php\/producto\/e1-sfera\/\",\"url\":\"https:\/\/eval.cl\/index.php\/producto\/e1-sfera\/\",\"name\":\"E1 Sfera - Eval\",\"isPartOf\":{\"@id\":\"https:\/\/eval.cl\/#website\"},\"primaryImageOfPage\":{\"@id\":\"https:\/\/eval.cl\/index.php\/producto\/e1-sfera\/#primaryimage\"},\"image\":{\"@id\":\"https:\/\/eval.cl\/index.php\/producto\/e1-sfera\/#primaryimage\"},\"thumbnailUrl\":\"https:\/\/eval.cl\/wp-content\/uploads\/2024\/12\/a42a2aa6c7440291c38ba9adc5892a56_XL.jpg\",\"datePublished\":\"2024-12-13T12:54:24+00:00\",\"dateModified\":\"2024-12-13T12:54:24+00:00\",\"breadcrumb\":{\"@id\":\"https:\/\/eval.cl\/index.php\/producto\/e1-sfera\/#breadcrumb\"},\"inLanguage\":\"es\",\"potentialAction\":[{\"@type\":\"ReadAction\",\"target\":[\"https:\/\/eval.cl\/index.php\/producto\/e1-sfera\/\"]}]},{\"@type\":\"ImageObject\",\"inLanguage\":\"es\",\"@id\":\"https:\/\/eval.cl\/index.php\/producto\/e1-sfera\/#primaryimage\",\"url\":\"https:\/\/eval.cl\/wp-content\/uploads\/2024\/12\/a42a2aa6c7440291c38ba9adc5892a56_XL.jpg\",\"contentUrl\":\"https:\/\/eval.cl\/wp-content\/uploads\/2024\/12\/a42a2aa6c7440291c38ba9adc5892a56_XL.jpg\",\"width\":900,\"height\":675},{\"@type\":\"BreadcrumbList\",\"@id\":\"https:\/\/eval.cl\/index.php\/producto\/e1-sfera\/#breadcrumb\",\"itemListElement\":[{\"@type\":\"ListItem\",\"position\":1,\"name\":\"Portada\",\"item\":\"https:\/\/eval.cl\/\"},{\"@type\":\"ListItem\",\"position\":2,\"name\":\"Tienda\",\"item\":\"https:\/\/eval.cl\/index.php\/tienda\/\"},{\"@type\":\"ListItem\",\"position\":3,\"name\":\"E1 Sfera\"}]},{\"@type\":\"WebSite\",\"@id\":\"https:\/\/eval.cl\/#website\",\"url\":\"https:\/\/eval.cl\/\",\"name\":\"Eval\",\"description\":\"Puente Gr\u00faa, Gr\u00faa Viajera, Fabricaci\u00f3n de Puente Gr\u00faa, Instalaci\u00f3n de Puente Gr\u00faa, Gr\u00faa Portal, Gr\u00faa P\u00f3rtico con Neum\u00e1ticos, Gr\u00faa Puerto RTG, Repuestos y Accesorios\",\"publisher\":{\"@id\":\"https:\/\/eval.cl\/#organization\"},\"potentialAction\":[{\"@type\":\"SearchAction\",\"target\":{\"@type\":\"EntryPoint\",\"urlTemplate\":\"https:\/\/eval.cl\/?s={search_term_string}\"},\"query-input\":{\"@type\":\"PropertyValueSpecification\",\"valueRequired\":true,\"valueName\":\"search_term_string\"}}],\"inLanguage\":\"es\"},{\"@type\":\"Organization\",\"@id\":\"https:\/\/eval.cl\/#organization\",\"name\":\"Eval\",\"url\":\"https:\/\/eval.cl\/\",\"logo\":{\"@type\":\"ImageObject\",\"inLanguage\":\"es\",\"@id\":\"https:\/\/eval.cl\/#\/schema\/logo\/image\/\",\"url\":\"https:\/\/eval.cl\/wp-content\/uploads\/2017\/07\/REDISENO-EVAL-04.webp\",\"contentUrl\":\"https:\/\/eval.cl\/wp-content\/uploads\/2017\/07\/REDISENO-EVAL-04.webp\",\"width\":160,\"height\":83,\"caption\":\"Eval\"},\"image\":{\"@id\":\"https:\/\/eval.cl\/#\/schema\/logo\/image\/\"}}]}<\/script>\n<!-- \/ Yoast SEO plugin. -->","yoast_head_json":{"title":"E1 Sfera - Eval","robots":{"index":"index","follow":"follow","max-snippet":"max-snippet:-1","max-image-preview":"max-image-preview:large","max-video-preview":"max-video-preview:-1"},"canonical":"https:\/\/eval.cl\/index.php\/producto\/e1-sfera\/","og_locale":"es_ES","og_type":"article","og_title":"E1 Sfera - Eval","og_description":"Radio control remoto portatil de cadera Sfera es un radio control remoto portatil de cadera para aplicaciones donde se requiere un gran numebro de funciones, puede incluirsele hasta 3 joysticks de doble eje en combinacion con selectores (mas de 5) o botones (sobre pedido). Es posible tambien tener una configuracion con 20 selectores\/botones. Tiene un...","og_url":"https:\/\/eval.cl\/index.php\/producto\/e1-sfera\/","og_site_name":"Eval","og_image":[{"width":900,"height":675,"url":"https:\/\/eval.cl\/wp-content\/uploads\/2024\/12\/a42a2aa6c7440291c38ba9adc5892a56_XL.jpg","type":"image\/jpeg"}],"twitter_card":"summary_large_image","twitter_misc":{"Tiempo de lectura":"1 minuto"},"schema":{"@context":"https:\/\/schema.org","@graph":[{"@type":"WebPage","@id":"https:\/\/eval.cl\/index.php\/producto\/e1-sfera\/","url":"https:\/\/eval.cl\/index.php\/producto\/e1-sfera\/","name":"E1 Sfera - Eval","isPartOf":{"@id":"https:\/\/eval.cl\/#website"},"primaryImageOfPage":{"@id":"https:\/\/eval.cl\/index.php\/producto\/e1-sfera\/#primaryimage"},"image":{"@id":"https:\/\/eval.cl\/index.php\/producto\/e1-sfera\/#primaryimage"},"thumbnailUrl":"https:\/\/eval.cl\/wp-content\/uploads\/2024\/12\/a42a2aa6c7440291c38ba9adc5892a56_XL.jpg","datePublished":"2024-12-13T12:54:24+00:00","dateModified":"2024-12-13T12:54:24+00:00","breadcrumb":{"@id":"https:\/\/eval.cl\/index.php\/producto\/e1-sfera\/#breadcrumb"},"inLanguage":"es","potentialAction":[{"@type":"ReadAction","target":["https:\/\/eval.cl\/index.php\/producto\/e1-sfera\/"]}]},{"@type":"ImageObject","inLanguage":"es","@id":"https:\/\/eval.cl\/index.php\/producto\/e1-sfera\/#primaryimage","url":"https:\/\/eval.cl\/wp-content\/uploads\/2024\/12\/a42a2aa6c7440291c38ba9adc5892a56_XL.jpg","contentUrl":"https:\/\/eval.cl\/wp-content\/uploads\/2024\/12\/a42a2aa6c7440291c38ba9adc5892a56_XL.jpg","width":900,"height":675},{"@type":"BreadcrumbList","@id":"https:\/\/eval.cl\/index.php\/producto\/e1-sfera\/#breadcrumb","itemListElement":[{"@type":"ListItem","position":1,"name":"Portada","item":"https:\/\/eval.cl\/"},{"@type":"ListItem","position":2,"name":"Tienda","item":"https:\/\/eval.cl\/index.php\/tienda\/"},{"@type":"ListItem","position":3,"name":"E1 Sfera"}]},{"@type":"WebSite","@id":"https:\/\/eval.cl\/#website","url":"https:\/\/eval.cl\/","name":"Eval","description":"Puente Gr\u00faa, Gr\u00faa Viajera, Fabricaci\u00f3n de Puente Gr\u00faa, Instalaci\u00f3n de Puente Gr\u00faa, Gr\u00faa Portal, Gr\u00faa P\u00f3rtico con Neum\u00e1ticos, Gr\u00faa Puerto RTG, Repuestos y Accesorios","publisher":{"@id":"https:\/\/eval.cl\/#organization"},"potentialAction":[{"@type":"SearchAction","target":{"@type":"EntryPoint","urlTemplate":"https:\/\/eval.cl\/?s={search_term_string}"},"query-input":{"@type":"PropertyValueSpecification","valueRequired":true,"valueName":"search_term_string"}}],"inLanguage":"es"},{"@type":"Organization","@id":"https:\/\/eval.cl\/#organization","name":"Eval","url":"https:\/\/eval.cl\/","logo":{"@type":"ImageObject","inLanguage":"es","@id":"https:\/\/eval.cl\/#\/schema\/logo\/image\/","url":"https:\/\/eval.cl\/wp-content\/uploads\/2017\/07\/REDISENO-EVAL-04.webp","contentUrl":"https:\/\/eval.cl\/wp-content\/uploads\/2017\/07\/REDISENO-EVAL-04.webp","width":160,"height":83,"caption":"Eval"},"image":{"@id":"https:\/\/eval.cl\/#\/schema\/logo\/image\/"}}]}},"acf":[],"_links":{"self":[{"href":"https:\/\/eval.cl\/index.php\/wp-json\/wp\/v2\/product\/10352","targetHints":{"allow":["GET"]}}],"collection":[{"href":"https:\/\/eval.cl\/index.php\/wp-json\/wp\/v2\/product"}],"about":[{"href":"https:\/\/eval.cl\/index.php\/wp-json\/wp\/v2\/types\/product"}],"wp:featuredmedia":[{"embeddable":true,"href":"https:\/\/eval.cl\/index.php\/wp-json\/wp\/v2\/media\/10353"}],"wp:attachment":[{"href":"https:\/\/eval.cl\/index.php\/wp-json\/wp\/v2\/media?parent=10352"}],"wp:term":[{"taxonomy":"product_cat","embeddable":true,"href":"https:\/\/eval.cl\/index.php\/wp-json\/wp\/v2\/product_cat?post=10352"},{"taxonomy":"product_tag","embeddable":true,"href":"https:\/\/eval.cl\/index.php\/wp-json\/wp\/v2\/product_tag?post=10352"}],"curies":[{"name":"wp","href":"https:\/\/api.w.org\/{rel}","templated":true}]}}