{"id":10358,"date":"2024-12-13T09:56:45","date_gmt":"2024-12-13T12:56:45","guid":{"rendered":"https:\/\/eval.cl\/?post_type=product&#038;p=10358"},"modified":"2024-12-13T11:09:26","modified_gmt":"2024-12-13T14:09:26","slug":"e1-punto","status":"publish","type":"product","link":"https:\/\/eval.cl\/index.php\/producto\/e1-punto\/","title":{"rendered":"E1 Punto"},"content":{"rendered":"<h1>Radio control remoto portatil de cadera<\/h1>\n<p>PUNTO es un radio control remoto portatil de cadera con 2 joystick, 3 selectores, llave removible y paro de emergencia, Perfecto para aplicaciones que no requieren un gran numero de comandos (eg. Gruas peque\u00f1as) y de manera alternativa al los controles de boton (El mando del joystick permite que el operador realize varios moviemientos sin quitar la vista de la carga siendo manipulada) Los comandos disponibles pueden ser vistos desde arriba y claramente identificables. Nivel de proteccion IP65. Los receptores combinados con PUNTO son faciles de cablear y reparar. Compacto, Ergonomico, ligero, es usado con correa a la cintura u hombro que permite libertad de movimiento. El mantenimiento es bastante sencillo, todas las partes pueden ser reemplazadas con herramientas comerciales asi como sus componentes de alta calidad son bastante duraderos, Una protecccion perimetrica reemplazable hace que al momento de manipularlo desde la cadera sea incluso mas resistente a los impacyor. El paquete standar incluye : trsnmisor, receptor, cargador de baterias, 2 baterias recargables, correa, manual de usuario.<\/p>\n","protected":false},"excerpt":{"rendered":"<p>Radio control remoto portatil de cadera PUNTO es un radio control remoto portatil de cadera con 2 joystick, 3 selectores, llave removible y paro de emergencia, Perfecto para aplicaciones que no requieren un gran numero de comandos (eg. Gruas peque\u00f1as) y de manera alternativa al los controles de boton (El mando del joystick permite que&#8230;<\/p>\n","protected":false},"featured_media":10359,"template":"","meta":[],"product_cat":[118],"product_tag":[],"class_list":{"0":"post-10358","1":"product","2":"type-product","3":"status-publish","4":"has-post-thumbnail","6":"product_cat-repuesto-y-accesorios-para-puentes-gruas","8":"first","9":"instock","10":"shipping-taxable","11":"product-type-simple"},"yoast_head":"<!-- This site is optimized with the Yoast SEO plugin v23.8 - https:\/\/yoast.com\/wordpress\/plugins\/seo\/ -->\n<title>E1 Punto - Eval<\/title>\n<meta name=\"robots\" content=\"index, follow, max-snippet:-1, max-image-preview:large, max-video-preview:-1\" \/>\n<link rel=\"canonical\" href=\"https:\/\/eval.cl\/index.php\/producto\/e1-punto\/\" \/>\n<meta property=\"og:locale\" content=\"es_ES\" \/>\n<meta property=\"og:type\" content=\"article\" \/>\n<meta property=\"og:title\" content=\"E1 Punto - Eval\" \/>\n<meta property=\"og:description\" content=\"Radio control remoto portatil de cadera PUNTO es un radio control remoto portatil de cadera con 2 joystick, 3 selectores, llave removible y paro de emergencia, Perfecto para aplicaciones que no requieren un gran numero de comandos (eg. Gruas peque\u00f1as) y de manera alternativa al los controles de boton (El mando del joystick permite que...\" \/>\n<meta property=\"og:url\" content=\"https:\/\/eval.cl\/index.php\/producto\/e1-punto\/\" \/>\n<meta property=\"og:site_name\" content=\"Eval\" \/>\n<meta property=\"article:modified_time\" content=\"2024-12-13T14:09:26+00:00\" \/>\n<meta property=\"og:image\" content=\"https:\/\/eval.cl\/wp-content\/uploads\/2024\/12\/aaa036e4cb16038f90e128d8e39c714f_XL.jpg\" \/>\n\t<meta property=\"og:image:width\" content=\"900\" \/>\n\t<meta property=\"og:image:height\" content=\"675\" \/>\n\t<meta property=\"og:image:type\" content=\"image\/jpeg\" \/>\n<meta name=\"twitter:card\" content=\"summary_large_image\" \/>\n<meta name=\"twitter:label1\" content=\"Tiempo de lectura\" \/>\n\t<meta name=\"twitter:data1\" content=\"1 minuto\" \/>\n<script type=\"application\/ld+json\" class=\"yoast-schema-graph\">{\"@context\":\"https:\/\/schema.org\",\"@graph\":[{\"@type\":\"WebPage\",\"@id\":\"https:\/\/eval.cl\/index.php\/producto\/e1-punto\/\",\"url\":\"https:\/\/eval.cl\/index.php\/producto\/e1-punto\/\",\"name\":\"E1 Punto - Eval\",\"isPartOf\":{\"@id\":\"https:\/\/eval.cl\/#website\"},\"primaryImageOfPage\":{\"@id\":\"https:\/\/eval.cl\/index.php\/producto\/e1-punto\/#primaryimage\"},\"image\":{\"@id\":\"https:\/\/eval.cl\/index.php\/producto\/e1-punto\/#primaryimage\"},\"thumbnailUrl\":\"https:\/\/eval.cl\/wp-content\/uploads\/2024\/12\/aaa036e4cb16038f90e128d8e39c714f_XL.jpg\",\"datePublished\":\"2024-12-13T12:56:45+00:00\",\"dateModified\":\"2024-12-13T14:09:26+00:00\",\"breadcrumb\":{\"@id\":\"https:\/\/eval.cl\/index.php\/producto\/e1-punto\/#breadcrumb\"},\"inLanguage\":\"es\",\"potentialAction\":[{\"@type\":\"ReadAction\",\"target\":[\"https:\/\/eval.cl\/index.php\/producto\/e1-punto\/\"]}]},{\"@type\":\"ImageObject\",\"inLanguage\":\"es\",\"@id\":\"https:\/\/eval.cl\/index.php\/producto\/e1-punto\/#primaryimage\",\"url\":\"https:\/\/eval.cl\/wp-content\/uploads\/2024\/12\/aaa036e4cb16038f90e128d8e39c714f_XL.jpg\",\"contentUrl\":\"https:\/\/eval.cl\/wp-content\/uploads\/2024\/12\/aaa036e4cb16038f90e128d8e39c714f_XL.jpg\",\"width\":900,\"height\":675},{\"@type\":\"BreadcrumbList\",\"@id\":\"https:\/\/eval.cl\/index.php\/producto\/e1-punto\/#breadcrumb\",\"itemListElement\":[{\"@type\":\"ListItem\",\"position\":1,\"name\":\"Portada\",\"item\":\"https:\/\/eval.cl\/\"},{\"@type\":\"ListItem\",\"position\":2,\"name\":\"Tienda\",\"item\":\"https:\/\/eval.cl\/index.php\/tienda\/\"},{\"@type\":\"ListItem\",\"position\":3,\"name\":\"E1 Punto\"}]},{\"@type\":\"WebSite\",\"@id\":\"https:\/\/eval.cl\/#website\",\"url\":\"https:\/\/eval.cl\/\",\"name\":\"Eval\",\"description\":\"Puente Gr\u00faa, Gr\u00faa Viajera, Fabricaci\u00f3n de Puente Gr\u00faa, Instalaci\u00f3n de Puente Gr\u00faa, Gr\u00faa Portal, Gr\u00faa P\u00f3rtico con Neum\u00e1ticos, Gr\u00faa Puerto RTG, Repuestos y Accesorios\",\"publisher\":{\"@id\":\"https:\/\/eval.cl\/#organization\"},\"potentialAction\":[{\"@type\":\"SearchAction\",\"target\":{\"@type\":\"EntryPoint\",\"urlTemplate\":\"https:\/\/eval.cl\/?s={search_term_string}\"},\"query-input\":{\"@type\":\"PropertyValueSpecification\",\"valueRequired\":true,\"valueName\":\"search_term_string\"}}],\"inLanguage\":\"es\"},{\"@type\":\"Organization\",\"@id\":\"https:\/\/eval.cl\/#organization\",\"name\":\"Eval\",\"url\":\"https:\/\/eval.cl\/\",\"logo\":{\"@type\":\"ImageObject\",\"inLanguage\":\"es\",\"@id\":\"https:\/\/eval.cl\/#\/schema\/logo\/image\/\",\"url\":\"https:\/\/eval.cl\/wp-content\/uploads\/2017\/07\/REDISENO-EVAL-04.webp\",\"contentUrl\":\"https:\/\/eval.cl\/wp-content\/uploads\/2017\/07\/REDISENO-EVAL-04.webp\",\"width\":160,\"height\":83,\"caption\":\"Eval\"},\"image\":{\"@id\":\"https:\/\/eval.cl\/#\/schema\/logo\/image\/\"}}]}<\/script>\n<!-- \/ Yoast SEO plugin. -->","yoast_head_json":{"title":"E1 Punto - Eval","robots":{"index":"index","follow":"follow","max-snippet":"max-snippet:-1","max-image-preview":"max-image-preview:large","max-video-preview":"max-video-preview:-1"},"canonical":"https:\/\/eval.cl\/index.php\/producto\/e1-punto\/","og_locale":"es_ES","og_type":"article","og_title":"E1 Punto - Eval","og_description":"Radio control remoto portatil de cadera PUNTO es un radio control remoto portatil de cadera con 2 joystick, 3 selectores, llave removible y paro de emergencia, Perfecto para aplicaciones que no requieren un gran numero de comandos (eg. Gruas peque\u00f1as) y de manera alternativa al los controles de boton (El mando del joystick permite que...","og_url":"https:\/\/eval.cl\/index.php\/producto\/e1-punto\/","og_site_name":"Eval","article_modified_time":"2024-12-13T14:09:26+00:00","og_image":[{"width":900,"height":675,"url":"https:\/\/eval.cl\/wp-content\/uploads\/2024\/12\/aaa036e4cb16038f90e128d8e39c714f_XL.jpg","type":"image\/jpeg"}],"twitter_card":"summary_large_image","twitter_misc":{"Tiempo de lectura":"1 minuto"},"schema":{"@context":"https:\/\/schema.org","@graph":[{"@type":"WebPage","@id":"https:\/\/eval.cl\/index.php\/producto\/e1-punto\/","url":"https:\/\/eval.cl\/index.php\/producto\/e1-punto\/","name":"E1 Punto - Eval","isPartOf":{"@id":"https:\/\/eval.cl\/#website"},"primaryImageOfPage":{"@id":"https:\/\/eval.cl\/index.php\/producto\/e1-punto\/#primaryimage"},"image":{"@id":"https:\/\/eval.cl\/index.php\/producto\/e1-punto\/#primaryimage"},"thumbnailUrl":"https:\/\/eval.cl\/wp-content\/uploads\/2024\/12\/aaa036e4cb16038f90e128d8e39c714f_XL.jpg","datePublished":"2024-12-13T12:56:45+00:00","dateModified":"2024-12-13T14:09:26+00:00","breadcrumb":{"@id":"https:\/\/eval.cl\/index.php\/producto\/e1-punto\/#breadcrumb"},"inLanguage":"es","potentialAction":[{"@type":"ReadAction","target":["https:\/\/eval.cl\/index.php\/producto\/e1-punto\/"]}]},{"@type":"ImageObject","inLanguage":"es","@id":"https:\/\/eval.cl\/index.php\/producto\/e1-punto\/#primaryimage","url":"https:\/\/eval.cl\/wp-content\/uploads\/2024\/12\/aaa036e4cb16038f90e128d8e39c714f_XL.jpg","contentUrl":"https:\/\/eval.cl\/wp-content\/uploads\/2024\/12\/aaa036e4cb16038f90e128d8e39c714f_XL.jpg","width":900,"height":675},{"@type":"BreadcrumbList","@id":"https:\/\/eval.cl\/index.php\/producto\/e1-punto\/#breadcrumb","itemListElement":[{"@type":"ListItem","position":1,"name":"Portada","item":"https:\/\/eval.cl\/"},{"@type":"ListItem","position":2,"name":"Tienda","item":"https:\/\/eval.cl\/index.php\/tienda\/"},{"@type":"ListItem","position":3,"name":"E1 Punto"}]},{"@type":"WebSite","@id":"https:\/\/eval.cl\/#website","url":"https:\/\/eval.cl\/","name":"Eval","description":"Puente Gr\u00faa, Gr\u00faa Viajera, Fabricaci\u00f3n de Puente Gr\u00faa, Instalaci\u00f3n de Puente Gr\u00faa, Gr\u00faa Portal, Gr\u00faa P\u00f3rtico con Neum\u00e1ticos, Gr\u00faa Puerto RTG, Repuestos y Accesorios","publisher":{"@id":"https:\/\/eval.cl\/#organization"},"potentialAction":[{"@type":"SearchAction","target":{"@type":"EntryPoint","urlTemplate":"https:\/\/eval.cl\/?s={search_term_string}"},"query-input":{"@type":"PropertyValueSpecification","valueRequired":true,"valueName":"search_term_string"}}],"inLanguage":"es"},{"@type":"Organization","@id":"https:\/\/eval.cl\/#organization","name":"Eval","url":"https:\/\/eval.cl\/","logo":{"@type":"ImageObject","inLanguage":"es","@id":"https:\/\/eval.cl\/#\/schema\/logo\/image\/","url":"https:\/\/eval.cl\/wp-content\/uploads\/2017\/07\/REDISENO-EVAL-04.webp","contentUrl":"https:\/\/eval.cl\/wp-content\/uploads\/2017\/07\/REDISENO-EVAL-04.webp","width":160,"height":83,"caption":"Eval"},"image":{"@id":"https:\/\/eval.cl\/#\/schema\/logo\/image\/"}}]}},"acf":[],"_links":{"self":[{"href":"https:\/\/eval.cl\/index.php\/wp-json\/wp\/v2\/product\/10358","targetHints":{"allow":["GET"]}}],"collection":[{"href":"https:\/\/eval.cl\/index.php\/wp-json\/wp\/v2\/product"}],"about":[{"href":"https:\/\/eval.cl\/index.php\/wp-json\/wp\/v2\/types\/product"}],"wp:featuredmedia":[{"embeddable":true,"href":"https:\/\/eval.cl\/index.php\/wp-json\/wp\/v2\/media\/10359"}],"wp:attachment":[{"href":"https:\/\/eval.cl\/index.php\/wp-json\/wp\/v2\/media?parent=10358"}],"wp:term":[{"taxonomy":"product_cat","embeddable":true,"href":"https:\/\/eval.cl\/index.php\/wp-json\/wp\/v2\/product_cat?post=10358"},{"taxonomy":"product_tag","embeddable":true,"href":"https:\/\/eval.cl\/index.php\/wp-json\/wp\/v2\/product_tag?post=10358"}],"curies":[{"name":"wp","href":"https:\/\/api.w.org\/{rel}","templated":true}]}}