{"id":10365,"date":"2024-12-13T09:59:26","date_gmt":"2024-12-13T12:59:26","guid":{"rendered":"https:\/\/eval.cl\/?post_type=product&#038;p=10365"},"modified":"2024-12-13T09:59:26","modified_gmt":"2024-12-13T12:59:26","slug":"mito-mini","status":"publish","type":"product","link":"https:\/\/eval.cl\/index.php\/producto\/mito-mini\/","title":{"rendered":"Mito Mini"},"content":{"rendered":"<h1>Radio control remoto compacto de mano<\/h1>\n<p>El modelo MINI es peque\u00f1o, , de poco peso y confiablem es usado para controlar de manera remota varios sistemas electricos, ( distancia de operacion 150 m) El uso de materiales resistentes, su facilidad de uso y reconocimiento de comandos hacen de este transmisor manual adecuado tambien en operaciones civiles. El panel de control es personalizable ( a peticion) y resiste el uso intensivo. La electronica MITO provee una busqueda automatica de la mejor frecuencia disponible incluso en operacion. (sistema bidireccional de transmision Escucha antes de transmitir por sus siglas en ingles LBT). El codigo de identificacion es unico y la transmision es limpia de posible interferencia de algun otro sistema presente en el area de uso. Configuraciones disponibles: desde 2 a 8 canales simultaneos, en adicion a las fucniones de encendido y paro, Bateria de Litio interna, 50 horas de trabajo continuo y carga rapida, Cada receptor puede ser combinado con mas de 20 unidades de transmision garantizando la unicidad del comando transmitido. El paquete standar incluye: transmisor, receptor, alimentacion, carcasa de carga, soporte del transmisor, manual de usuario.<\/p>\n","protected":false},"excerpt":{"rendered":"<p>Radio control remoto compacto de mano El modelo MINI es peque\u00f1o, , de poco peso y confiablem es usado para controlar de manera remota varios sistemas electricos, ( distancia de operacion 150 m) El uso de materiales resistentes, su facilidad de uso y reconocimiento de comandos hacen de este transmisor manual adecuado tambien en operaciones&#8230;<\/p>\n","protected":false},"featured_media":10366,"template":"","meta":[],"product_cat":[113],"product_tag":[],"class_list":{"0":"post-10365","1":"product","2":"type-product","3":"status-publish","4":"has-post-thumbnail","6":"product_cat-controles-remotos-radiocontroles","8":"first","9":"instock","10":"shipping-taxable","11":"product-type-simple"},"yoast_head":"<!-- This site is optimized with the Yoast SEO plugin v23.8 - https:\/\/yoast.com\/wordpress\/plugins\/seo\/ -->\n<title>Mito Mini - Eval<\/title>\n<meta name=\"robots\" content=\"index, follow, max-snippet:-1, max-image-preview:large, max-video-preview:-1\" \/>\n<link rel=\"canonical\" href=\"https:\/\/eval.cl\/index.php\/producto\/mito-mini\/\" \/>\n<meta property=\"og:locale\" content=\"es_ES\" \/>\n<meta property=\"og:type\" content=\"article\" \/>\n<meta property=\"og:title\" content=\"Mito Mini - Eval\" \/>\n<meta property=\"og:description\" content=\"Radio control remoto compacto de mano El modelo MINI es peque\u00f1o, , de poco peso y confiablem es usado para controlar de manera remota varios sistemas electricos, ( distancia de operacion 150 m) El uso de materiales resistentes, su facilidad de uso y reconocimiento de comandos hacen de este transmisor manual adecuado tambien en operaciones...\" \/>\n<meta property=\"og:url\" content=\"https:\/\/eval.cl\/index.php\/producto\/mito-mini\/\" \/>\n<meta property=\"og:site_name\" content=\"Eval\" \/>\n<meta property=\"og:image\" content=\"https:\/\/eval.cl\/wp-content\/uploads\/2024\/12\/75b44b0e9c2e5d305fa323c6c51d3476_XL.jpg\" \/>\n\t<meta property=\"og:image:width\" content=\"900\" \/>\n\t<meta property=\"og:image:height\" content=\"675\" \/>\n\t<meta property=\"og:image:type\" content=\"image\/jpeg\" \/>\n<meta name=\"twitter:card\" content=\"summary_large_image\" \/>\n<meta name=\"twitter:label1\" content=\"Tiempo de lectura\" \/>\n\t<meta name=\"twitter:data1\" content=\"2 minutos\" \/>\n<script type=\"application\/ld+json\" class=\"yoast-schema-graph\">{\"@context\":\"https:\/\/schema.org\",\"@graph\":[{\"@type\":\"WebPage\",\"@id\":\"https:\/\/eval.cl\/index.php\/producto\/mito-mini\/\",\"url\":\"https:\/\/eval.cl\/index.php\/producto\/mito-mini\/\",\"name\":\"Mito Mini - Eval\",\"isPartOf\":{\"@id\":\"https:\/\/eval.cl\/#website\"},\"primaryImageOfPage\":{\"@id\":\"https:\/\/eval.cl\/index.php\/producto\/mito-mini\/#primaryimage\"},\"image\":{\"@id\":\"https:\/\/eval.cl\/index.php\/producto\/mito-mini\/#primaryimage\"},\"thumbnailUrl\":\"https:\/\/eval.cl\/wp-content\/uploads\/2024\/12\/75b44b0e9c2e5d305fa323c6c51d3476_XL.jpg\",\"datePublished\":\"2024-12-13T12:59:26+00:00\",\"dateModified\":\"2024-12-13T12:59:26+00:00\",\"breadcrumb\":{\"@id\":\"https:\/\/eval.cl\/index.php\/producto\/mito-mini\/#breadcrumb\"},\"inLanguage\":\"es\",\"potentialAction\":[{\"@type\":\"ReadAction\",\"target\":[\"https:\/\/eval.cl\/index.php\/producto\/mito-mini\/\"]}]},{\"@type\":\"ImageObject\",\"inLanguage\":\"es\",\"@id\":\"https:\/\/eval.cl\/index.php\/producto\/mito-mini\/#primaryimage\",\"url\":\"https:\/\/eval.cl\/wp-content\/uploads\/2024\/12\/75b44b0e9c2e5d305fa323c6c51d3476_XL.jpg\",\"contentUrl\":\"https:\/\/eval.cl\/wp-content\/uploads\/2024\/12\/75b44b0e9c2e5d305fa323c6c51d3476_XL.jpg\",\"width\":900,\"height\":675},{\"@type\":\"BreadcrumbList\",\"@id\":\"https:\/\/eval.cl\/index.php\/producto\/mito-mini\/#breadcrumb\",\"itemListElement\":[{\"@type\":\"ListItem\",\"position\":1,\"name\":\"Portada\",\"item\":\"https:\/\/eval.cl\/\"},{\"@type\":\"ListItem\",\"position\":2,\"name\":\"Tienda\",\"item\":\"https:\/\/eval.cl\/index.php\/tienda\/\"},{\"@type\":\"ListItem\",\"position\":3,\"name\":\"Mito Mini\"}]},{\"@type\":\"WebSite\",\"@id\":\"https:\/\/eval.cl\/#website\",\"url\":\"https:\/\/eval.cl\/\",\"name\":\"Eval\",\"description\":\"Puente Gr\u00faa, Gr\u00faa Viajera, Fabricaci\u00f3n de Puente Gr\u00faa, Instalaci\u00f3n de Puente Gr\u00faa, Gr\u00faa Portal, Gr\u00faa P\u00f3rtico con Neum\u00e1ticos, Gr\u00faa Puerto RTG, Repuestos y Accesorios\",\"publisher\":{\"@id\":\"https:\/\/eval.cl\/#organization\"},\"potentialAction\":[{\"@type\":\"SearchAction\",\"target\":{\"@type\":\"EntryPoint\",\"urlTemplate\":\"https:\/\/eval.cl\/?s={search_term_string}\"},\"query-input\":{\"@type\":\"PropertyValueSpecification\",\"valueRequired\":true,\"valueName\":\"search_term_string\"}}],\"inLanguage\":\"es\"},{\"@type\":\"Organization\",\"@id\":\"https:\/\/eval.cl\/#organization\",\"name\":\"Eval\",\"url\":\"https:\/\/eval.cl\/\",\"logo\":{\"@type\":\"ImageObject\",\"inLanguage\":\"es\",\"@id\":\"https:\/\/eval.cl\/#\/schema\/logo\/image\/\",\"url\":\"https:\/\/eval.cl\/wp-content\/uploads\/2017\/07\/REDISENO-EVAL-04.webp\",\"contentUrl\":\"https:\/\/eval.cl\/wp-content\/uploads\/2017\/07\/REDISENO-EVAL-04.webp\",\"width\":160,\"height\":83,\"caption\":\"Eval\"},\"image\":{\"@id\":\"https:\/\/eval.cl\/#\/schema\/logo\/image\/\"}}]}<\/script>\n<!-- \/ Yoast SEO plugin. -->","yoast_head_json":{"title":"Mito Mini - Eval","robots":{"index":"index","follow":"follow","max-snippet":"max-snippet:-1","max-image-preview":"max-image-preview:large","max-video-preview":"max-video-preview:-1"},"canonical":"https:\/\/eval.cl\/index.php\/producto\/mito-mini\/","og_locale":"es_ES","og_type":"article","og_title":"Mito Mini - Eval","og_description":"Radio control remoto compacto de mano El modelo MINI es peque\u00f1o, , de poco peso y confiablem es usado para controlar de manera remota varios sistemas electricos, ( distancia de operacion 150 m) El uso de materiales resistentes, su facilidad de uso y reconocimiento de comandos hacen de este transmisor manual adecuado tambien en operaciones...","og_url":"https:\/\/eval.cl\/index.php\/producto\/mito-mini\/","og_site_name":"Eval","og_image":[{"width":900,"height":675,"url":"https:\/\/eval.cl\/wp-content\/uploads\/2024\/12\/75b44b0e9c2e5d305fa323c6c51d3476_XL.jpg","type":"image\/jpeg"}],"twitter_card":"summary_large_image","twitter_misc":{"Tiempo de lectura":"2 minutos"},"schema":{"@context":"https:\/\/schema.org","@graph":[{"@type":"WebPage","@id":"https:\/\/eval.cl\/index.php\/producto\/mito-mini\/","url":"https:\/\/eval.cl\/index.php\/producto\/mito-mini\/","name":"Mito Mini - Eval","isPartOf":{"@id":"https:\/\/eval.cl\/#website"},"primaryImageOfPage":{"@id":"https:\/\/eval.cl\/index.php\/producto\/mito-mini\/#primaryimage"},"image":{"@id":"https:\/\/eval.cl\/index.php\/producto\/mito-mini\/#primaryimage"},"thumbnailUrl":"https:\/\/eval.cl\/wp-content\/uploads\/2024\/12\/75b44b0e9c2e5d305fa323c6c51d3476_XL.jpg","datePublished":"2024-12-13T12:59:26+00:00","dateModified":"2024-12-13T12:59:26+00:00","breadcrumb":{"@id":"https:\/\/eval.cl\/index.php\/producto\/mito-mini\/#breadcrumb"},"inLanguage":"es","potentialAction":[{"@type":"ReadAction","target":["https:\/\/eval.cl\/index.php\/producto\/mito-mini\/"]}]},{"@type":"ImageObject","inLanguage":"es","@id":"https:\/\/eval.cl\/index.php\/producto\/mito-mini\/#primaryimage","url":"https:\/\/eval.cl\/wp-content\/uploads\/2024\/12\/75b44b0e9c2e5d305fa323c6c51d3476_XL.jpg","contentUrl":"https:\/\/eval.cl\/wp-content\/uploads\/2024\/12\/75b44b0e9c2e5d305fa323c6c51d3476_XL.jpg","width":900,"height":675},{"@type":"BreadcrumbList","@id":"https:\/\/eval.cl\/index.php\/producto\/mito-mini\/#breadcrumb","itemListElement":[{"@type":"ListItem","position":1,"name":"Portada","item":"https:\/\/eval.cl\/"},{"@type":"ListItem","position":2,"name":"Tienda","item":"https:\/\/eval.cl\/index.php\/tienda\/"},{"@type":"ListItem","position":3,"name":"Mito Mini"}]},{"@type":"WebSite","@id":"https:\/\/eval.cl\/#website","url":"https:\/\/eval.cl\/","name":"Eval","description":"Puente Gr\u00faa, Gr\u00faa Viajera, Fabricaci\u00f3n de Puente Gr\u00faa, Instalaci\u00f3n de Puente Gr\u00faa, Gr\u00faa Portal, Gr\u00faa P\u00f3rtico con Neum\u00e1ticos, Gr\u00faa Puerto RTG, Repuestos y Accesorios","publisher":{"@id":"https:\/\/eval.cl\/#organization"},"potentialAction":[{"@type":"SearchAction","target":{"@type":"EntryPoint","urlTemplate":"https:\/\/eval.cl\/?s={search_term_string}"},"query-input":{"@type":"PropertyValueSpecification","valueRequired":true,"valueName":"search_term_string"}}],"inLanguage":"es"},{"@type":"Organization","@id":"https:\/\/eval.cl\/#organization","name":"Eval","url":"https:\/\/eval.cl\/","logo":{"@type":"ImageObject","inLanguage":"es","@id":"https:\/\/eval.cl\/#\/schema\/logo\/image\/","url":"https:\/\/eval.cl\/wp-content\/uploads\/2017\/07\/REDISENO-EVAL-04.webp","contentUrl":"https:\/\/eval.cl\/wp-content\/uploads\/2017\/07\/REDISENO-EVAL-04.webp","width":160,"height":83,"caption":"Eval"},"image":{"@id":"https:\/\/eval.cl\/#\/schema\/logo\/image\/"}}]}},"acf":[],"_links":{"self":[{"href":"https:\/\/eval.cl\/index.php\/wp-json\/wp\/v2\/product\/10365","targetHints":{"allow":["GET"]}}],"collection":[{"href":"https:\/\/eval.cl\/index.php\/wp-json\/wp\/v2\/product"}],"about":[{"href":"https:\/\/eval.cl\/index.php\/wp-json\/wp\/v2\/types\/product"}],"wp:featuredmedia":[{"embeddable":true,"href":"https:\/\/eval.cl\/index.php\/wp-json\/wp\/v2\/media\/10366"}],"wp:attachment":[{"href":"https:\/\/eval.cl\/index.php\/wp-json\/wp\/v2\/media?parent=10365"}],"wp:term":[{"taxonomy":"product_cat","embeddable":true,"href":"https:\/\/eval.cl\/index.php\/wp-json\/wp\/v2\/product_cat?post=10365"},{"taxonomy":"product_tag","embeddable":true,"href":"https:\/\/eval.cl\/index.php\/wp-json\/wp\/v2\/product_tag?post=10365"}],"curies":[{"name":"wp","href":"https:\/\/api.w.org\/{rel}","templated":true}]}}