{"id":10380,"date":"2024-12-13T10:05:47","date_gmt":"2024-12-13T13:05:47","guid":{"rendered":"https:\/\/eval.cl\/?post_type=product&#038;p=10380"},"modified":"2024-12-13T11:09:14","modified_gmt":"2024-12-13T14:09:14","slug":"e1-mini-plus","status":"publish","type":"product","link":"https:\/\/eval.cl\/index.php\/producto\/e1-mini-plus\/","title":{"rendered":"E1 Mini+ (plus)"},"content":{"rendered":"<h1>Radio control remoto compacto de mano<\/h1>\n<p>MINI+ (plus) es la nueva botonera compacta (200 g) que ampl\u00eda la gama MINI. Configuraciones con 4-6-8 comandos con<br \/>\ns\u00edmbolos bien visibles. Excelente ergonom\u00eda, incluso con guantes. La electr\u00f3nica E1 tambi\u00e9n ofrece: versi\u00f3n con pulsador de Stop, hasta la categor\u00eda 3 PL d EN ISO 13849-1; se\u00f1ales de feedback con 4 LEDs programables; botones de doble clic. Alimentaci\u00f3n con pila de litio, alimentador y cable de carga Elca-Clip USB (opci\u00f3n pila AA).<\/p>\n","protected":false},"excerpt":{"rendered":"<p>Radio control remoto compacto de mano MINI+ (plus) es la nueva botonera compacta (200 g) que ampl\u00eda la gama MINI. Configuraciones con 4-6-8 comandos con s\u00edmbolos bien visibles. Excelente ergonom\u00eda, incluso con guantes. La electr\u00f3nica E1 tambi\u00e9n ofrece: versi\u00f3n con pulsador de Stop, hasta la categor\u00eda 3 PL d EN ISO 13849-1; se\u00f1ales de feedback&#8230;<\/p>\n","protected":false},"featured_media":10381,"template":"","meta":[],"product_cat":[113],"product_tag":[],"class_list":{"0":"post-10380","1":"product","2":"type-product","3":"status-publish","4":"has-post-thumbnail","6":"product_cat-controles-remotos-radiocontroles","8":"first","9":"instock","10":"shipping-taxable","11":"product-type-simple"},"yoast_head":"<!-- This site is optimized with the Yoast SEO plugin v23.8 - https:\/\/yoast.com\/wordpress\/plugins\/seo\/ -->\n<title>E1 Mini+ (plus) - Eval<\/title>\n<meta name=\"robots\" content=\"index, follow, max-snippet:-1, max-image-preview:large, max-video-preview:-1\" \/>\n<link rel=\"canonical\" href=\"https:\/\/eval.cl\/index.php\/producto\/e1-mini-plus\/\" \/>\n<meta property=\"og:locale\" content=\"es_ES\" \/>\n<meta property=\"og:type\" content=\"article\" \/>\n<meta property=\"og:title\" content=\"E1 Mini+ (plus) - Eval\" \/>\n<meta property=\"og:description\" content=\"Radio control remoto compacto de mano MINI+ (plus) es la nueva botonera compacta (200 g) que ampl\u00eda la gama MINI. Configuraciones con 4-6-8 comandos con s\u00edmbolos bien visibles. Excelente ergonom\u00eda, incluso con guantes. La electr\u00f3nica E1 tambi\u00e9n ofrece: versi\u00f3n con pulsador de Stop, hasta la categor\u00eda 3 PL d EN ISO 13849-1; se\u00f1ales de feedback...\" \/>\n<meta property=\"og:url\" content=\"https:\/\/eval.cl\/index.php\/producto\/e1-mini-plus\/\" \/>\n<meta property=\"og:site_name\" content=\"Eval\" \/>\n<meta property=\"article:modified_time\" content=\"2024-12-13T14:09:14+00:00\" \/>\n<meta property=\"og:image\" content=\"https:\/\/eval.cl\/wp-content\/uploads\/2024\/12\/a63cd9e38964634741a5a3fe89055308_XL.jpg\" \/>\n\t<meta property=\"og:image:width\" content=\"900\" \/>\n\t<meta property=\"og:image:height\" content=\"674\" \/>\n\t<meta property=\"og:image:type\" content=\"image\/jpeg\" \/>\n<meta name=\"twitter:card\" content=\"summary_large_image\" \/>\n<meta name=\"twitter:label1\" content=\"Tiempo de lectura\" \/>\n\t<meta name=\"twitter:data1\" content=\"1 minuto\" \/>\n<script type=\"application\/ld+json\" class=\"yoast-schema-graph\">{\"@context\":\"https:\/\/schema.org\",\"@graph\":[{\"@type\":\"WebPage\",\"@id\":\"https:\/\/eval.cl\/index.php\/producto\/e1-mini-plus\/\",\"url\":\"https:\/\/eval.cl\/index.php\/producto\/e1-mini-plus\/\",\"name\":\"E1 Mini+ (plus) - Eval\",\"isPartOf\":{\"@id\":\"https:\/\/eval.cl\/#website\"},\"primaryImageOfPage\":{\"@id\":\"https:\/\/eval.cl\/index.php\/producto\/e1-mini-plus\/#primaryimage\"},\"image\":{\"@id\":\"https:\/\/eval.cl\/index.php\/producto\/e1-mini-plus\/#primaryimage\"},\"thumbnailUrl\":\"https:\/\/eval.cl\/wp-content\/uploads\/2024\/12\/a63cd9e38964634741a5a3fe89055308_XL.jpg\",\"datePublished\":\"2024-12-13T13:05:47+00:00\",\"dateModified\":\"2024-12-13T14:09:14+00:00\",\"breadcrumb\":{\"@id\":\"https:\/\/eval.cl\/index.php\/producto\/e1-mini-plus\/#breadcrumb\"},\"inLanguage\":\"es\",\"potentialAction\":[{\"@type\":\"ReadAction\",\"target\":[\"https:\/\/eval.cl\/index.php\/producto\/e1-mini-plus\/\"]}]},{\"@type\":\"ImageObject\",\"inLanguage\":\"es\",\"@id\":\"https:\/\/eval.cl\/index.php\/producto\/e1-mini-plus\/#primaryimage\",\"url\":\"https:\/\/eval.cl\/wp-content\/uploads\/2024\/12\/a63cd9e38964634741a5a3fe89055308_XL.jpg\",\"contentUrl\":\"https:\/\/eval.cl\/wp-content\/uploads\/2024\/12\/a63cd9e38964634741a5a3fe89055308_XL.jpg\",\"width\":900,\"height\":674},{\"@type\":\"BreadcrumbList\",\"@id\":\"https:\/\/eval.cl\/index.php\/producto\/e1-mini-plus\/#breadcrumb\",\"itemListElement\":[{\"@type\":\"ListItem\",\"position\":1,\"name\":\"Portada\",\"item\":\"https:\/\/eval.cl\/\"},{\"@type\":\"ListItem\",\"position\":2,\"name\":\"Tienda\",\"item\":\"https:\/\/eval.cl\/index.php\/tienda\/\"},{\"@type\":\"ListItem\",\"position\":3,\"name\":\"E1 Mini+ (plus)\"}]},{\"@type\":\"WebSite\",\"@id\":\"https:\/\/eval.cl\/#website\",\"url\":\"https:\/\/eval.cl\/\",\"name\":\"Eval\",\"description\":\"Puente Gr\u00faa, Gr\u00faa Viajera, Fabricaci\u00f3n de Puente Gr\u00faa, Instalaci\u00f3n de Puente Gr\u00faa, Gr\u00faa Portal, Gr\u00faa P\u00f3rtico con Neum\u00e1ticos, Gr\u00faa Puerto RTG, Repuestos y Accesorios\",\"publisher\":{\"@id\":\"https:\/\/eval.cl\/#organization\"},\"potentialAction\":[{\"@type\":\"SearchAction\",\"target\":{\"@type\":\"EntryPoint\",\"urlTemplate\":\"https:\/\/eval.cl\/?s={search_term_string}\"},\"query-input\":{\"@type\":\"PropertyValueSpecification\",\"valueRequired\":true,\"valueName\":\"search_term_string\"}}],\"inLanguage\":\"es\"},{\"@type\":\"Organization\",\"@id\":\"https:\/\/eval.cl\/#organization\",\"name\":\"Eval\",\"url\":\"https:\/\/eval.cl\/\",\"logo\":{\"@type\":\"ImageObject\",\"inLanguage\":\"es\",\"@id\":\"https:\/\/eval.cl\/#\/schema\/logo\/image\/\",\"url\":\"https:\/\/eval.cl\/wp-content\/uploads\/2017\/07\/REDISENO-EVAL-04.webp\",\"contentUrl\":\"https:\/\/eval.cl\/wp-content\/uploads\/2017\/07\/REDISENO-EVAL-04.webp\",\"width\":160,\"height\":83,\"caption\":\"Eval\"},\"image\":{\"@id\":\"https:\/\/eval.cl\/#\/schema\/logo\/image\/\"}}]}<\/script>\n<!-- \/ Yoast SEO plugin. -->","yoast_head_json":{"title":"E1 Mini+ (plus) - Eval","robots":{"index":"index","follow":"follow","max-snippet":"max-snippet:-1","max-image-preview":"max-image-preview:large","max-video-preview":"max-video-preview:-1"},"canonical":"https:\/\/eval.cl\/index.php\/producto\/e1-mini-plus\/","og_locale":"es_ES","og_type":"article","og_title":"E1 Mini+ (plus) - Eval","og_description":"Radio control remoto compacto de mano MINI+ (plus) es la nueva botonera compacta (200 g) que ampl\u00eda la gama MINI. Configuraciones con 4-6-8 comandos con s\u00edmbolos bien visibles. Excelente ergonom\u00eda, incluso con guantes. La electr\u00f3nica E1 tambi\u00e9n ofrece: versi\u00f3n con pulsador de Stop, hasta la categor\u00eda 3 PL d EN ISO 13849-1; se\u00f1ales de feedback...","og_url":"https:\/\/eval.cl\/index.php\/producto\/e1-mini-plus\/","og_site_name":"Eval","article_modified_time":"2024-12-13T14:09:14+00:00","og_image":[{"width":900,"height":674,"url":"https:\/\/eval.cl\/wp-content\/uploads\/2024\/12\/a63cd9e38964634741a5a3fe89055308_XL.jpg","type":"image\/jpeg"}],"twitter_card":"summary_large_image","twitter_misc":{"Tiempo de lectura":"1 minuto"},"schema":{"@context":"https:\/\/schema.org","@graph":[{"@type":"WebPage","@id":"https:\/\/eval.cl\/index.php\/producto\/e1-mini-plus\/","url":"https:\/\/eval.cl\/index.php\/producto\/e1-mini-plus\/","name":"E1 Mini+ (plus) - Eval","isPartOf":{"@id":"https:\/\/eval.cl\/#website"},"primaryImageOfPage":{"@id":"https:\/\/eval.cl\/index.php\/producto\/e1-mini-plus\/#primaryimage"},"image":{"@id":"https:\/\/eval.cl\/index.php\/producto\/e1-mini-plus\/#primaryimage"},"thumbnailUrl":"https:\/\/eval.cl\/wp-content\/uploads\/2024\/12\/a63cd9e38964634741a5a3fe89055308_XL.jpg","datePublished":"2024-12-13T13:05:47+00:00","dateModified":"2024-12-13T14:09:14+00:00","breadcrumb":{"@id":"https:\/\/eval.cl\/index.php\/producto\/e1-mini-plus\/#breadcrumb"},"inLanguage":"es","potentialAction":[{"@type":"ReadAction","target":["https:\/\/eval.cl\/index.php\/producto\/e1-mini-plus\/"]}]},{"@type":"ImageObject","inLanguage":"es","@id":"https:\/\/eval.cl\/index.php\/producto\/e1-mini-plus\/#primaryimage","url":"https:\/\/eval.cl\/wp-content\/uploads\/2024\/12\/a63cd9e38964634741a5a3fe89055308_XL.jpg","contentUrl":"https:\/\/eval.cl\/wp-content\/uploads\/2024\/12\/a63cd9e38964634741a5a3fe89055308_XL.jpg","width":900,"height":674},{"@type":"BreadcrumbList","@id":"https:\/\/eval.cl\/index.php\/producto\/e1-mini-plus\/#breadcrumb","itemListElement":[{"@type":"ListItem","position":1,"name":"Portada","item":"https:\/\/eval.cl\/"},{"@type":"ListItem","position":2,"name":"Tienda","item":"https:\/\/eval.cl\/index.php\/tienda\/"},{"@type":"ListItem","position":3,"name":"E1 Mini+ (plus)"}]},{"@type":"WebSite","@id":"https:\/\/eval.cl\/#website","url":"https:\/\/eval.cl\/","name":"Eval","description":"Puente Gr\u00faa, Gr\u00faa Viajera, Fabricaci\u00f3n de Puente Gr\u00faa, Instalaci\u00f3n de Puente Gr\u00faa, Gr\u00faa Portal, Gr\u00faa P\u00f3rtico con Neum\u00e1ticos, Gr\u00faa Puerto RTG, Repuestos y Accesorios","publisher":{"@id":"https:\/\/eval.cl\/#organization"},"potentialAction":[{"@type":"SearchAction","target":{"@type":"EntryPoint","urlTemplate":"https:\/\/eval.cl\/?s={search_term_string}"},"query-input":{"@type":"PropertyValueSpecification","valueRequired":true,"valueName":"search_term_string"}}],"inLanguage":"es"},{"@type":"Organization","@id":"https:\/\/eval.cl\/#organization","name":"Eval","url":"https:\/\/eval.cl\/","logo":{"@type":"ImageObject","inLanguage":"es","@id":"https:\/\/eval.cl\/#\/schema\/logo\/image\/","url":"https:\/\/eval.cl\/wp-content\/uploads\/2017\/07\/REDISENO-EVAL-04.webp","contentUrl":"https:\/\/eval.cl\/wp-content\/uploads\/2017\/07\/REDISENO-EVAL-04.webp","width":160,"height":83,"caption":"Eval"},"image":{"@id":"https:\/\/eval.cl\/#\/schema\/logo\/image\/"}}]}},"acf":[],"_links":{"self":[{"href":"https:\/\/eval.cl\/index.php\/wp-json\/wp\/v2\/product\/10380","targetHints":{"allow":["GET"]}}],"collection":[{"href":"https:\/\/eval.cl\/index.php\/wp-json\/wp\/v2\/product"}],"about":[{"href":"https:\/\/eval.cl\/index.php\/wp-json\/wp\/v2\/types\/product"}],"wp:featuredmedia":[{"embeddable":true,"href":"https:\/\/eval.cl\/index.php\/wp-json\/wp\/v2\/media\/10381"}],"wp:attachment":[{"href":"https:\/\/eval.cl\/index.php\/wp-json\/wp\/v2\/media?parent=10380"}],"wp:term":[{"taxonomy":"product_cat","embeddable":true,"href":"https:\/\/eval.cl\/index.php\/wp-json\/wp\/v2\/product_cat?post=10380"},{"taxonomy":"product_tag","embeddable":true,"href":"https:\/\/eval.cl\/index.php\/wp-json\/wp\/v2\/product_tag?post=10380"}],"curies":[{"name":"wp","href":"https:\/\/api.w.org\/{rel}","templated":true}]}}