{"id":10414,"date":"2024-12-13T10:43:01","date_gmt":"2024-12-13T13:43:01","guid":{"rendered":"https:\/\/eval.cl\/?post_type=product&#038;p=10414"},"modified":"2024-12-13T10:47:04","modified_gmt":"2024-12-13T13:47:04","slug":"frenos","status":"publish","type":"product","link":"https:\/\/eval.cl\/index.php\/producto\/frenos\/","title":{"rendered":"Frenos"},"content":{"rendered":"<p>Nuestra amplia gama de productos y servicios incorpora frenos electromagn\u00e9ticos de disco, que son necesarios para llevar a cabo frenados de seguridad, por lo que son ideales para aplicaciones industriales donde se utilizan equipos como puentes gr\u00faa o gr\u00faas p\u00f3rtico que necesitan paradas r\u00e1pidas. Nuestros frenos electromagn\u00e9ticos de disco son una forma de garantizar un funcionamiento estable de sus puentes gr\u00faa.<\/p>\n<p>Nuestros frenos electromagn\u00e9ticos de disco constituyen, por otra parte, una medida de protecci\u00f3n necesaria para industrias que operan con puentes gr\u00faa y estructuras de elevaci\u00f3n y desplazamiento de cargas, dado que, en caso de fallo o interrupci\u00f3n en el suministro el\u00e9ctrico, es necesario el apagado de estos equipos. Nuestros frenos electromagn\u00e9ticos de disco est\u00e1n dise\u00f1ados para apagar los puentes gr\u00faas cuando se presentan estos escenarios.<\/p>\n<p>Nuestros frenos electromagn\u00e9ticos de disco son elementos fundamentales para preservar la funcionalidad y la eficiencia de m\u00faltiples industrias que operan con puentes gr\u00faas, ya que sus operaciones requieren paradas r\u00e1pidas que pueden ocasionar un desgaste en los equipos. Nuestros frenos electromagn\u00e9ticos de disco ofrecen un excelente rendimiento en la protecci\u00f3n necesaria para preservar estos equipos contra el desgaste producido por los ciclos de parado r\u00e1pido.<\/p>\n","protected":false},"excerpt":{"rendered":"<p>Nuestra amplia gama de productos y servicios incorpora frenos electromagn\u00e9ticos de disco, que son necesarios para llevar a cabo frenados de seguridad, por lo que son ideales para aplicaciones industriales donde se utilizan equipos como puentes gr\u00faa o gr\u00faas p\u00f3rtico que necesitan paradas r\u00e1pidas. Nuestros frenos electromagn\u00e9ticos de disco son una forma de garantizar un&#8230;<\/p>\n","protected":false},"featured_media":10415,"template":"","meta":[],"product_cat":[113],"product_tag":[],"class_list":{"0":"post-10414","1":"product","2":"type-product","3":"status-publish","4":"has-post-thumbnail","6":"product_cat-controles-remotos-radiocontroles","8":"first","9":"instock","10":"shipping-taxable","11":"product-type-simple"},"yoast_head":"<!-- This site is optimized with the Yoast SEO plugin v23.8 - https:\/\/yoast.com\/wordpress\/plugins\/seo\/ -->\n<title>Frenos - Eval<\/title>\n<meta name=\"robots\" content=\"index, follow, max-snippet:-1, max-image-preview:large, max-video-preview:-1\" \/>\n<link rel=\"canonical\" href=\"https:\/\/eval.cl\/index.php\/producto\/frenos\/\" \/>\n<meta property=\"og:locale\" content=\"es_ES\" \/>\n<meta property=\"og:type\" content=\"article\" \/>\n<meta property=\"og:title\" content=\"Frenos - Eval\" \/>\n<meta property=\"og:description\" content=\"Nuestra amplia gama de productos y servicios incorpora frenos electromagn\u00e9ticos de disco, que son necesarios para llevar a cabo frenados de seguridad, por lo que son ideales para aplicaciones industriales donde se utilizan equipos como puentes gr\u00faa o gr\u00faas p\u00f3rtico que necesitan paradas r\u00e1pidas. Nuestros frenos electromagn\u00e9ticos de disco son una forma de garantizar un...\" \/>\n<meta property=\"og:url\" content=\"https:\/\/eval.cl\/index.php\/producto\/frenos\/\" \/>\n<meta property=\"og:site_name\" content=\"Eval\" \/>\n<meta property=\"article:modified_time\" content=\"2024-12-13T13:47:04+00:00\" \/>\n<meta property=\"og:image\" content=\"https:\/\/eval.cl\/wp-content\/uploads\/2024\/12\/68b62085e41e8f225811766f8d5eb2bb_XL.jpg\" \/>\n\t<meta property=\"og:image:width\" content=\"900\" \/>\n\t<meta property=\"og:image:height\" content=\"1302\" \/>\n\t<meta property=\"og:image:type\" content=\"image\/jpeg\" \/>\n<meta name=\"twitter:card\" content=\"summary_large_image\" \/>\n<meta name=\"twitter:label1\" content=\"Tiempo de lectura\" \/>\n\t<meta name=\"twitter:data1\" content=\"2 minutos\" \/>\n<script type=\"application\/ld+json\" class=\"yoast-schema-graph\">{\"@context\":\"https:\/\/schema.org\",\"@graph\":[{\"@type\":\"WebPage\",\"@id\":\"https:\/\/eval.cl\/index.php\/producto\/frenos\/\",\"url\":\"https:\/\/eval.cl\/index.php\/producto\/frenos\/\",\"name\":\"Frenos - Eval\",\"isPartOf\":{\"@id\":\"https:\/\/eval.cl\/#website\"},\"primaryImageOfPage\":{\"@id\":\"https:\/\/eval.cl\/index.php\/producto\/frenos\/#primaryimage\"},\"image\":{\"@id\":\"https:\/\/eval.cl\/index.php\/producto\/frenos\/#primaryimage\"},\"thumbnailUrl\":\"https:\/\/eval.cl\/wp-content\/uploads\/2024\/12\/68b62085e41e8f225811766f8d5eb2bb_XL.jpg\",\"datePublished\":\"2024-12-13T13:43:01+00:00\",\"dateModified\":\"2024-12-13T13:47:04+00:00\",\"breadcrumb\":{\"@id\":\"https:\/\/eval.cl\/index.php\/producto\/frenos\/#breadcrumb\"},\"inLanguage\":\"es\",\"potentialAction\":[{\"@type\":\"ReadAction\",\"target\":[\"https:\/\/eval.cl\/index.php\/producto\/frenos\/\"]}]},{\"@type\":\"ImageObject\",\"inLanguage\":\"es\",\"@id\":\"https:\/\/eval.cl\/index.php\/producto\/frenos\/#primaryimage\",\"url\":\"https:\/\/eval.cl\/wp-content\/uploads\/2024\/12\/68b62085e41e8f225811766f8d5eb2bb_XL.jpg\",\"contentUrl\":\"https:\/\/eval.cl\/wp-content\/uploads\/2024\/12\/68b62085e41e8f225811766f8d5eb2bb_XL.jpg\",\"width\":900,\"height\":1302},{\"@type\":\"BreadcrumbList\",\"@id\":\"https:\/\/eval.cl\/index.php\/producto\/frenos\/#breadcrumb\",\"itemListElement\":[{\"@type\":\"ListItem\",\"position\":1,\"name\":\"Portada\",\"item\":\"https:\/\/eval.cl\/\"},{\"@type\":\"ListItem\",\"position\":2,\"name\":\"Tienda\",\"item\":\"https:\/\/eval.cl\/index.php\/tienda\/\"},{\"@type\":\"ListItem\",\"position\":3,\"name\":\"Frenos\"}]},{\"@type\":\"WebSite\",\"@id\":\"https:\/\/eval.cl\/#website\",\"url\":\"https:\/\/eval.cl\/\",\"name\":\"Eval\",\"description\":\"Puente Gr\u00faa, Gr\u00faa Viajera, Fabricaci\u00f3n de Puente Gr\u00faa, Instalaci\u00f3n de Puente Gr\u00faa, Gr\u00faa Portal, Gr\u00faa P\u00f3rtico con Neum\u00e1ticos, Gr\u00faa Puerto RTG, Repuestos y Accesorios\",\"publisher\":{\"@id\":\"https:\/\/eval.cl\/#organization\"},\"potentialAction\":[{\"@type\":\"SearchAction\",\"target\":{\"@type\":\"EntryPoint\",\"urlTemplate\":\"https:\/\/eval.cl\/?s={search_term_string}\"},\"query-input\":{\"@type\":\"PropertyValueSpecification\",\"valueRequired\":true,\"valueName\":\"search_term_string\"}}],\"inLanguage\":\"es\"},{\"@type\":\"Organization\",\"@id\":\"https:\/\/eval.cl\/#organization\",\"name\":\"Eval\",\"url\":\"https:\/\/eval.cl\/\",\"logo\":{\"@type\":\"ImageObject\",\"inLanguage\":\"es\",\"@id\":\"https:\/\/eval.cl\/#\/schema\/logo\/image\/\",\"url\":\"https:\/\/eval.cl\/wp-content\/uploads\/2017\/07\/REDISENO-EVAL-04.webp\",\"contentUrl\":\"https:\/\/eval.cl\/wp-content\/uploads\/2017\/07\/REDISENO-EVAL-04.webp\",\"width\":160,\"height\":83,\"caption\":\"Eval\"},\"image\":{\"@id\":\"https:\/\/eval.cl\/#\/schema\/logo\/image\/\"}}]}<\/script>\n<!-- \/ Yoast SEO plugin. -->","yoast_head_json":{"title":"Frenos - Eval","robots":{"index":"index","follow":"follow","max-snippet":"max-snippet:-1","max-image-preview":"max-image-preview:large","max-video-preview":"max-video-preview:-1"},"canonical":"https:\/\/eval.cl\/index.php\/producto\/frenos\/","og_locale":"es_ES","og_type":"article","og_title":"Frenos - Eval","og_description":"Nuestra amplia gama de productos y servicios incorpora frenos electromagn\u00e9ticos de disco, que son necesarios para llevar a cabo frenados de seguridad, por lo que son ideales para aplicaciones industriales donde se utilizan equipos como puentes gr\u00faa o gr\u00faas p\u00f3rtico que necesitan paradas r\u00e1pidas. Nuestros frenos electromagn\u00e9ticos de disco son una forma de garantizar un...","og_url":"https:\/\/eval.cl\/index.php\/producto\/frenos\/","og_site_name":"Eval","article_modified_time":"2024-12-13T13:47:04+00:00","og_image":[{"width":900,"height":1302,"url":"https:\/\/eval.cl\/wp-content\/uploads\/2024\/12\/68b62085e41e8f225811766f8d5eb2bb_XL.jpg","type":"image\/jpeg"}],"twitter_card":"summary_large_image","twitter_misc":{"Tiempo de lectura":"2 minutos"},"schema":{"@context":"https:\/\/schema.org","@graph":[{"@type":"WebPage","@id":"https:\/\/eval.cl\/index.php\/producto\/frenos\/","url":"https:\/\/eval.cl\/index.php\/producto\/frenos\/","name":"Frenos - Eval","isPartOf":{"@id":"https:\/\/eval.cl\/#website"},"primaryImageOfPage":{"@id":"https:\/\/eval.cl\/index.php\/producto\/frenos\/#primaryimage"},"image":{"@id":"https:\/\/eval.cl\/index.php\/producto\/frenos\/#primaryimage"},"thumbnailUrl":"https:\/\/eval.cl\/wp-content\/uploads\/2024\/12\/68b62085e41e8f225811766f8d5eb2bb_XL.jpg","datePublished":"2024-12-13T13:43:01+00:00","dateModified":"2024-12-13T13:47:04+00:00","breadcrumb":{"@id":"https:\/\/eval.cl\/index.php\/producto\/frenos\/#breadcrumb"},"inLanguage":"es","potentialAction":[{"@type":"ReadAction","target":["https:\/\/eval.cl\/index.php\/producto\/frenos\/"]}]},{"@type":"ImageObject","inLanguage":"es","@id":"https:\/\/eval.cl\/index.php\/producto\/frenos\/#primaryimage","url":"https:\/\/eval.cl\/wp-content\/uploads\/2024\/12\/68b62085e41e8f225811766f8d5eb2bb_XL.jpg","contentUrl":"https:\/\/eval.cl\/wp-content\/uploads\/2024\/12\/68b62085e41e8f225811766f8d5eb2bb_XL.jpg","width":900,"height":1302},{"@type":"BreadcrumbList","@id":"https:\/\/eval.cl\/index.php\/producto\/frenos\/#breadcrumb","itemListElement":[{"@type":"ListItem","position":1,"name":"Portada","item":"https:\/\/eval.cl\/"},{"@type":"ListItem","position":2,"name":"Tienda","item":"https:\/\/eval.cl\/index.php\/tienda\/"},{"@type":"ListItem","position":3,"name":"Frenos"}]},{"@type":"WebSite","@id":"https:\/\/eval.cl\/#website","url":"https:\/\/eval.cl\/","name":"Eval","description":"Puente Gr\u00faa, Gr\u00faa Viajera, Fabricaci\u00f3n de Puente Gr\u00faa, Instalaci\u00f3n de Puente Gr\u00faa, Gr\u00faa Portal, Gr\u00faa P\u00f3rtico con Neum\u00e1ticos, Gr\u00faa Puerto RTG, Repuestos y Accesorios","publisher":{"@id":"https:\/\/eval.cl\/#organization"},"potentialAction":[{"@type":"SearchAction","target":{"@type":"EntryPoint","urlTemplate":"https:\/\/eval.cl\/?s={search_term_string}"},"query-input":{"@type":"PropertyValueSpecification","valueRequired":true,"valueName":"search_term_string"}}],"inLanguage":"es"},{"@type":"Organization","@id":"https:\/\/eval.cl\/#organization","name":"Eval","url":"https:\/\/eval.cl\/","logo":{"@type":"ImageObject","inLanguage":"es","@id":"https:\/\/eval.cl\/#\/schema\/logo\/image\/","url":"https:\/\/eval.cl\/wp-content\/uploads\/2017\/07\/REDISENO-EVAL-04.webp","contentUrl":"https:\/\/eval.cl\/wp-content\/uploads\/2017\/07\/REDISENO-EVAL-04.webp","width":160,"height":83,"caption":"Eval"},"image":{"@id":"https:\/\/eval.cl\/#\/schema\/logo\/image\/"}}]}},"acf":[],"_links":{"self":[{"href":"https:\/\/eval.cl\/index.php\/wp-json\/wp\/v2\/product\/10414","targetHints":{"allow":["GET"]}}],"collection":[{"href":"https:\/\/eval.cl\/index.php\/wp-json\/wp\/v2\/product"}],"about":[{"href":"https:\/\/eval.cl\/index.php\/wp-json\/wp\/v2\/types\/product"}],"wp:featuredmedia":[{"embeddable":true,"href":"https:\/\/eval.cl\/index.php\/wp-json\/wp\/v2\/media\/10415"}],"wp:attachment":[{"href":"https:\/\/eval.cl\/index.php\/wp-json\/wp\/v2\/media?parent=10414"}],"wp:term":[{"taxonomy":"product_cat","embeddable":true,"href":"https:\/\/eval.cl\/index.php\/wp-json\/wp\/v2\/product_cat?post=10414"},{"taxonomy":"product_tag","embeddable":true,"href":"https:\/\/eval.cl\/index.php\/wp-json\/wp\/v2\/product_tag?post=10414"}],"curies":[{"name":"wp","href":"https:\/\/api.w.org\/{rel}","templated":true}]}}