{"id":10418,"date":"2024-12-13T10:50:07","date_gmt":"2024-12-13T13:50:07","guid":{"rendered":"https:\/\/eval.cl\/?post_type=product&#038;p=10418"},"modified":"2024-12-13T10:53:20","modified_gmt":"2024-12-13T13:53:20","slug":"control-remoto-o-botonera-inalambrica","status":"publish","type":"product","link":"https:\/\/eval.cl\/index.php\/producto\/control-remoto-o-botonera-inalambrica\/","title":{"rendered":"Control remoto o Botonera inal\u00e1mbrica"},"content":{"rendered":"<p>El control remoto o botonera inal\u00e1mbrica es un dispositivo que se utiliza para controlar y manipular los equipos de elevaci\u00f3n como puentes gr\u00faa a distancia y sin poner en riesgo al operador. El control remoto o botonera inal\u00e1mbrica es un artefacto importante, no s\u00f3lo porque facilita las operaciones industriales, sino que adem\u00e1s contribuye a garantizar la seguridad de los operarios.<\/p>\n<p>Nuestro control rhttp:\/\/www.elcaradio.com\/emoto o botonera inal\u00e1mbrica cuenta con una variedad de opciones para controlar los equipos en funci\u00f3n de sus requerimientos. Entre las caracter\u00edsticas m\u00e1s destacadas de este artefacto se encuentra un dise\u00f1o ergon\u00f3mico y sencillo que facilita su manipulaci\u00f3n, as\u00ed como tambi\u00e9n destaca su alta resistencia y sus correspondientes certificaciones de seguridad. Nuestro control remoto o botonera inal\u00e1mbrica es una opci\u00f3n completamente segura y sin riesgos para el control de los equipos de elevaci\u00f3n.<\/p>\n<p>Uno de los objetivos m\u00e1s prioritarios de cualquier industria es la seguridad de sus trabajadores. Nuestro control remoto o botonera inal\u00e1mbrica es un dispositivo que contribuye notablemente a la consecuci\u00f3n de ese objetivo, en tanto evita que los operarios tengan que realizar acciones manuales que suponen un alto riesgo. Con nuestro control remoto o botonera inal\u00e1mbrica, se pueden realizar funciones correspondientes a distancia.<\/p>\n","protected":false},"excerpt":{"rendered":"<p>El control remoto o botonera inal\u00e1mbrica es un dispositivo que se utiliza para controlar y manipular los equipos de elevaci\u00f3n como puentes gr\u00faa a distancia y sin poner en riesgo al operador. El control remoto o botonera inal\u00e1mbrica es un artefacto importante, no s\u00f3lo porque facilita las operaciones industriales, sino que adem\u00e1s contribuye a garantizar&#8230;<\/p>\n","protected":false},"featured_media":10419,"template":"","meta":[],"product_cat":[113],"product_tag":[],"class_list":{"0":"post-10418","1":"product","2":"type-product","3":"status-publish","4":"has-post-thumbnail","6":"product_cat-controles-remotos-radiocontroles","8":"first","9":"instock","10":"shipping-taxable","11":"product-type-simple"},"yoast_head":"<!-- This site is optimized with the Yoast SEO plugin v23.8 - https:\/\/yoast.com\/wordpress\/plugins\/seo\/ -->\n<title>Control remoto o Botonera inal\u00e1mbrica - Eval<\/title>\n<meta name=\"robots\" content=\"index, follow, max-snippet:-1, max-image-preview:large, max-video-preview:-1\" \/>\n<link rel=\"canonical\" href=\"https:\/\/eval.cl\/index.php\/producto\/control-remoto-o-botonera-inalambrica\/\" \/>\n<meta property=\"og:locale\" content=\"es_ES\" \/>\n<meta property=\"og:type\" content=\"article\" \/>\n<meta property=\"og:title\" content=\"Control remoto o Botonera inal\u00e1mbrica - Eval\" \/>\n<meta property=\"og:description\" content=\"El control remoto o botonera inal\u00e1mbrica es un dispositivo que se utiliza para controlar y manipular los equipos de elevaci\u00f3n como puentes gr\u00faa a distancia y sin poner en riesgo al operador. El control remoto o botonera inal\u00e1mbrica es un artefacto importante, no s\u00f3lo porque facilita las operaciones industriales, sino que adem\u00e1s contribuye a garantizar...\" \/>\n<meta property=\"og:url\" content=\"https:\/\/eval.cl\/index.php\/producto\/control-remoto-o-botonera-inalambrica\/\" \/>\n<meta property=\"og:site_name\" content=\"Eval\" \/>\n<meta property=\"article:modified_time\" content=\"2024-12-13T13:53:20+00:00\" \/>\n<meta property=\"og:image\" content=\"https:\/\/eval.cl\/wp-content\/uploads\/2024\/12\/245effadf41c6129f4fe7accc564ef86_XL.jpg\" \/>\n\t<meta property=\"og:image:width\" content=\"900\" \/>\n\t<meta property=\"og:image:height\" content=\"715\" \/>\n\t<meta property=\"og:image:type\" content=\"image\/jpeg\" \/>\n<meta name=\"twitter:card\" content=\"summary_large_image\" \/>\n<meta name=\"twitter:label1\" content=\"Tiempo de lectura\" \/>\n\t<meta name=\"twitter:data1\" content=\"2 minutos\" \/>\n<script type=\"application\/ld+json\" class=\"yoast-schema-graph\">{\"@context\":\"https:\/\/schema.org\",\"@graph\":[{\"@type\":\"WebPage\",\"@id\":\"https:\/\/eval.cl\/index.php\/producto\/control-remoto-o-botonera-inalambrica\/\",\"url\":\"https:\/\/eval.cl\/index.php\/producto\/control-remoto-o-botonera-inalambrica\/\",\"name\":\"Control remoto o Botonera inal\u00e1mbrica - Eval\",\"isPartOf\":{\"@id\":\"https:\/\/eval.cl\/#website\"},\"primaryImageOfPage\":{\"@id\":\"https:\/\/eval.cl\/index.php\/producto\/control-remoto-o-botonera-inalambrica\/#primaryimage\"},\"image\":{\"@id\":\"https:\/\/eval.cl\/index.php\/producto\/control-remoto-o-botonera-inalambrica\/#primaryimage\"},\"thumbnailUrl\":\"https:\/\/eval.cl\/wp-content\/uploads\/2024\/12\/245effadf41c6129f4fe7accc564ef86_XL.jpg\",\"datePublished\":\"2024-12-13T13:50:07+00:00\",\"dateModified\":\"2024-12-13T13:53:20+00:00\",\"breadcrumb\":{\"@id\":\"https:\/\/eval.cl\/index.php\/producto\/control-remoto-o-botonera-inalambrica\/#breadcrumb\"},\"inLanguage\":\"es\",\"potentialAction\":[{\"@type\":\"ReadAction\",\"target\":[\"https:\/\/eval.cl\/index.php\/producto\/control-remoto-o-botonera-inalambrica\/\"]}]},{\"@type\":\"ImageObject\",\"inLanguage\":\"es\",\"@id\":\"https:\/\/eval.cl\/index.php\/producto\/control-remoto-o-botonera-inalambrica\/#primaryimage\",\"url\":\"https:\/\/eval.cl\/wp-content\/uploads\/2024\/12\/245effadf41c6129f4fe7accc564ef86_XL.jpg\",\"contentUrl\":\"https:\/\/eval.cl\/wp-content\/uploads\/2024\/12\/245effadf41c6129f4fe7accc564ef86_XL.jpg\",\"width\":900,\"height\":715},{\"@type\":\"BreadcrumbList\",\"@id\":\"https:\/\/eval.cl\/index.php\/producto\/control-remoto-o-botonera-inalambrica\/#breadcrumb\",\"itemListElement\":[{\"@type\":\"ListItem\",\"position\":1,\"name\":\"Portada\",\"item\":\"https:\/\/eval.cl\/\"},{\"@type\":\"ListItem\",\"position\":2,\"name\":\"Tienda\",\"item\":\"https:\/\/eval.cl\/index.php\/tienda\/\"},{\"@type\":\"ListItem\",\"position\":3,\"name\":\"Control remoto o Botonera inal\u00e1mbrica\"}]},{\"@type\":\"WebSite\",\"@id\":\"https:\/\/eval.cl\/#website\",\"url\":\"https:\/\/eval.cl\/\",\"name\":\"Eval\",\"description\":\"Puente Gr\u00faa, Gr\u00faa Viajera, Fabricaci\u00f3n de Puente Gr\u00faa, Instalaci\u00f3n de Puente Gr\u00faa, Gr\u00faa Portal, Gr\u00faa P\u00f3rtico con Neum\u00e1ticos, Gr\u00faa Puerto RTG, Repuestos y Accesorios\",\"publisher\":{\"@id\":\"https:\/\/eval.cl\/#organization\"},\"potentialAction\":[{\"@type\":\"SearchAction\",\"target\":{\"@type\":\"EntryPoint\",\"urlTemplate\":\"https:\/\/eval.cl\/?s={search_term_string}\"},\"query-input\":{\"@type\":\"PropertyValueSpecification\",\"valueRequired\":true,\"valueName\":\"search_term_string\"}}],\"inLanguage\":\"es\"},{\"@type\":\"Organization\",\"@id\":\"https:\/\/eval.cl\/#organization\",\"name\":\"Eval\",\"url\":\"https:\/\/eval.cl\/\",\"logo\":{\"@type\":\"ImageObject\",\"inLanguage\":\"es\",\"@id\":\"https:\/\/eval.cl\/#\/schema\/logo\/image\/\",\"url\":\"https:\/\/eval.cl\/wp-content\/uploads\/2017\/07\/REDISENO-EVAL-04.webp\",\"contentUrl\":\"https:\/\/eval.cl\/wp-content\/uploads\/2017\/07\/REDISENO-EVAL-04.webp\",\"width\":160,\"height\":83,\"caption\":\"Eval\"},\"image\":{\"@id\":\"https:\/\/eval.cl\/#\/schema\/logo\/image\/\"}}]}<\/script>\n<!-- \/ Yoast SEO plugin. -->","yoast_head_json":{"title":"Control remoto o Botonera inal\u00e1mbrica - Eval","robots":{"index":"index","follow":"follow","max-snippet":"max-snippet:-1","max-image-preview":"max-image-preview:large","max-video-preview":"max-video-preview:-1"},"canonical":"https:\/\/eval.cl\/index.php\/producto\/control-remoto-o-botonera-inalambrica\/","og_locale":"es_ES","og_type":"article","og_title":"Control remoto o Botonera inal\u00e1mbrica - Eval","og_description":"El control remoto o botonera inal\u00e1mbrica es un dispositivo que se utiliza para controlar y manipular los equipos de elevaci\u00f3n como puentes gr\u00faa a distancia y sin poner en riesgo al operador. El control remoto o botonera inal\u00e1mbrica es un artefacto importante, no s\u00f3lo porque facilita las operaciones industriales, sino que adem\u00e1s contribuye a garantizar...","og_url":"https:\/\/eval.cl\/index.php\/producto\/control-remoto-o-botonera-inalambrica\/","og_site_name":"Eval","article_modified_time":"2024-12-13T13:53:20+00:00","og_image":[{"width":900,"height":715,"url":"https:\/\/eval.cl\/wp-content\/uploads\/2024\/12\/245effadf41c6129f4fe7accc564ef86_XL.jpg","type":"image\/jpeg"}],"twitter_card":"summary_large_image","twitter_misc":{"Tiempo de lectura":"2 minutos"},"schema":{"@context":"https:\/\/schema.org","@graph":[{"@type":"WebPage","@id":"https:\/\/eval.cl\/index.php\/producto\/control-remoto-o-botonera-inalambrica\/","url":"https:\/\/eval.cl\/index.php\/producto\/control-remoto-o-botonera-inalambrica\/","name":"Control remoto o Botonera inal\u00e1mbrica - Eval","isPartOf":{"@id":"https:\/\/eval.cl\/#website"},"primaryImageOfPage":{"@id":"https:\/\/eval.cl\/index.php\/producto\/control-remoto-o-botonera-inalambrica\/#primaryimage"},"image":{"@id":"https:\/\/eval.cl\/index.php\/producto\/control-remoto-o-botonera-inalambrica\/#primaryimage"},"thumbnailUrl":"https:\/\/eval.cl\/wp-content\/uploads\/2024\/12\/245effadf41c6129f4fe7accc564ef86_XL.jpg","datePublished":"2024-12-13T13:50:07+00:00","dateModified":"2024-12-13T13:53:20+00:00","breadcrumb":{"@id":"https:\/\/eval.cl\/index.php\/producto\/control-remoto-o-botonera-inalambrica\/#breadcrumb"},"inLanguage":"es","potentialAction":[{"@type":"ReadAction","target":["https:\/\/eval.cl\/index.php\/producto\/control-remoto-o-botonera-inalambrica\/"]}]},{"@type":"ImageObject","inLanguage":"es","@id":"https:\/\/eval.cl\/index.php\/producto\/control-remoto-o-botonera-inalambrica\/#primaryimage","url":"https:\/\/eval.cl\/wp-content\/uploads\/2024\/12\/245effadf41c6129f4fe7accc564ef86_XL.jpg","contentUrl":"https:\/\/eval.cl\/wp-content\/uploads\/2024\/12\/245effadf41c6129f4fe7accc564ef86_XL.jpg","width":900,"height":715},{"@type":"BreadcrumbList","@id":"https:\/\/eval.cl\/index.php\/producto\/control-remoto-o-botonera-inalambrica\/#breadcrumb","itemListElement":[{"@type":"ListItem","position":1,"name":"Portada","item":"https:\/\/eval.cl\/"},{"@type":"ListItem","position":2,"name":"Tienda","item":"https:\/\/eval.cl\/index.php\/tienda\/"},{"@type":"ListItem","position":3,"name":"Control remoto o Botonera inal\u00e1mbrica"}]},{"@type":"WebSite","@id":"https:\/\/eval.cl\/#website","url":"https:\/\/eval.cl\/","name":"Eval","description":"Puente Gr\u00faa, Gr\u00faa Viajera, Fabricaci\u00f3n de Puente Gr\u00faa, Instalaci\u00f3n de Puente Gr\u00faa, Gr\u00faa Portal, Gr\u00faa P\u00f3rtico con Neum\u00e1ticos, Gr\u00faa Puerto RTG, Repuestos y Accesorios","publisher":{"@id":"https:\/\/eval.cl\/#organization"},"potentialAction":[{"@type":"SearchAction","target":{"@type":"EntryPoint","urlTemplate":"https:\/\/eval.cl\/?s={search_term_string}"},"query-input":{"@type":"PropertyValueSpecification","valueRequired":true,"valueName":"search_term_string"}}],"inLanguage":"es"},{"@type":"Organization","@id":"https:\/\/eval.cl\/#organization","name":"Eval","url":"https:\/\/eval.cl\/","logo":{"@type":"ImageObject","inLanguage":"es","@id":"https:\/\/eval.cl\/#\/schema\/logo\/image\/","url":"https:\/\/eval.cl\/wp-content\/uploads\/2017\/07\/REDISENO-EVAL-04.webp","contentUrl":"https:\/\/eval.cl\/wp-content\/uploads\/2017\/07\/REDISENO-EVAL-04.webp","width":160,"height":83,"caption":"Eval"},"image":{"@id":"https:\/\/eval.cl\/#\/schema\/logo\/image\/"}}]}},"acf":[],"_links":{"self":[{"href":"https:\/\/eval.cl\/index.php\/wp-json\/wp\/v2\/product\/10418","targetHints":{"allow":["GET"]}}],"collection":[{"href":"https:\/\/eval.cl\/index.php\/wp-json\/wp\/v2\/product"}],"about":[{"href":"https:\/\/eval.cl\/index.php\/wp-json\/wp\/v2\/types\/product"}],"wp:featuredmedia":[{"embeddable":true,"href":"https:\/\/eval.cl\/index.php\/wp-json\/wp\/v2\/media\/10419"}],"wp:attachment":[{"href":"https:\/\/eval.cl\/index.php\/wp-json\/wp\/v2\/media?parent=10418"}],"wp:term":[{"taxonomy":"product_cat","embeddable":true,"href":"https:\/\/eval.cl\/index.php\/wp-json\/wp\/v2\/product_cat?post=10418"},{"taxonomy":"product_tag","embeddable":true,"href":"https:\/\/eval.cl\/index.php\/wp-json\/wp\/v2\/product_tag?post=10418"}],"curies":[{"name":"wp","href":"https:\/\/api.w.org\/{rel}","templated":true}]}}