{"id":9747,"date":"2024-09-11T16:03:07","date_gmt":"2024-09-11T19:03:07","guid":{"rendered":"https:\/\/eval.cl\/?post_type=product&#038;p=9747"},"modified":"2024-09-11T16:11:22","modified_gmt":"2024-09-11T19:11:22","slug":"tel-punto","status":"publish","type":"product","link":"https:\/\/eval.cl\/index.php\/producto\/tel-punto\/","title":{"rendered":"Tel-Punto"},"content":{"rendered":"<p>El cable de control Punto nos permite comandar una maquina a ciarta distancia por medio de una cable de conexion. Se pueden usar en diferentes situaciones: junto con el radio control como prueba auxiliar; en cambio del radio control cuando el uso es limitado; un sistema de respaldo para evitar tiempos muertos en maquinas (kit #radio control+cable de control\u201d con configuracion identica); cuando no es posible o el espacio es muy reducido en la hora del motaje. La salida del cable puede ser por medio de un conector. El cambio de actuadores y paneles de control puede ser personalizable. Bajo pedido se puede suministrar la carcasa M sola.<\/p>\n","protected":false},"excerpt":{"rendered":"<p>El cable de control Punto nos permite comandar una maquina a ciarta distancia por medio de una cable de conexion. Se pueden usar en diferentes situaciones: junto con el radio control como prueba auxiliar; en cambio del radio control cuando el uso es limitado; un sistema de respaldo para evitar tiempos muertos en maquinas (kit&#8230;<\/p>\n","protected":false},"featured_media":9754,"template":"","meta":[],"product_cat":[113],"product_tag":[],"class_list":{"0":"post-9747","1":"product","2":"type-product","3":"status-publish","4":"has-post-thumbnail","6":"product_cat-controles-remotos-radiocontroles","8":"first","9":"instock","10":"shipping-taxable","11":"product-type-simple"},"yoast_head":"<!-- This site is optimized with the Yoast SEO plugin v23.8 - https:\/\/yoast.com\/wordpress\/plugins\/seo\/ -->\n<title>Tel-Punto - Eval<\/title>\n<meta name=\"robots\" content=\"index, follow, max-snippet:-1, max-image-preview:large, max-video-preview:-1\" \/>\n<link rel=\"canonical\" href=\"https:\/\/eval.cl\/index.php\/producto\/tel-punto\/\" \/>\n<meta property=\"og:locale\" content=\"es_ES\" \/>\n<meta property=\"og:type\" content=\"article\" \/>\n<meta property=\"og:title\" content=\"Tel-Punto - Eval\" \/>\n<meta property=\"og:description\" content=\"El cable de control Punto nos permite comandar una maquina a ciarta distancia por medio de una cable de conexion. Se pueden usar en diferentes situaciones: junto con el radio control como prueba auxiliar; en cambio del radio control cuando el uso es limitado; un sistema de respaldo para evitar tiempos muertos en maquinas (kit...\" \/>\n<meta property=\"og:url\" content=\"https:\/\/eval.cl\/index.php\/producto\/tel-punto\/\" \/>\n<meta property=\"og:site_name\" content=\"Eval\" \/>\n<meta property=\"article:modified_time\" content=\"2024-09-11T19:11:22+00:00\" \/>\n<meta property=\"og:image\" content=\"https:\/\/eval.cl\/wp-content\/uploads\/2024\/09\/Tel-Punto1.jpg\" \/>\n\t<meta property=\"og:image:width\" content=\"800\" \/>\n\t<meta property=\"og:image:height\" content=\"600\" \/>\n\t<meta property=\"og:image:type\" content=\"image\/jpeg\" \/>\n<meta name=\"twitter:card\" content=\"summary_large_image\" \/>\n<meta name=\"twitter:label1\" content=\"Tiempo de lectura\" \/>\n\t<meta name=\"twitter:data1\" content=\"1 minuto\" \/>\n<script type=\"application\/ld+json\" class=\"yoast-schema-graph\">{\"@context\":\"https:\/\/schema.org\",\"@graph\":[{\"@type\":\"WebPage\",\"@id\":\"https:\/\/eval.cl\/index.php\/producto\/tel-punto\/\",\"url\":\"https:\/\/eval.cl\/index.php\/producto\/tel-punto\/\",\"name\":\"Tel-Punto - Eval\",\"isPartOf\":{\"@id\":\"https:\/\/eval.cl\/#website\"},\"primaryImageOfPage\":{\"@id\":\"https:\/\/eval.cl\/index.php\/producto\/tel-punto\/#primaryimage\"},\"image\":{\"@id\":\"https:\/\/eval.cl\/index.php\/producto\/tel-punto\/#primaryimage\"},\"thumbnailUrl\":\"https:\/\/eval.cl\/wp-content\/uploads\/2024\/09\/Tel-Punto1.jpg\",\"datePublished\":\"2024-09-11T19:03:07+00:00\",\"dateModified\":\"2024-09-11T19:11:22+00:00\",\"breadcrumb\":{\"@id\":\"https:\/\/eval.cl\/index.php\/producto\/tel-punto\/#breadcrumb\"},\"inLanguage\":\"es\",\"potentialAction\":[{\"@type\":\"ReadAction\",\"target\":[\"https:\/\/eval.cl\/index.php\/producto\/tel-punto\/\"]}]},{\"@type\":\"ImageObject\",\"inLanguage\":\"es\",\"@id\":\"https:\/\/eval.cl\/index.php\/producto\/tel-punto\/#primaryimage\",\"url\":\"https:\/\/eval.cl\/wp-content\/uploads\/2024\/09\/Tel-Punto1.jpg\",\"contentUrl\":\"https:\/\/eval.cl\/wp-content\/uploads\/2024\/09\/Tel-Punto1.jpg\",\"width\":800,\"height\":600},{\"@type\":\"BreadcrumbList\",\"@id\":\"https:\/\/eval.cl\/index.php\/producto\/tel-punto\/#breadcrumb\",\"itemListElement\":[{\"@type\":\"ListItem\",\"position\":1,\"name\":\"Portada\",\"item\":\"https:\/\/eval.cl\/\"},{\"@type\":\"ListItem\",\"position\":2,\"name\":\"Tienda\",\"item\":\"https:\/\/eval.cl\/index.php\/tienda\/\"},{\"@type\":\"ListItem\",\"position\":3,\"name\":\"Tel-Punto\"}]},{\"@type\":\"WebSite\",\"@id\":\"https:\/\/eval.cl\/#website\",\"url\":\"https:\/\/eval.cl\/\",\"name\":\"Eval\",\"description\":\"Puente Gr\u00faa, Gr\u00faa Viajera, Fabricaci\u00f3n de Puente Gr\u00faa, Instalaci\u00f3n de Puente Gr\u00faa, Gr\u00faa Portal, Gr\u00faa P\u00f3rtico con Neum\u00e1ticos, Gr\u00faa Puerto RTG, Repuestos y Accesorios\",\"publisher\":{\"@id\":\"https:\/\/eval.cl\/#organization\"},\"potentialAction\":[{\"@type\":\"SearchAction\",\"target\":{\"@type\":\"EntryPoint\",\"urlTemplate\":\"https:\/\/eval.cl\/?s={search_term_string}\"},\"query-input\":{\"@type\":\"PropertyValueSpecification\",\"valueRequired\":true,\"valueName\":\"search_term_string\"}}],\"inLanguage\":\"es\"},{\"@type\":\"Organization\",\"@id\":\"https:\/\/eval.cl\/#organization\",\"name\":\"Eval\",\"url\":\"https:\/\/eval.cl\/\",\"logo\":{\"@type\":\"ImageObject\",\"inLanguage\":\"es\",\"@id\":\"https:\/\/eval.cl\/#\/schema\/logo\/image\/\",\"url\":\"https:\/\/eval.cl\/wp-content\/uploads\/2017\/07\/REDISENO-EVAL-04.webp\",\"contentUrl\":\"https:\/\/eval.cl\/wp-content\/uploads\/2017\/07\/REDISENO-EVAL-04.webp\",\"width\":160,\"height\":83,\"caption\":\"Eval\"},\"image\":{\"@id\":\"https:\/\/eval.cl\/#\/schema\/logo\/image\/\"}}]}<\/script>\n<!-- \/ Yoast SEO plugin. -->","yoast_head_json":{"title":"Tel-Punto - Eval","robots":{"index":"index","follow":"follow","max-snippet":"max-snippet:-1","max-image-preview":"max-image-preview:large","max-video-preview":"max-video-preview:-1"},"canonical":"https:\/\/eval.cl\/index.php\/producto\/tel-punto\/","og_locale":"es_ES","og_type":"article","og_title":"Tel-Punto - Eval","og_description":"El cable de control Punto nos permite comandar una maquina a ciarta distancia por medio de una cable de conexion. Se pueden usar en diferentes situaciones: junto con el radio control como prueba auxiliar; en cambio del radio control cuando el uso es limitado; un sistema de respaldo para evitar tiempos muertos en maquinas (kit...","og_url":"https:\/\/eval.cl\/index.php\/producto\/tel-punto\/","og_site_name":"Eval","article_modified_time":"2024-09-11T19:11:22+00:00","og_image":[{"width":800,"height":600,"url":"https:\/\/eval.cl\/wp-content\/uploads\/2024\/09\/Tel-Punto1.jpg","type":"image\/jpeg"}],"twitter_card":"summary_large_image","twitter_misc":{"Tiempo de lectura":"1 minuto"},"schema":{"@context":"https:\/\/schema.org","@graph":[{"@type":"WebPage","@id":"https:\/\/eval.cl\/index.php\/producto\/tel-punto\/","url":"https:\/\/eval.cl\/index.php\/producto\/tel-punto\/","name":"Tel-Punto - Eval","isPartOf":{"@id":"https:\/\/eval.cl\/#website"},"primaryImageOfPage":{"@id":"https:\/\/eval.cl\/index.php\/producto\/tel-punto\/#primaryimage"},"image":{"@id":"https:\/\/eval.cl\/index.php\/producto\/tel-punto\/#primaryimage"},"thumbnailUrl":"https:\/\/eval.cl\/wp-content\/uploads\/2024\/09\/Tel-Punto1.jpg","datePublished":"2024-09-11T19:03:07+00:00","dateModified":"2024-09-11T19:11:22+00:00","breadcrumb":{"@id":"https:\/\/eval.cl\/index.php\/producto\/tel-punto\/#breadcrumb"},"inLanguage":"es","potentialAction":[{"@type":"ReadAction","target":["https:\/\/eval.cl\/index.php\/producto\/tel-punto\/"]}]},{"@type":"ImageObject","inLanguage":"es","@id":"https:\/\/eval.cl\/index.php\/producto\/tel-punto\/#primaryimage","url":"https:\/\/eval.cl\/wp-content\/uploads\/2024\/09\/Tel-Punto1.jpg","contentUrl":"https:\/\/eval.cl\/wp-content\/uploads\/2024\/09\/Tel-Punto1.jpg","width":800,"height":600},{"@type":"BreadcrumbList","@id":"https:\/\/eval.cl\/index.php\/producto\/tel-punto\/#breadcrumb","itemListElement":[{"@type":"ListItem","position":1,"name":"Portada","item":"https:\/\/eval.cl\/"},{"@type":"ListItem","position":2,"name":"Tienda","item":"https:\/\/eval.cl\/index.php\/tienda\/"},{"@type":"ListItem","position":3,"name":"Tel-Punto"}]},{"@type":"WebSite","@id":"https:\/\/eval.cl\/#website","url":"https:\/\/eval.cl\/","name":"Eval","description":"Puente Gr\u00faa, Gr\u00faa Viajera, Fabricaci\u00f3n de Puente Gr\u00faa, Instalaci\u00f3n de Puente Gr\u00faa, Gr\u00faa Portal, Gr\u00faa P\u00f3rtico con Neum\u00e1ticos, Gr\u00faa Puerto RTG, Repuestos y Accesorios","publisher":{"@id":"https:\/\/eval.cl\/#organization"},"potentialAction":[{"@type":"SearchAction","target":{"@type":"EntryPoint","urlTemplate":"https:\/\/eval.cl\/?s={search_term_string}"},"query-input":{"@type":"PropertyValueSpecification","valueRequired":true,"valueName":"search_term_string"}}],"inLanguage":"es"},{"@type":"Organization","@id":"https:\/\/eval.cl\/#organization","name":"Eval","url":"https:\/\/eval.cl\/","logo":{"@type":"ImageObject","inLanguage":"es","@id":"https:\/\/eval.cl\/#\/schema\/logo\/image\/","url":"https:\/\/eval.cl\/wp-content\/uploads\/2017\/07\/REDISENO-EVAL-04.webp","contentUrl":"https:\/\/eval.cl\/wp-content\/uploads\/2017\/07\/REDISENO-EVAL-04.webp","width":160,"height":83,"caption":"Eval"},"image":{"@id":"https:\/\/eval.cl\/#\/schema\/logo\/image\/"}}]}},"acf":[],"_links":{"self":[{"href":"https:\/\/eval.cl\/index.php\/wp-json\/wp\/v2\/product\/9747","targetHints":{"allow":["GET"]}}],"collection":[{"href":"https:\/\/eval.cl\/index.php\/wp-json\/wp\/v2\/product"}],"about":[{"href":"https:\/\/eval.cl\/index.php\/wp-json\/wp\/v2\/types\/product"}],"wp:featuredmedia":[{"embeddable":true,"href":"https:\/\/eval.cl\/index.php\/wp-json\/wp\/v2\/media\/9754"}],"wp:attachment":[{"href":"https:\/\/eval.cl\/index.php\/wp-json\/wp\/v2\/media?parent=9747"}],"wp:term":[{"taxonomy":"product_cat","embeddable":true,"href":"https:\/\/eval.cl\/index.php\/wp-json\/wp\/v2\/product_cat?post=9747"},{"taxonomy":"product_tag","embeddable":true,"href":"https:\/\/eval.cl\/index.php\/wp-json\/wp\/v2\/product_tag?post=9747"}],"curies":[{"name":"wp","href":"https:\/\/api.w.org\/{rel}","templated":true}]}}