{"id":9984,"date":"2024-09-16T10:45:59","date_gmt":"2024-09-16T13:45:59","guid":{"rendered":"https:\/\/eval.cl\/?post_type=product&#038;p=9984"},"modified":"2024-09-16T10:46:00","modified_gmt":"2024-09-16T13:46:00","slug":"monorriel-eval-5ton","status":"publish","type":"product","link":"https:\/\/eval.cl\/index.php\/producto\/monorriel-eval-5ton\/","title":{"rendered":"Monorriel EVAL 5ton"},"content":{"rendered":"","protected":false},"excerpt":{"rendered":"","protected":false},"featured_media":9985,"template":"","meta":[],"product_cat":[116],"product_tag":[],"class_list":{"0":"post-9984","1":"product","2":"type-product","3":"status-publish","4":"has-post-thumbnail","6":"product_cat-grua-portal-o-portico","8":"first","9":"instock","10":"shipping-taxable","11":"product-type-simple"},"yoast_head":"<!-- This site is optimized with the Yoast SEO plugin v23.8 - https:\/\/yoast.com\/wordpress\/plugins\/seo\/ -->\n<title>Monorriel EVAL 5ton - Eval<\/title>\n<meta name=\"robots\" content=\"index, follow, max-snippet:-1, max-image-preview:large, max-video-preview:-1\" \/>\n<link rel=\"canonical\" href=\"https:\/\/eval.cl\/index.php\/producto\/monorriel-eval-5ton\/\" \/>\n<meta property=\"og:locale\" content=\"es_ES\" \/>\n<meta property=\"og:type\" content=\"article\" \/>\n<meta property=\"og:title\" content=\"Monorriel EVAL 5ton - Eval\" \/>\n<meta property=\"og:url\" content=\"https:\/\/eval.cl\/index.php\/producto\/monorriel-eval-5ton\/\" \/>\n<meta property=\"og:site_name\" content=\"Eval\" \/>\n<meta property=\"article:modified_time\" content=\"2024-09-16T13:46:00+00:00\" \/>\n<meta property=\"og:image\" content=\"https:\/\/eval.cl\/wp-content\/uploads\/2024\/09\/Monorriel-EVAL-5ton.jpg\" \/>\n\t<meta property=\"og:image:width\" content=\"1350\" \/>\n\t<meta property=\"og:image:height\" content=\"759\" \/>\n\t<meta property=\"og:image:type\" content=\"image\/jpeg\" \/>\n<meta name=\"twitter:card\" content=\"summary_large_image\" \/>\n<script type=\"application\/ld+json\" class=\"yoast-schema-graph\">{\"@context\":\"https:\/\/schema.org\",\"@graph\":[{\"@type\":\"WebPage\",\"@id\":\"https:\/\/eval.cl\/index.php\/producto\/monorriel-eval-5ton\/\",\"url\":\"https:\/\/eval.cl\/index.php\/producto\/monorriel-eval-5ton\/\",\"name\":\"Monorriel EVAL 5ton - Eval\",\"isPartOf\":{\"@id\":\"https:\/\/eval.cl\/#website\"},\"primaryImageOfPage\":{\"@id\":\"https:\/\/eval.cl\/index.php\/producto\/monorriel-eval-5ton\/#primaryimage\"},\"image\":{\"@id\":\"https:\/\/eval.cl\/index.php\/producto\/monorriel-eval-5ton\/#primaryimage\"},\"thumbnailUrl\":\"https:\/\/eval.cl\/wp-content\/uploads\/2024\/09\/Monorriel-EVAL-5ton.jpg\",\"datePublished\":\"2024-09-16T13:45:59+00:00\",\"dateModified\":\"2024-09-16T13:46:00+00:00\",\"breadcrumb\":{\"@id\":\"https:\/\/eval.cl\/index.php\/producto\/monorriel-eval-5ton\/#breadcrumb\"},\"inLanguage\":\"es\",\"potentialAction\":[{\"@type\":\"ReadAction\",\"target\":[\"https:\/\/eval.cl\/index.php\/producto\/monorriel-eval-5ton\/\"]}]},{\"@type\":\"ImageObject\",\"inLanguage\":\"es\",\"@id\":\"https:\/\/eval.cl\/index.php\/producto\/monorriel-eval-5ton\/#primaryimage\",\"url\":\"https:\/\/eval.cl\/wp-content\/uploads\/2024\/09\/Monorriel-EVAL-5ton.jpg\",\"contentUrl\":\"https:\/\/eval.cl\/wp-content\/uploads\/2024\/09\/Monorriel-EVAL-5ton.jpg\",\"width\":1350,\"height\":759,\"caption\":\"Monorriel EVAL 5ton, Santiago\"},{\"@type\":\"BreadcrumbList\",\"@id\":\"https:\/\/eval.cl\/index.php\/producto\/monorriel-eval-5ton\/#breadcrumb\",\"itemListElement\":[{\"@type\":\"ListItem\",\"position\":1,\"name\":\"Portada\",\"item\":\"https:\/\/eval.cl\/\"},{\"@type\":\"ListItem\",\"position\":2,\"name\":\"Tienda\",\"item\":\"https:\/\/eval.cl\/index.php\/tienda\/\"},{\"@type\":\"ListItem\",\"position\":3,\"name\":\"Monorriel EVAL 5ton\"}]},{\"@type\":\"WebSite\",\"@id\":\"https:\/\/eval.cl\/#website\",\"url\":\"https:\/\/eval.cl\/\",\"name\":\"Eval\",\"description\":\"Puente Gr\u00faa, Gr\u00faa Viajera, Fabricaci\u00f3n de Puente Gr\u00faa, Instalaci\u00f3n de Puente Gr\u00faa, Gr\u00faa Portal, Gr\u00faa P\u00f3rtico con Neum\u00e1ticos, Gr\u00faa Puerto RTG, Repuestos y Accesorios\",\"publisher\":{\"@id\":\"https:\/\/eval.cl\/#organization\"},\"potentialAction\":[{\"@type\":\"SearchAction\",\"target\":{\"@type\":\"EntryPoint\",\"urlTemplate\":\"https:\/\/eval.cl\/?s={search_term_string}\"},\"query-input\":{\"@type\":\"PropertyValueSpecification\",\"valueRequired\":true,\"valueName\":\"search_term_string\"}}],\"inLanguage\":\"es\"},{\"@type\":\"Organization\",\"@id\":\"https:\/\/eval.cl\/#organization\",\"name\":\"Eval\",\"url\":\"https:\/\/eval.cl\/\",\"logo\":{\"@type\":\"ImageObject\",\"inLanguage\":\"es\",\"@id\":\"https:\/\/eval.cl\/#\/schema\/logo\/image\/\",\"url\":\"https:\/\/eval.cl\/wp-content\/uploads\/2017\/07\/REDISENO-EVAL-04.webp\",\"contentUrl\":\"https:\/\/eval.cl\/wp-content\/uploads\/2017\/07\/REDISENO-EVAL-04.webp\",\"width\":160,\"height\":83,\"caption\":\"Eval\"},\"image\":{\"@id\":\"https:\/\/eval.cl\/#\/schema\/logo\/image\/\"}}]}<\/script>\n<!-- \/ Yoast SEO plugin. -->","yoast_head_json":{"title":"Monorriel EVAL 5ton - Eval","robots":{"index":"index","follow":"follow","max-snippet":"max-snippet:-1","max-image-preview":"max-image-preview:large","max-video-preview":"max-video-preview:-1"},"canonical":"https:\/\/eval.cl\/index.php\/producto\/monorriel-eval-5ton\/","og_locale":"es_ES","og_type":"article","og_title":"Monorriel EVAL 5ton - Eval","og_url":"https:\/\/eval.cl\/index.php\/producto\/monorriel-eval-5ton\/","og_site_name":"Eval","article_modified_time":"2024-09-16T13:46:00+00:00","og_image":[{"width":1350,"height":759,"url":"https:\/\/eval.cl\/wp-content\/uploads\/2024\/09\/Monorriel-EVAL-5ton.jpg","type":"image\/jpeg"}],"twitter_card":"summary_large_image","schema":{"@context":"https:\/\/schema.org","@graph":[{"@type":"WebPage","@id":"https:\/\/eval.cl\/index.php\/producto\/monorriel-eval-5ton\/","url":"https:\/\/eval.cl\/index.php\/producto\/monorriel-eval-5ton\/","name":"Monorriel EVAL 5ton - Eval","isPartOf":{"@id":"https:\/\/eval.cl\/#website"},"primaryImageOfPage":{"@id":"https:\/\/eval.cl\/index.php\/producto\/monorriel-eval-5ton\/#primaryimage"},"image":{"@id":"https:\/\/eval.cl\/index.php\/producto\/monorriel-eval-5ton\/#primaryimage"},"thumbnailUrl":"https:\/\/eval.cl\/wp-content\/uploads\/2024\/09\/Monorriel-EVAL-5ton.jpg","datePublished":"2024-09-16T13:45:59+00:00","dateModified":"2024-09-16T13:46:00+00:00","breadcrumb":{"@id":"https:\/\/eval.cl\/index.php\/producto\/monorriel-eval-5ton\/#breadcrumb"},"inLanguage":"es","potentialAction":[{"@type":"ReadAction","target":["https:\/\/eval.cl\/index.php\/producto\/monorriel-eval-5ton\/"]}]},{"@type":"ImageObject","inLanguage":"es","@id":"https:\/\/eval.cl\/index.php\/producto\/monorriel-eval-5ton\/#primaryimage","url":"https:\/\/eval.cl\/wp-content\/uploads\/2024\/09\/Monorriel-EVAL-5ton.jpg","contentUrl":"https:\/\/eval.cl\/wp-content\/uploads\/2024\/09\/Monorriel-EVAL-5ton.jpg","width":1350,"height":759,"caption":"Monorriel EVAL 5ton, Santiago"},{"@type":"BreadcrumbList","@id":"https:\/\/eval.cl\/index.php\/producto\/monorriel-eval-5ton\/#breadcrumb","itemListElement":[{"@type":"ListItem","position":1,"name":"Portada","item":"https:\/\/eval.cl\/"},{"@type":"ListItem","position":2,"name":"Tienda","item":"https:\/\/eval.cl\/index.php\/tienda\/"},{"@type":"ListItem","position":3,"name":"Monorriel EVAL 5ton"}]},{"@type":"WebSite","@id":"https:\/\/eval.cl\/#website","url":"https:\/\/eval.cl\/","name":"Eval","description":"Puente Gr\u00faa, Gr\u00faa Viajera, Fabricaci\u00f3n de Puente Gr\u00faa, Instalaci\u00f3n de Puente Gr\u00faa, Gr\u00faa Portal, Gr\u00faa P\u00f3rtico con Neum\u00e1ticos, Gr\u00faa Puerto RTG, Repuestos y Accesorios","publisher":{"@id":"https:\/\/eval.cl\/#organization"},"potentialAction":[{"@type":"SearchAction","target":{"@type":"EntryPoint","urlTemplate":"https:\/\/eval.cl\/?s={search_term_string}"},"query-input":{"@type":"PropertyValueSpecification","valueRequired":true,"valueName":"search_term_string"}}],"inLanguage":"es"},{"@type":"Organization","@id":"https:\/\/eval.cl\/#organization","name":"Eval","url":"https:\/\/eval.cl\/","logo":{"@type":"ImageObject","inLanguage":"es","@id":"https:\/\/eval.cl\/#\/schema\/logo\/image\/","url":"https:\/\/eval.cl\/wp-content\/uploads\/2017\/07\/REDISENO-EVAL-04.webp","contentUrl":"https:\/\/eval.cl\/wp-content\/uploads\/2017\/07\/REDISENO-EVAL-04.webp","width":160,"height":83,"caption":"Eval"},"image":{"@id":"https:\/\/eval.cl\/#\/schema\/logo\/image\/"}}]}},"acf":[],"_links":{"self":[{"href":"https:\/\/eval.cl\/index.php\/wp-json\/wp\/v2\/product\/9984","targetHints":{"allow":["GET"]}}],"collection":[{"href":"https:\/\/eval.cl\/index.php\/wp-json\/wp\/v2\/product"}],"about":[{"href":"https:\/\/eval.cl\/index.php\/wp-json\/wp\/v2\/types\/product"}],"wp:featuredmedia":[{"embeddable":true,"href":"https:\/\/eval.cl\/index.php\/wp-json\/wp\/v2\/media\/9985"}],"wp:attachment":[{"href":"https:\/\/eval.cl\/index.php\/wp-json\/wp\/v2\/media?parent=9984"}],"wp:term":[{"taxonomy":"product_cat","embeddable":true,"href":"https:\/\/eval.cl\/index.php\/wp-json\/wp\/v2\/product_cat?post=9984"},{"taxonomy":"product_tag","embeddable":true,"href":"https:\/\/eval.cl\/index.php\/wp-json\/wp\/v2\/product_tag?post=9984"}],"curies":[{"name":"wp","href":"https:\/\/api.w.org\/{rel}","templated":true}]}}